{"id":77214,"date":"2025-08-30T16:10:17","date_gmt":"2025-08-30T16:10:17","guid":{"rendered":"https:\/\/www.sellheads.com\/?page_id=77214"},"modified":"2025-09-01T21:57:07","modified_gmt":"2025-09-01T21:57:07","slug":"supplier-audits-company-inspections","status":"publish","type":"page","link":"https:\/\/www.sellheads.com\/de\/supplier-audits-company-inspections\/","title":{"rendered":"Lieferantenaudits und Unternehmensinspektionen"},"content":{"rendered":"<div class=\"wpb-content-wrapper\"><section id=\"ut-section-69e47c9e695a1\" data-section-title=\"First Section \/ Work\" data-vc-full-width=\"true\" data-vc-full-width-init=\"false\" data-cursor-skin=\"global\" class=\"vc_section ut-vc-160 vc_section-has-no-fill ut-section-69e47c9e695ba ut-section-with-linking\"><a id=\"section-work\" data-id=\"section-work\" class=\"ut-vc-offset-anchor-top\" name=\"section-work\">Work<\/a><div id=\"ut-row-69e47c9e6a195\" data-vc-full-width=\"true\" data-vc-full-width-init=\"false\" class=\"vc_row wpb_row vc_row-fluid vc_column-gap-0 ut-row-69e47c9e6a1ad\" ><div class=\"wpb_column vc_column_container vc_col-sm-12 vc_col-lg-12\" ><div id=\"ut_inner_column_69e47c9e6af29\" class=\"vc_column-inner\" ><div class=\"wpb_wrapper\"><div class=\"wpb_content_element\"><style type=\"text\/css\"><\/style><header id=\"ut_header_69e47c9e6b702\" class=\"section-header  ut-no-title-linebreak-mobile ut-no-lead-linebreak-mobile pt-style-2 header-center header-tablet-center header-mobile-center element-with-custom-line-height\"><div class=\"element-with-custom-line-height\" ><h2 data-title=\"Factory Audit &amp; Company Inspection\"  data-responsive-font=\"section_title\" class=\"section-title\"><span>Fabrikaudit &amp; Firmeninspektion<\/span><\/h2><\/div><div data-delay=\"0\" class=\"lead\"><p>Sichern Sie Ihre Lieferantenqualit\u00e4t mit professionellen Fabrikaudits und Firmeninspektionen in der T\u00fcrkei.<br \/>\nMehr Transparenz \u2013 weniger Risiko in Ihrer Lieferkette.<\/p>\n<p>Mit SELLHEADS pr\u00fcfen Sie die Qualit\u00e4t und Leistungsf\u00e4higkeit Ihrer Lieferanten direkt vor Ort. Unsere Audits und Inspektionen bewerten Produktionsprozesse, Infrastruktur und Qualit\u00e4tsstandards Ihrer Gesch\u00e4ftspartner. So minimieren Sie Risiken, vermeiden Produktionsausf\u00e4lle und sichern eine stabile Lieferkette.<\/p>\n<p>Ein Vorteil f\u00fcr Sie: Sie kommunizieren mit uns in Ihrer Muttersprache und \u00fcbermitteln Ihre Anforderungen klar und direkt \u2013 wir \u00fcbernehmen die gesamte Abstimmung mit den Lieferanten vor Ort.<\/p>\n<\/div><\/header><\/div><\/div><\/div><\/div><\/div><div class=\"vc_row-full-width vc_clearfix\"><\/div><a data-id=\"section-work\" class=\"ut-vc-offset-anchor-bottom\" name=\"section-work\">Work<\/a><\/section><div class=\"vc_row-full-width vc_clearfix\"><\/div><section id=\"ut-section-69e47c9e713b9\" data-section-title=\"Service Section\" data-vc-full-width=\"true\" data-vc-full-width-init=\"false\" data-cursor-skin=\"global\" class=\"vc_section ut-vc-160 vc_section-has-no-fill ut-section-69e47c9e713d0 ut-section-with-linking\"><a id=\"section-services\" data-id=\"section-services\" class=\"ut-vc-offset-anchor-top\" name=\"section-services\">Dienstleistungen<\/a><div id=\"ut-row-69e47c9e71f84\" data-vc-full-width=\"true\" data-vc-full-width-init=\"false\" class=\"vc_row wpb_row vc_row-fluid vc_column-gap-0 ut-row-69e47c9e71f9f\" ><div class=\"wpb_column vc_column_container vc_col-sm-12 vc_col-lg-12\" ><div id=\"ut_inner_column_69e47c9e7291c\" class=\"vc_column-inner\" ><div class=\"wpb_wrapper\"><div class=\"wpb_content_element\"><style type=\"text\/css\"><\/style><header id=\"ut_header_69e47c9e72f5e\" class=\"section-header  ut-no-title-linebreak-mobile ut-no-lead-linebreak-mobile pt-style-2 header-center header-tablet-center header-mobile-center element-with-custom-line-height\"><div class=\"element-with-custom-line-height\" ><h2 data-title=\"Our Services for Maximum Transparency &amp; Quality Assurance\"  data-responsive-font=\"section_title\" class=\"section-title\"><span>Unsere Leistungen f\u00fcr maximale Transparenz und Qualit\u00e4tssicherung<\/span><\/h2><\/div><\/header><\/div><\/div><\/div><\/div><\/div><div class=\"vc_row-full-width vc_clearfix\"><\/div><div id=\"ut-row-69e47c9e74134\" data-vc-full-width=\"true\" data-vc-full-width-init=\"false\" class=\"vc_row wpb_row vc_row-fluid vc_column-gap-0 ut-row-69e47c9e74152\" ><div class=\"wpb_column vc_column_container vc_col-sm-6\" ><div id=\"ut_inner_column_69e47c9e74a44\" class=\"vc_column-inner\" ><div class=\"wpb_wrapper\"><div class=\"wpb_content_element\"><style type=\"text\/css\">#ut_sc_69e47c9e74d49 .ut-service-column a.ut-service-column-link { font-size: 12px; }#ut-svg-69e47c9e74d4a { display:none; }#ut-svg-69e47c9e74d4a.ut-svg-loaded { display:block; }#ut-svg-69e47c9e74d4a path { stroke:rgba(25, 181, 254, 1); }<\/style><div id=\"ut_sc_69e47c9e74d49\" data-effect=\"fadeInUp\" data-animateonce=\"yes\" data-delay=\"0\" class=\"ut-horizontal-style ut-horizontal-style-align-left  clearfix  ut-animate-element animated ut-no-animation-tablet ut-no-animation-mobile\" ><figure class=\"ut-service-icon  ut-service-icon-normal ut-service-icon-large ut-service-icon-with-svg\">\t\t\t\r\n\t\t\t<style type=\"text\/css\">\r\n\t\t\t\t\r\n\t\t\t\t\t\t\t\t\r\n\t\t\t\t\t#ut-svg-69e47c9e74db6 { display:none; }\r\n\t\t\t\t\t#ut-svg-69e47c9e74db6.ut-svg-loaded { display:block; }\r\n\t\t\t\t\r\n\t\t\t\t\r\n\t\t\t\t#ut-svg-69e47c9e74db6 path { stroke: rgba(25, 181, 254, 1); }\r\n\t\t\t\t#ut-svg-69e47c9e74db6 line { stroke: rgba(25, 181, 254, 1); }\r\n\t\t\t\t#ut-svg-69e47c9e74db6 circle { stroke: rgba(25, 181, 254, 1); }\r\n\t\t\t\t#ut-svg-69e47c9e74db6 rect { stroke: rgba(25, 181, 254, 1); }\r\n\t\t\t\t#ut-svg-69e47c9e74db6 ellipse { stroke: rgba(25, 181, 254, 1); }\r\n\t\t\t\t#ut-svg-69e47c9e74db6 polyline { stroke: rgba(25, 181, 254, 1); }\r\n\t\t\t\t#ut-svg-69e47c9e74db6 polygon { stroke: rgba(25, 181, 254, 1); }\r\n\t\t\t\t\r\n\t\t\t\t#ut-svg-69e47c9e74db6 [data-name=\"layer1\"] { stroke: rgba(25, 181, 254, 1); }\r\n\t\t\t\t#ut-svg-69e47c9e74db6 [data-name=\"layer1\"] path { stroke: rgba(25, 181, 254, 1); }\r\n\t\t\t\t\r\n\t\t\t\t\t\t\t\t\t\t\t\t\r\n\t\t\t\t\t\t\t\t\r\n\r\n\t\t\t<\/style>\r\n\t\t\r\n\t\t\r\n\r\n<svg version=\"1.1\" class=\"ut-vivus-draw\" data-settings=\"{&quot;draw_svg_icons&quot;:&quot;yes&quot;,&quot;draw_svg_type&quot;:&quot;oneByOne&quot;,&quot;draw_svg_delay&quot;:333.3333333333333,&quot;draw_svg_duration&quot;:&quot;150&quot;}\" id=\"ut-svg-69e47c9e74db6\" xmlns=\"http:\/\/www.w3.org\/2000\/svg\" xmlns:xlink=\"http:\/\/www.w3.org\/1999\/xlink\" x=\"0px\" y=\"0px\"\r\n\t width=\"64px\" height=\"64px\" viewbox=\"0 0 64 64\" enable-background=\"new 0 0 64 64\" xml:space=\"preserve\">\r\n<g>\r\n\t<polygon fill=\"none\" stroke=\"#000000\" stroke-width=\"2\" stroke-miterlimit=\"10\" points=\"32,1 26,1 26,10 20,12 14,6 6,14 12,20 \t\t10,26 1,26 1,38 10,38 12,44 6,50 14,58 20,52 26,54 26,63 32,63 38,63 38,54 44,52 50,58 58,50 52,44 54,38 63,38 63,26 54,26 \t\t52,20 58,14 50,6 44,12 38,10 38,1 \t\"\/>\r\n\t<circle fill=\"none\" stroke=\"#000000\" stroke-width=\"2\" stroke-miterlimit=\"10\" cx=\"32\" cy=\"32\" r=\"6\"\/>\r\n<\/g>\r\n<\/svg>\r\n<\/figure><div class=\"ut-service-column ut-service-column-horiz\"><h3 data-responsive-font=\"h3\">Lieferantenaudit &amp; Produktionsbewertung<\/h3><p class=\"element-with-custom-line-height\" data-responsive-font=\"p\">Wir pr\u00fcfen Produktionsst\u00e4tten, Prozesse, Maschinen und Kapazit\u00e4ten. Wartungspl\u00e4ne und Instandhaltung werden analysiert, um langfristige Stabilit\u00e4t der Lieferkette sicherzustellen.<\/p><\/div><\/div><\/div><\/div><\/div><\/div><div class=\"wpb_column vc_column_container vc_col-sm-6\" ><div id=\"ut_inner_column_69e47c9e75487\" class=\"vc_column-inner\" ><div class=\"wpb_wrapper\"><div class=\"wpb_content_element\"><style type=\"text\/css\">#ut_sc_69e47c9e756fd .ut-service-column a.ut-service-column-link { font-size: 12px; }#ut-svg-69e47c9e756fe { display:none; }#ut-svg-69e47c9e756fe.ut-svg-loaded { display:block; }#ut-svg-69e47c9e756fe path { stroke:rgba(25, 181, 254, 1); }<\/style><div id=\"ut_sc_69e47c9e756fd\" data-effect=\"fadeInUp\" data-animateonce=\"yes\" data-delay=\"200\" class=\"ut-horizontal-style ut-horizontal-style-align-left  clearfix  ut-animate-element animated ut-no-animation-tablet ut-no-animation-mobile\" ><figure class=\"ut-service-icon  ut-service-icon-normal ut-service-icon-large ut-service-icon-with-svg\">\t\t\t\r\n\t\t\t<style type=\"text\/css\">\r\n\t\t\t\t\r\n\t\t\t\t\t\t\t\t\r\n\t\t\t\t\t#ut-svg-69e47c9e75739 { display:none; }\r\n\t\t\t\t\t#ut-svg-69e47c9e75739.ut-svg-loaded { display:block; }\r\n\t\t\t\t\r\n\t\t\t\t\r\n\t\t\t\t#ut-svg-69e47c9e75739 path { stroke: rgba(25, 181, 254, 1); }\r\n\t\t\t\t#ut-svg-69e47c9e75739 line { stroke: rgba(25, 181, 254, 1); }\r\n\t\t\t\t#ut-svg-69e47c9e75739 circle { stroke: rgba(25, 181, 254, 1); }\r\n\t\t\t\t#ut-svg-69e47c9e75739 rect { stroke: rgba(25, 181, 254, 1); }\r\n\t\t\t\t#ut-svg-69e47c9e75739 ellipse { stroke: rgba(25, 181, 254, 1); }\r\n\t\t\t\t#ut-svg-69e47c9e75739 polyline { stroke: rgba(25, 181, 254, 1); }\r\n\t\t\t\t#ut-svg-69e47c9e75739 polygon { stroke: rgba(25, 181, 254, 1); }\r\n\t\t\t\t\r\n\t\t\t\t#ut-svg-69e47c9e75739 [data-name=\"layer1\"] { stroke: rgba(25, 181, 254, 1); }\r\n\t\t\t\t#ut-svg-69e47c9e75739 [data-name=\"layer1\"] path { stroke: rgba(25, 181, 254, 1); }\r\n\t\t\t\t\r\n\t\t\t\t\t\t\t\t\t\t\t\t\r\n\t\t\t\t\t\t\t\t\r\n\r\n\t\t\t<\/style>\r\n\t\t\r\n\t\t\r\n\r\n<svg version=\"1.1\" class=\"ut-vivus-draw\" data-settings=\"{&quot;draw_svg_icons&quot;:&quot;yes&quot;,&quot;draw_svg_type&quot;:&quot;oneByOne&quot;,&quot;draw_svg_delay&quot;:533.3333333333333,&quot;draw_svg_duration&quot;:&quot;150&quot;}\" id=\"ut-svg-69e47c9e75739\" xmlns=\"http:\/\/www.w3.org\/2000\/svg\" xmlns:xlink=\"http:\/\/www.w3.org\/1999\/xlink\" x=\"0px\" y=\"0px\"\r\n\t width=\"64px\" height=\"64px\" viewbox=\"0 0 64 64\" enable-background=\"new 0 0 64 64\" xml:space=\"preserve\">\r\n<g>\r\n\t<polygon fill=\"none\" stroke=\"#000000\" stroke-width=\"2\" stroke-miterlimit=\"10\" points=\"23,1 55,1 55,63 9,63 9,15 \t\"\/>\r\n\t<polyline fill=\"none\" stroke=\"#000000\" stroke-width=\"2\" stroke-miterlimit=\"10\" points=\"9,15 23,15 23,1 \t\"\/>\r\n<\/g>\r\n<polyline fill=\"none\" stroke=\"#000000\" stroke-width=\"2\" stroke-linejoin=\"bevel\" stroke-miterlimit=\"10\" points=\"23,36 30,43 \t43,30 \"\/>\r\n<\/svg>\r\n<\/figure><div class=\"ut-service-column ut-service-column-horiz\"><h3 data-responsive-font=\"h3\">Management- &amp; Prozesspr\u00fcfung<\/h3><p class=\"element-with-custom-line-height\" data-responsive-font=\"p\">Wir bewerten Managementkompetenz, Qualit\u00e4tsmanagementsysteme (ISO 9001) und Dokumentation. R\u00fcckverfolgbarkeit der Produktionschargen stellt sicher, dass Spezifikationen und Gesetze eingehalten werden.<\/p><\/div><\/div><\/div><\/div><\/div><\/div><\/div><div class=\"vc_row-full-width vc_clearfix\"><\/div><div id=\"ut-row-69e47c9e761fe\" data-vc-full-width=\"true\" data-vc-full-width-init=\"false\" class=\"vc_row wpb_row vc_row-fluid vc_column-gap-0 ut-row-69e47c9e76210\" ><div class=\"wpb_column vc_column_container vc_col-sm-6\" ><div id=\"ut_inner_column_69e47c9e7686e\" class=\"vc_column-inner\" ><div class=\"wpb_wrapper\"><div class=\"wpb_content_element\"><style type=\"text\/css\">#ut_sc_69e47c9e76b0d .ut-service-column a.ut-service-column-link { font-size: 12px; }#ut-svg-69e47c9e76b0e { display:none; }#ut-svg-69e47c9e76b0e.ut-svg-loaded { display:block; }#ut-svg-69e47c9e76b0e path { stroke:rgba(25, 181, 254, 1); }<\/style><div id=\"ut_sc_69e47c9e76b0d\" data-effect=\"fadeInUp\" data-animateonce=\"yes\" data-delay=\"600\" class=\"ut-horizontal-style ut-horizontal-style-align-left  clearfix  ut-animate-element animated ut-no-animation-tablet ut-no-animation-mobile\" ><figure class=\"ut-service-icon  ut-service-icon-normal ut-service-icon-large ut-service-icon-with-svg\">\t\t\t\r\n\t\t\t<style type=\"text\/css\">\r\n\t\t\t\t\r\n\t\t\t\t\t\t\t\t\r\n\t\t\t\t\t#ut-svg-69e47c9e76b54 { display:none; }\r\n\t\t\t\t\t#ut-svg-69e47c9e76b54.ut-svg-loaded { display:block; }\r\n\t\t\t\t\r\n\t\t\t\t\r\n\t\t\t\t#ut-svg-69e47c9e76b54 path { stroke: rgba(25, 181, 254, 1); }\r\n\t\t\t\t#ut-svg-69e47c9e76b54 line { stroke: rgba(25, 181, 254, 1); }\r\n\t\t\t\t#ut-svg-69e47c9e76b54 circle { stroke: rgba(25, 181, 254, 1); }\r\n\t\t\t\t#ut-svg-69e47c9e76b54 rect { stroke: rgba(25, 181, 254, 1); }\r\n\t\t\t\t#ut-svg-69e47c9e76b54 ellipse { stroke: rgba(25, 181, 254, 1); }\r\n\t\t\t\t#ut-svg-69e47c9e76b54 polyline { stroke: rgba(25, 181, 254, 1); }\r\n\t\t\t\t#ut-svg-69e47c9e76b54 polygon { stroke: rgba(25, 181, 254, 1); }\r\n\t\t\t\t\r\n\t\t\t\t#ut-svg-69e47c9e76b54 [data-name=\"layer1\"] { stroke: rgba(25, 181, 254, 1); }\r\n\t\t\t\t#ut-svg-69e47c9e76b54 [data-name=\"layer1\"] path { stroke: rgba(25, 181, 254, 1); }\r\n\t\t\t\t\r\n\t\t\t\t\t\t\t\t\t\t\t\t\r\n\t\t\t\t\t\t\t\t\r\n\r\n\t\t\t<\/style>\r\n\t\t\r\n\t\t\r\n\r\n<svg version=\"1.1\" class=\"ut-vivus-draw\" data-settings=\"{&quot;draw_svg_icons&quot;:&quot;yes&quot;,&quot;draw_svg_type&quot;:&quot;oneByOne&quot;,&quot;draw_svg_delay&quot;:933.3333333333333,&quot;draw_svg_duration&quot;:&quot;150&quot;}\" id=\"ut-svg-69e47c9e76b54\" xmlns=\"http:\/\/www.w3.org\/2000\/svg\" xmlns:xlink=\"http:\/\/www.w3.org\/1999\/xlink\" x=\"0px\" y=\"0px\"\r\n\t width=\"64px\" height=\"64px\" viewbox=\"0 0 64 64\" enable-background=\"new 0 0 64 64\" xml:space=\"preserve\">\r\n<path fill=\"none\" stroke=\"#000000\" stroke-width=\"2\" stroke-miterlimit=\"10\" d=\"M1,21c0,20,31,38,31,38s31-18,31-38\tc0-8.285-6-16-15-16c-8.285,0-16,5.715-16,14c0-8.285-7.715-14-16-14C7,5,1,12.715,1,21z\"\/>\r\n<\/svg>\r\n<\/figure><div class=\"ut-service-column ut-service-column-horiz\"><h3 data-responsive-font=\"h3\">Soziale Verantwortung &amp; Arbeitsbedingungen<\/h3><p class=\"element-with-custom-line-height\" data-responsive-font=\"p\">Wir \u00fcberpr\u00fcfen Qualifikation, Schulungen und Einhaltung von Sozial- und Arbeitsstandards. Zus\u00e4tzlich kontrollieren wir Sicherheitsbedingungen, um gesetzliche und ethische Richtlinien sicherzustellen.<\/p><\/div><\/div><\/div><\/div><\/div><\/div><div class=\"wpb_column vc_column_container vc_col-sm-6\" ><div id=\"ut_inner_column_69e47c9e77075\" class=\"vc_column-inner\" ><div class=\"wpb_wrapper\"><div class=\"wpb_content_element\"><style type=\"text\/css\">#ut_sc_69e47c9e77288 .ut-service-column a.ut-service-column-link { font-size: 12px; }#ut-svg-69e47c9e77289 { display:none; }#ut-svg-69e47c9e77289.ut-svg-loaded { display:block; }#ut-svg-69e47c9e77289 path { stroke:rgba(25, 181, 254, 1); }<\/style><div id=\"ut_sc_69e47c9e77288\" data-effect=\"fadeInUp\" data-animateonce=\"yes\" data-delay=\"800\" class=\"ut-horizontal-style ut-horizontal-style-align-left  clearfix  ut-animate-element animated ut-no-animation-tablet ut-no-animation-mobile\" ><figure class=\"ut-service-icon  ut-service-icon-normal ut-service-icon-large ut-service-icon-with-svg\">\t\t\t\r\n\t\t\t<style type=\"text\/css\">\r\n\t\t\t\t\r\n\t\t\t\t\t\t\t\t\r\n\t\t\t\t\t#ut-svg-69e47c9e772b5 { display:none; }\r\n\t\t\t\t\t#ut-svg-69e47c9e772b5.ut-svg-loaded { display:block; }\r\n\t\t\t\t\r\n\t\t\t\t\r\n\t\t\t\t#ut-svg-69e47c9e772b5 path { stroke: rgba(25, 181, 254, 1); }\r\n\t\t\t\t#ut-svg-69e47c9e772b5 line { stroke: rgba(25, 181, 254, 1); }\r\n\t\t\t\t#ut-svg-69e47c9e772b5 circle { stroke: rgba(25, 181, 254, 1); }\r\n\t\t\t\t#ut-svg-69e47c9e772b5 rect { stroke: rgba(25, 181, 254, 1); }\r\n\t\t\t\t#ut-svg-69e47c9e772b5 ellipse { stroke: rgba(25, 181, 254, 1); }\r\n\t\t\t\t#ut-svg-69e47c9e772b5 polyline { stroke: rgba(25, 181, 254, 1); }\r\n\t\t\t\t#ut-svg-69e47c9e772b5 polygon { stroke: rgba(25, 181, 254, 1); }\r\n\t\t\t\t\r\n\t\t\t\t#ut-svg-69e47c9e772b5 [data-name=\"layer1\"] { stroke: rgba(25, 181, 254, 1); }\r\n\t\t\t\t#ut-svg-69e47c9e772b5 [data-name=\"layer1\"] path { stroke: rgba(25, 181, 254, 1); }\r\n\t\t\t\t\r\n\t\t\t\t\t\t\t\t\t\t\t\t\r\n\t\t\t\t\t\t\t\t\r\n\r\n\t\t\t<\/style>\r\n\t\t\r\n\t\t\r\n\r\n<svg version=\"1.0\" class=\"ut-vivus-draw\" data-settings=\"{&quot;draw_svg_icons&quot;:&quot;yes&quot;,&quot;draw_svg_type&quot;:&quot;oneByOne&quot;,&quot;draw_svg_delay&quot;:1133.3333333333333,&quot;draw_svg_duration&quot;:&quot;150&quot;}\" id=\"ut-svg-69e47c9e772b5\" xmlns=\"http:\/\/www.w3.org\/2000\/svg\" xmlns:xlink=\"http:\/\/www.w3.org\/1999\/xlink\" x=\"0px\" y=\"0px\"\r\n\t width=\"64px\" height=\"64px\" viewbox=\"0 0 64 64\" enable-background=\"new 0 0 64 64\" xml:space=\"preserve\">\r\n<rect x=\"10\" y=\"45\" fill=\"none\" stroke=\"#000000\" stroke-width=\"2\" stroke-miterlimit=\"10\" width=\"12\" height=\"18\"\/>\r\n<rect x=\"42\" y=\"18\" fill=\"none\" stroke=\"#000000\" stroke-width=\"2\" stroke-miterlimit=\"10\" width=\"12\" height=\"45\"\/>\r\n<rect x=\"26\" y=\"32\" fill=\"none\" stroke=\"#000000\" stroke-width=\"2\" stroke-miterlimit=\"10\" width=\"12\" height=\"31\"\/>\r\n<g>\r\n\t<line fill=\"none\" stroke=\"#000000\" stroke-width=\"2\" stroke-miterlimit=\"10\" x1=\"14\" y1=\"38\" x2=\"51\" y2=\"1\"\/>\r\n\t<polyline fill=\"none\" stroke=\"#000000\" stroke-width=\"2\" stroke-linejoin=\"bevel\" stroke-miterlimit=\"10\" points=\"40,1 51,1 51,12 \t\t\t\"\/>\r\n<\/g>\r\n<\/svg>\r\n<\/figure><div class=\"ut-service-column ut-service-column-horiz\"><h3 data-responsive-font=\"h3\">Qualit\u00e4tskontrolle &amp; Lagerpr\u00fcfung<\/h3><p class=\"element-with-custom-line-height\" data-responsive-font=\"p\">Wir identifizieren m\u00f6gliche M\u00e4ngel fr\u00fchzeitig und pr\u00fcfen Lagerbedingungen sowie Material- und Produktaufbewahrung. Ziel: einwandfreie Ware und p\u00fcnktliche Lieferung.<\/p><\/div><\/div><\/div><\/div><\/div><\/div><\/div><div class=\"vc_row-full-width vc_clearfix\"><\/div><div id=\"ut-row-69e47c9e77dee\" data-vc-full-width=\"true\" data-vc-full-width-init=\"false\" class=\"vc_row wpb_row vc_row-fluid vc_column-gap-0 ut-row-69e47c9e77e02\" ><div class=\"wpb_column vc_column_container vc_col-sm-6\" ><div id=\"ut_inner_column_69e47c9e78612\" class=\"vc_column-inner\" ><div class=\"wpb_wrapper\"><div class=\"wpb_content_element\"><style type=\"text\/css\">#ut_sc_69e47c9e7892a .ut-service-column a.ut-service-column-link { font-size: 12px; }#ut-svg-69e47c9e7892c { display:none; }#ut-svg-69e47c9e7892c.ut-svg-loaded { display:block; }#ut-svg-69e47c9e7892c path { stroke:rgba(25, 181, 254, 1); }<\/style><div id=\"ut_sc_69e47c9e7892a\" data-effect=\"fadeInUp\" data-animateonce=\"yes\" data-delay=\"1000\" class=\"ut-horizontal-style ut-horizontal-style-align-left  clearfix  ut-animate-element animated ut-no-animation-tablet ut-no-animation-mobile\" ><figure class=\"ut-service-icon  ut-service-icon-normal ut-service-icon-large ut-service-icon-with-svg\">\t\t\t\r\n\t\t\t<style type=\"text\/css\">\r\n\t\t\t\t\r\n\t\t\t\t\t\t\t\t\r\n\t\t\t\t\t#ut-svg-69e47c9e78982 { display:none; }\r\n\t\t\t\t\t#ut-svg-69e47c9e78982.ut-svg-loaded { display:block; }\r\n\t\t\t\t\r\n\t\t\t\t\r\n\t\t\t\t#ut-svg-69e47c9e78982 path { stroke: rgba(25, 181, 254, 1); }\r\n\t\t\t\t#ut-svg-69e47c9e78982 line { stroke: rgba(25, 181, 254, 1); }\r\n\t\t\t\t#ut-svg-69e47c9e78982 circle { stroke: rgba(25, 181, 254, 1); }\r\n\t\t\t\t#ut-svg-69e47c9e78982 rect { stroke: rgba(25, 181, 254, 1); }\r\n\t\t\t\t#ut-svg-69e47c9e78982 ellipse { stroke: rgba(25, 181, 254, 1); }\r\n\t\t\t\t#ut-svg-69e47c9e78982 polyline { stroke: rgba(25, 181, 254, 1); }\r\n\t\t\t\t#ut-svg-69e47c9e78982 polygon { stroke: rgba(25, 181, 254, 1); }\r\n\t\t\t\t\r\n\t\t\t\t#ut-svg-69e47c9e78982 [data-name=\"layer1\"] { stroke: rgba(25, 181, 254, 1); }\r\n\t\t\t\t#ut-svg-69e47c9e78982 [data-name=\"layer1\"] path { stroke: rgba(25, 181, 254, 1); }\r\n\t\t\t\t\r\n\t\t\t\t\t\t\t\t\t\t\t\t\r\n\t\t\t\t\t\t\t\t\r\n\r\n\t\t\t<\/style>\r\n\t\t\r\n\t\t\r\n\r\n<svg version=\"1.1\" class=\"ut-vivus-draw\" data-settings=\"{&quot;draw_svg_icons&quot;:&quot;yes&quot;,&quot;draw_svg_type&quot;:&quot;oneByOne&quot;,&quot;draw_svg_delay&quot;:1333.3333333333333,&quot;draw_svg_duration&quot;:&quot;150&quot;}\" id=\"ut-svg-69e47c9e78982\" xmlns=\"http:\/\/www.w3.org\/2000\/svg\" xmlns:xlink=\"http:\/\/www.w3.org\/1999\/xlink\" x=\"0px\" y=\"0px\"\r\n\t width=\"64px\" height=\"64px\" viewbox=\"0 0 64 64\" enable-background=\"new 0 0 64 64\" xml:space=\"preserve\">\r\n<polygon fill=\"none\" stroke=\"#000000\" stroke-width=\"2\" stroke-miterlimit=\"10\" points=\"63,3 63,53 59,61 55,53 55,3 \"\/>\r\n<polyline fill=\"none\" stroke=\"#000000\" stroke-width=\"2\" stroke-miterlimit=\"10\" points=\"55,7 51,7 51,17 \"\/>\r\n<polyline fill=\"none\" stroke=\"#000000\" stroke-width=\"2\" stroke-miterlimit=\"10\" points=\"14,8 1,8 1,63 45,63 45,8 32,8 \"\/>\r\n<polygon fill=\"none\" stroke=\"#000000\" stroke-width=\"2\" stroke-miterlimit=\"10\" points=\"27,5 27,1 19,1 19,5 15,5 13,13 33,13 31,5 \t\"\/>\r\n<\/svg>\r\n<\/figure><div class=\"ut-service-column ut-service-column-horiz\"><h3 data-responsive-font=\"h3\">Auditberichte &amp; transparente Ergebnisse<\/h3><p class=\"element-with-custom-line-height\" data-responsive-font=\"p\">Unsere Pr\u00fcfungen enden mit detaillierten Berichten, Fotodokumentationen und klaren Handlungsempfehlungen. So erhalten Sie eine objektive Bewertung und k\u00f6nnen fundierte Entscheidungen treffen.<\/p><\/div><\/div><\/div><\/div><\/div><\/div><div class=\"wpb_column vc_column_container vc_col-sm-6\" ><div id=\"ut_inner_column_69e47c9e78f6f\" class=\"vc_column-inner\" ><div class=\"wpb_wrapper\"><\/div><\/div><\/div><\/div><div class=\"vc_row-full-width vc_clearfix\"><\/div><div id=\"ut-row-69e47c9e79a30\" data-vc-full-width=\"true\" data-vc-full-width-init=\"false\" class=\"vc_row wpb_row vc_row-fluid vc_column-gap-0 ut-row-69e47c9e79a45\" ><div class=\"wpb_column vc_column_container vc_col-sm-12\" ><div id=\"ut_inner_column_69e47c9e7a273\" class=\"vc_column-inner\" ><div class=\"wpb_wrapper\"><div class=\"wpb_content_element\"><style type=\"text\/css\"><\/style><header id=\"ut_header_69e47c9e7a88b\" class=\"section-header  ut-no-title-linebreak-mobile ut-no-lead-linebreak-mobile pt-style-2 header-center header-tablet-center header-mobile-center element-with-custom-line-height\"><div data-delay=\"0\" class=\"lead\"><p>Ein professionelles Fabrikaudit reduziert Risiken, sichert Qualit\u00e4t und st\u00e4rkt Ihre Gesch\u00e4ftsbeziehungen zu t\u00fcrkischen Herstellern.<\/p>\n<p>Kontaktieren Sie uns noch heute f\u00fcr Fragen oder ein unverbindliches Angebot!<\/p>\n<\/div><\/header><\/div><\/div><\/div><\/div><\/div><div class=\"vc_row-full-width vc_clearfix\"><\/div><a data-id=\"section-services\" class=\"ut-vc-offset-anchor-bottom\" name=\"section-services\">Dienstleistungen<\/a><\/section><div class=\"vc_row-full-width vc_clearfix\"><\/div>\n<\/div>","protected":false},"excerpt":{"rendered":"WorkFactory Audit &amp; Company InspectionEnsure supplier quality with professional factory audits and company inspections in Turkey. More transparency \u2013 less risk in your supply chain. With SELLHEADS, you verify the quality and performance of your suppliers directly on-site. Our audits and inspections assess production processes, infrastructure, and quality standards of your business partners. This minimizes [...]","protected":false},"author":1,"featured_media":0,"parent":0,"menu_order":0,"comment_status":"closed","ping_status":"closed","template":"","meta":{"footnotes":""},"class_list":["post-77214","page","type-page","status-publish","hentry"],"_links":{"self":[{"href":"https:\/\/www.sellheads.com\/de\/wp-json\/wp\/v2\/pages\/77214","targetHints":{"allow":["GET"]}}],"collection":[{"href":"https:\/\/www.sellheads.com\/de\/wp-json\/wp\/v2\/pages"}],"about":[{"href":"https:\/\/www.sellheads.com\/de\/wp-json\/wp\/v2\/types\/page"}],"author":[{"embeddable":true,"href":"https:\/\/www.sellheads.com\/de\/wp-json\/wp\/v2\/users\/1"}],"replies":[{"embeddable":true,"href":"https:\/\/www.sellheads.com\/de\/wp-json\/wp\/v2\/comments?post=77214"}],"version-history":[{"count":14,"href":"https:\/\/www.sellheads.com\/de\/wp-json\/wp\/v2\/pages\/77214\/revisions"}],"predecessor-version":[{"id":77302,"href":"https:\/\/www.sellheads.com\/de\/wp-json\/wp\/v2\/pages\/77214\/revisions\/77302"}],"wp:attachment":[{"href":"https:\/\/www.sellheads.com\/de\/wp-json\/wp\/v2\/media?parent=77214"}],"curies":[{"name":"wp","href":"https:\/\/api.w.org\/{rel}","templated":true}]}}