{"id":77246,"date":"2025-08-31T19:39:29","date_gmt":"2025-08-31T19:39:29","guid":{"rendered":"https:\/\/www.sellheads.com\/?page_id=77246"},"modified":"2025-09-01T21:10:25","modified_gmt":"2025-09-01T21:10:25","slug":"example-page-1-copy-3","status":"publish","type":"page","link":"https:\/\/www.sellheads.com\/de\/example-page-1-copy-3\/","title":{"rendered":"Transportl\u00f6sungen"},"content":{"rendered":"<div class=\"wpb-content-wrapper\"><section id=\"ut-section-69e45f863f1ae\" data-vc-full-width=\"true\" data-vc-full-width-init=\"false\" data-cursor-skin=\"global\" class=\"vc_section ut-vc-160 vc_section-has-no-fill ut-section-69e45f863f1cc\"><div id=\"ut-row-69e45f863fc93\" data-vc-full-width=\"true\" data-vc-full-width-init=\"false\" class=\"vc_row wpb_row vc_row-fluid vc_column-gap-0 vc_row-o-equal-height vc_row-o-content-middle vc_row-flex ut-row-69e45f863fca8\" ><div class=\"wpb_column vc_column_container vc_col-sm-6\" ><div id=\"ut_inner_column_69e45f86407b5\" class=\"vc_column-inner\" ><div class=\"wpb_wrapper\"><div class=\"wpb_content_element\"><style type=\"text\/css\"><\/style><header id=\"ut_header_69e45f8640d3a\" class=\"section-header  ut-no-title-linebreak-mobile ut-no-lead-linebreak-mobile pt-style-2 header-left header-tablet-left header-mobile-center element-with-custom-line-height\"><div class=\"element-with-custom-line-height\" ><h2 data-title=\"Transport Solutions\"  data-responsive-font=\"section_title\" class=\"section-title\"><span>Transportl\u00f6sungen<\/span><\/h2><\/div><div data-delay=\"0\" class=\"lead\"><p>Gemeinsam mit Ihnen entwickeln wir die optimale Transportstrategie f\u00fcr Ihre Importe aus der T\u00fcrkei. Wir analysieren Faktoren wie Budget, Lieferzeit, Produkttyp, Lagerkapazit\u00e4ten und Zollanforderungen \u2013 und w\u00e4hlen in enger Abstimmung mit Ihnen die effizienteste Variante. Ob See-, Luft- oder LKW-Transport: Ihre Ziele und Anforderungen stehen im Mittelpunkt.<\/p>\n<\/div><\/header><\/div><div class=\"wpb_content_element\"><style class=\"bklyn-inline-styles\" type=\"text\/css\">#ut_scb_69e45f864525c.ut-project-sc { border-color: #efefef; }#ut_scb_69e45f864525c.ut-project-sc .widget-title { color: #252525; }#ut_scb_69e45f864525c .ut-share-link { color: #999999; }#ut_scb_69e45f864525c .ut-share-link:visited { color: #999999; }#ut_scb_69e45f864525c .ut-share-link:hover { color: rgba(25, 181, 254, 1); }#ut_scb_69e45f864525c .ut-share-link:focus { color: rgba(25, 181, 254, 1); }#ut_scb_69e45f864525c .ut-share-link:active { color: rgba(25, 181, 254, 1); }<\/style><ul id=\"ut_scb_69e45f864525c\" class=\"ut-project-sc clearfix  ut-project-sc-left ut-project-sc-tablet-left ut-project-sc-mobile-center\"><li><h6 class=\"widget-title\"><span>SHARE:<\/span><\/h6><\/li><li><a class=\"ut-share-link sc-facebook\" data-social=\"utsharefacebook\"><i class=\"fa fa-facebook\"><\/i><\/a><\/li><li><a class=\"ut-share-link sc-twitter\" data-social=\"utsharetwitter\"><i class=\"fa-brands fa-x-twitter\"><\/i><\/a><\/li><li><a class=\"ut-share-link sc-linkedin\" data-social=\"utsharelinkedin\"><i class=\"fa fa-linkedin\"><\/i><\/a><\/li><li><a class=\"ut-share-link sc-pinterest\" data-social=\"utsharepinterest\"><i class=\"fa fa-pinterest\"><\/i><\/a><\/li><li><a class=\"ut-share-link sc-xing\" data-social=\"utsharexing\"><i class=\"fa fa-xing\"><\/i><\/a><\/li><\/ul><\/div><\/div><\/div><\/div><div class=\"wpb_column vc_column_container vc_col-sm-6\" ><div id=\"ut_inner_column_69e45f8645831\" class=\"vc_column-inner\" ><div class=\"wpb_wrapper\"><div data-effect=\"fadeIn\" data-animateonce=\"yes\" data-delay=\"50\" class=\"wpb_content_element ut-animate-image animated ut-no-animation-tablet ut-no-animation-mobile  clearfix\"><style type=\"text\/css\">#ut_am_69e45f8645f10 { opacity: 1; }#ut_am_wrap_69e45f8645f11 { text-align: center; }@media (min-width: 768px) and (max-width: 1024px) { #ut_am_wrap_69e45f8645f11 { text-align: center !important; } }@media (max-width: 767px) { #ut_am_wrap_69e45f8645f11 { text-align: center !important; } }<\/style><div id=\"ut_am_wrap_69e45f8645f11\" class=\"ut-image-gallery-image\"><div id=\"ut_reveal_69e45f8645f13\"  data-appear-top-offset=\"auto\" class=\"ut-animated-image-item ut-image-gallery-item ut-animation-done\"><a class=\"ut-deactivated-link\" href=\"#\"><div class=\"ut-animated-image-zoom\">\r\n        <div class=\"ut-element-glitch-wrap\">\r\n\r\n            \r\n        <style type=\"text\/css\">\r\n\r\n                        \r\n        @media (min-width: 1025px) {\r\n\r\n        #ut-element-glitch-69e45f8645f56269934709-77297 .ut-glitch-single-element {\r\n                                            \r\n                }\r\n        }\r\n\r\n        @media (min-width: 768px) and (max-width: 1024px) {\r\n\r\n        #ut-element-glitch-69e45f8645f56269934709-77297 .ut-glitch-single-element {\r\n                                                \r\n                    }\r\n        }\r\n\r\n        @media (max-width: 767px) {\r\n\r\n        #ut-element-glitch-69e45f8645f56269934709-77297 .ut-glitch-single-element {\r\n                                                \r\n                    }\r\n        }\r\n\r\n        \r\n        <\/style>\r\n\r\n        \r\n            <div id=\"ut-element-glitch-69e45f8645f56269934709-77297\" class=\"ut-element-glitch ut-glitch-none ut-element-glitch-permanent\">\r\n                <div class=\"ut-glitch-single-element ut-lozad skip-lazy\" data-background-image=\"https:\/\/www.sellheads.com\/wp-content\/uploads\/2025\/09\/sellheads_truck_loading.png\"><\/div>\r\n                <div class=\"ut-glitch-single-element ut-lozad skip-lazy\" data-background-image=\"https:\/\/www.sellheads.com\/wp-content\/uploads\/2025\/09\/sellheads_truck_loading.png\"><\/div>\r\n                <div class=\"ut-glitch-single-element ut-lozad skip-lazy\" data-background-image=\"https:\/\/www.sellheads.com\/wp-content\/uploads\/2025\/09\/sellheads_truck_loading.png\"><\/div>\r\n                <div class=\"ut-glitch-single-element ut-lozad skip-lazy\" data-background-image=\"https:\/\/www.sellheads.com\/wp-content\/uploads\/2025\/09\/sellheads_truck_loading.png\"><\/div>\r\n                <div class=\"ut-glitch-single-element ut-lozad skip-lazy\" data-background-image=\"https:\/\/www.sellheads.com\/wp-content\/uploads\/2025\/09\/sellheads_truck_loading.png\"><\/div>\r\n            <\/div>\r\n\r\n        <\/div>\r\n\r\n        <img fetchpriority=\"high\" decoding=\"async\" class=\"ut-lazy skip-lazy ut-animated-image\"  id=\"ut_am_69e45f8645f10\" src=\"data:image\/svg+xml;charset=utf-8,%3Csvg xmlns%3D'http%3A%2F%2Fwww.w3.org%2F2000%2Fsvg' viewBox%3D'0 0 1536 1024'%2F%3E\" data-src=\"https:\/\/www.sellheads.com\/wp-content\/uploads\/2025\/09\/sellheads_truck_loading.png\" width=\"1536\" height=\"1024\" alt=\"\"\/><\/div><\/a><\/div><\/div><\/div><\/div><\/div><\/div><\/div><div class=\"vc_row-full-width vc_clearfix\"><\/div><div id=\"ut-row-69e45f8646ba6\" data-vc-full-width=\"true\" data-vc-full-width-init=\"false\" class=\"vc_row wpb_row vc_row-fluid vc_column-gap-0 ut-row-69e45f8646bb9\" ><div class=\"wpb_column vc_column_container vc_col-sm-4 ut-animate-element animated ut-no-animation-tablet ut-no-animation-mobile\" data-effect=\"fadeInUp\" data-animateonce=\"yes\" data-delay=\"50\" data-animation-duration=\"1s\"><div id=\"ut_inner_column_69e45f86474b1\" class=\"vc_column-inner\" ><div class=\"wpb_wrapper\"><div  class=\"wpb_content_element   clearfix\"><style type=\"text\/css\">#ut_am_69e45f8647be1 { opacity: 1; }#ut_am_wrap_69e45f8647be3 { text-align: center; }@media (min-width: 768px) and (max-width: 1024px) { #ut_am_wrap_69e45f8647be3 { text-align: center !important; } }@media (max-width: 767px) { #ut_am_wrap_69e45f8647be3 { text-align: center !important; } }<\/style><div id=\"ut_am_wrap_69e45f8647be3\" class=\"ut-image-gallery-image\"><div id=\"ut_reveal_69e45f8647be4\"  data-appear-top-offset=\"auto\" class=\"ut-animated-image-item ut-image-gallery-item ut-animation-done\"><a class=\"ut-deactivated-link\" href=\"#\"><div class=\"ut-animated-image-zoom\">\r\n        <div class=\"ut-element-glitch-wrap\">\r\n\r\n            \r\n        <style type=\"text\/css\">\r\n\r\n                        \r\n        @media (min-width: 1025px) {\r\n\r\n        #ut-element-glitch-69e45f8647c21386157899-77292 .ut-glitch-single-element {\r\n                                            \r\n                }\r\n        }\r\n\r\n        @media (min-width: 768px) and (max-width: 1024px) {\r\n\r\n        #ut-element-glitch-69e45f8647c21386157899-77292 .ut-glitch-single-element {\r\n                                                \r\n                    }\r\n        }\r\n\r\n        @media (max-width: 767px) {\r\n\r\n        #ut-element-glitch-69e45f8647c21386157899-77292 .ut-glitch-single-element {\r\n                                                \r\n                    }\r\n        }\r\n\r\n        \r\n        <\/style>\r\n\r\n        \r\n            <div id=\"ut-element-glitch-69e45f8647c21386157899-77292\" class=\"ut-element-glitch ut-glitch-none ut-element-glitch-permanent\">\r\n                <div class=\"ut-glitch-single-element ut-lozad skip-lazy\" data-background-image=\"https:\/\/www.sellheads.com\/wp-content\/uploads\/2025\/09\/sellheads_container_transport-1300x867.png\"><\/div>\r\n                <div class=\"ut-glitch-single-element ut-lozad skip-lazy\" data-background-image=\"https:\/\/www.sellheads.com\/wp-content\/uploads\/2025\/09\/sellheads_container_transport-1300x867.png\"><\/div>\r\n                <div class=\"ut-glitch-single-element ut-lozad skip-lazy\" data-background-image=\"https:\/\/www.sellheads.com\/wp-content\/uploads\/2025\/09\/sellheads_container_transport-1300x867.png\"><\/div>\r\n                <div class=\"ut-glitch-single-element ut-lozad skip-lazy\" data-background-image=\"https:\/\/www.sellheads.com\/wp-content\/uploads\/2025\/09\/sellheads_container_transport-1300x867.png\"><\/div>\r\n                <div class=\"ut-glitch-single-element ut-lozad skip-lazy\" data-background-image=\"https:\/\/www.sellheads.com\/wp-content\/uploads\/2025\/09\/sellheads_container_transport-1300x867.png\"><\/div>\r\n            <\/div>\r\n\r\n        <\/div>\r\n\r\n        <img decoding=\"async\" class=\"ut-lazy skip-lazy ut-animated-image\"  id=\"ut_am_69e45f8647be1\" src=\"data:image\/svg+xml;charset=utf-8,%3Csvg xmlns%3D'http%3A%2F%2Fwww.w3.org%2F2000%2Fsvg' viewBox%3D'0 0 1300 867'%2F%3E\" data-src=\"https:\/\/www.sellheads.com\/wp-content\/uploads\/2025\/09\/sellheads_container_transport-1300x867.png\" width=\"1300\" height=\"867\" alt=\"\"\/><\/div><\/a><\/div><\/div><\/div><h3 style=\"text-align: left\" class=\"vc_custom_heading\">Seefracht \u2013 wirtschaftlich &amp; etabliert<\/h3>\r\n\t<div class=\"wpb_text_column wpb_content_element\" >\r\n\t\t<div class=\"wpb_wrapper\">\r\n\t\t\t<p>Ideal f\u00fcr gro\u00dfe Mengen oder weniger zeitkritische Waren. Wir bieten FCL (Full Container Load) f\u00fcr volle Containerladungen und LCL (Less than Container Load) f\u00fcr kleinere Volumen. Mit einer Laufzeit von ca. 30\u201340 Tagen ist Seefracht die kosteng\u00fcnstigste L\u00f6sung pro Volumeneinheit \u2013 optimal, wenn Wirtschaftlichkeit im Vordergrund steht.<\/p>\n\r\n\t\t<\/div>\r\n\t<\/div>\r\n<\/div><\/div><\/div><div class=\"wpb_column vc_column_container vc_col-sm-4 ut-animate-element animated ut-no-animation-tablet ut-no-animation-mobile\" data-effect=\"fadeInUp\" data-animateonce=\"yes\" data-delay=\"100\" data-animation-duration=\"1s\"><div id=\"ut_inner_column_69e45f8648e0a\" class=\"vc_column-inner\" ><div class=\"wpb_wrapper\"><div  class=\"wpb_content_element   clearfix\"><style type=\"text\/css\">#ut_am_69e45f8649539 { opacity: 1; }#ut_am_wrap_69e45f864953a { text-align: center; }@media (min-width: 768px) and (max-width: 1024px) { #ut_am_wrap_69e45f864953a { text-align: center !important; } }@media (max-width: 767px) { #ut_am_wrap_69e45f864953a { text-align: center !important; } }<\/style><div id=\"ut_am_wrap_69e45f864953a\" class=\"ut-image-gallery-image\"><div id=\"ut_reveal_69e45f864953b\"  data-appear-top-offset=\"auto\" class=\"ut-animated-image-item ut-image-gallery-item ut-animation-done\"><a class=\"ut-deactivated-link\" href=\"#\"><div class=\"ut-animated-image-zoom\">\r\n        <div class=\"ut-element-glitch-wrap\">\r\n\r\n            \r\n        <style type=\"text\/css\">\r\n\r\n                        \r\n        @media (min-width: 1025px) {\r\n\r\n        #ut-element-glitch-69e45f864957b212703933-77294 .ut-glitch-single-element {\r\n                                            \r\n                }\r\n        }\r\n\r\n        @media (min-width: 768px) and (max-width: 1024px) {\r\n\r\n        #ut-element-glitch-69e45f864957b212703933-77294 .ut-glitch-single-element {\r\n                                                \r\n                    }\r\n        }\r\n\r\n        @media (max-width: 767px) {\r\n\r\n        #ut-element-glitch-69e45f864957b212703933-77294 .ut-glitch-single-element {\r\n                                                \r\n                    }\r\n        }\r\n\r\n        \r\n        <\/style>\r\n\r\n        \r\n            <div id=\"ut-element-glitch-69e45f864957b212703933-77294\" class=\"ut-element-glitch ut-glitch-none ut-element-glitch-permanent\">\r\n                <div class=\"ut-glitch-single-element ut-lozad skip-lazy\" data-background-image=\"https:\/\/www.sellheads.com\/wp-content\/uploads\/2025\/09\/sellheads_flight_transport-1300x867.png\"><\/div>\r\n                <div class=\"ut-glitch-single-element ut-lozad skip-lazy\" data-background-image=\"https:\/\/www.sellheads.com\/wp-content\/uploads\/2025\/09\/sellheads_flight_transport-1300x867.png\"><\/div>\r\n                <div class=\"ut-glitch-single-element ut-lozad skip-lazy\" data-background-image=\"https:\/\/www.sellheads.com\/wp-content\/uploads\/2025\/09\/sellheads_flight_transport-1300x867.png\"><\/div>\r\n                <div class=\"ut-glitch-single-element ut-lozad skip-lazy\" data-background-image=\"https:\/\/www.sellheads.com\/wp-content\/uploads\/2025\/09\/sellheads_flight_transport-1300x867.png\"><\/div>\r\n                <div class=\"ut-glitch-single-element ut-lozad skip-lazy\" data-background-image=\"https:\/\/www.sellheads.com\/wp-content\/uploads\/2025\/09\/sellheads_flight_transport-1300x867.png\"><\/div>\r\n            <\/div>\r\n\r\n        <\/div>\r\n\r\n        <img decoding=\"async\" class=\"ut-lazy skip-lazy ut-animated-image\"  id=\"ut_am_69e45f8649539\" src=\"data:image\/svg+xml;charset=utf-8,%3Csvg xmlns%3D'http%3A%2F%2Fwww.w3.org%2F2000%2Fsvg' viewBox%3D'0 0 1300 867'%2F%3E\" data-src=\"https:\/\/www.sellheads.com\/wp-content\/uploads\/2025\/09\/sellheads_flight_transport-1300x867.png\" width=\"1300\" height=\"867\" alt=\"\"\/><\/div><\/a><\/div><\/div><\/div><h3 style=\"text-align: left\" class=\"vc_custom_heading\">Luftfracht \u2013 schnell &amp; zuverl\u00e4ssig<\/h3>\r\n\t<div class=\"wpb_text_column wpb_content_element\" >\r\n\t\t<div class=\"wpb_wrapper\">\r\n\t\t\t<p>F\u00fcr eilige oder hochwertige Sendungen. Laufzeit ca. 3\u20137 Tage, ideal bei engen Zeitfenstern oder empfindlichen Produkten. H\u00f6here Kosten, aber maximale Geschwindigkeit, Zuverl\u00e4ssigkeit und Transparenz im gesamten Transportprozess.<\/p>\n\r\n\t\t<\/div>\r\n\t<\/div>\r\n<\/div><\/div><\/div><div class=\"wpb_column vc_column_container vc_col-sm-4 ut-animate-element animated ut-no-animation-tablet ut-no-animation-mobile\" data-effect=\"fadeInUp\" data-animateonce=\"yes\" data-delay=\"0\" data-animation-duration=\"1s\"><div id=\"ut_inner_column_69e45f8649ede\" class=\"vc_column-inner\" ><div class=\"wpb_wrapper\"><div  class=\"wpb_content_element   clearfix\"><style type=\"text\/css\">#ut_am_69e45f864a713 { opacity: 1; }#ut_am_wrap_69e45f864a714 { text-align: center; }@media (min-width: 768px) and (max-width: 1024px) { #ut_am_wrap_69e45f864a714 { text-align: center !important; } }@media (max-width: 767px) { #ut_am_wrap_69e45f864a714 { text-align: center !important; } }<\/style><div id=\"ut_am_wrap_69e45f864a714\" class=\"ut-image-gallery-image\"><div id=\"ut_reveal_69e45f864a715\"  data-appear-top-offset=\"auto\" class=\"ut-animated-image-item ut-image-gallery-item ut-animation-done\"><a class=\"ut-deactivated-link\" href=\"#\"><div class=\"ut-animated-image-zoom\">\r\n        <div class=\"ut-element-glitch-wrap\">\r\n\r\n            \r\n        <style type=\"text\/css\">\r\n\r\n                        \r\n        @media (min-width: 1025px) {\r\n\r\n        #ut-element-glitch-69e45f864a754372387115-77293 .ut-glitch-single-element {\r\n                                            \r\n                }\r\n        }\r\n\r\n        @media (min-width: 768px) and (max-width: 1024px) {\r\n\r\n        #ut-element-glitch-69e45f864a754372387115-77293 .ut-glitch-single-element {\r\n                                                \r\n                    }\r\n        }\r\n\r\n        @media (max-width: 767px) {\r\n\r\n        #ut-element-glitch-69e45f864a754372387115-77293 .ut-glitch-single-element {\r\n                                                \r\n                    }\r\n        }\r\n\r\n        \r\n        <\/style>\r\n\r\n        \r\n            <div id=\"ut-element-glitch-69e45f864a754372387115-77293\" class=\"ut-element-glitch ut-glitch-none ut-element-glitch-permanent\">\r\n                <div class=\"ut-glitch-single-element ut-lozad skip-lazy\" data-background-image=\"https:\/\/www.sellheads.com\/wp-content\/uploads\/2025\/09\/sellheads_truck_transport-1300x867.png\"><\/div>\r\n                <div class=\"ut-glitch-single-element ut-lozad skip-lazy\" data-background-image=\"https:\/\/www.sellheads.com\/wp-content\/uploads\/2025\/09\/sellheads_truck_transport-1300x867.png\"><\/div>\r\n                <div class=\"ut-glitch-single-element ut-lozad skip-lazy\" data-background-image=\"https:\/\/www.sellheads.com\/wp-content\/uploads\/2025\/09\/sellheads_truck_transport-1300x867.png\"><\/div>\r\n                <div class=\"ut-glitch-single-element ut-lozad skip-lazy\" data-background-image=\"https:\/\/www.sellheads.com\/wp-content\/uploads\/2025\/09\/sellheads_truck_transport-1300x867.png\"><\/div>\r\n                <div class=\"ut-glitch-single-element ut-lozad skip-lazy\" data-background-image=\"https:\/\/www.sellheads.com\/wp-content\/uploads\/2025\/09\/sellheads_truck_transport-1300x867.png\"><\/div>\r\n            <\/div>\r\n\r\n        <\/div>\r\n\r\n        <img loading=\"lazy\" decoding=\"async\" class=\"ut-lazy skip-lazy ut-animated-image\"  id=\"ut_am_69e45f864a713\" src=\"data:image\/svg+xml;charset=utf-8,%3Csvg xmlns%3D'http%3A%2F%2Fwww.w3.org%2F2000%2Fsvg' viewBox%3D'0 0 1300 867'%2F%3E\" data-src=\"https:\/\/www.sellheads.com\/wp-content\/uploads\/2025\/09\/sellheads_truck_transport-1300x867.png\" width=\"1300\" height=\"867\" alt=\"\"\/><\/div><\/a><\/div><\/div><\/div><h3 style=\"text-align: left\" class=\"vc_custom_heading\">Lkwtransporte \u2013 der smarte Mittelweg<\/h3>\r\n\t<div class=\"wpb_text_column wpb_content_element\" >\r\n\t\t<div class=\"wpb_wrapper\">\r\n\t\t\t<p>Die ideale Kombination aus Zeit und Kosten. Standardlaufzeit ca. 18\u201322 Tage, Schnellz\u00fcge ca. 12\u201316 Tage. Besonders geeignet f\u00fcr mittelgro\u00dfe Sendungen mit planbaren Terminen \u2013 effizient, zuverl\u00e4ssig und umweltfreundlich.<\/p>\n\r\n\t\t<\/div>\r\n\t<\/div>\r\n<\/div><\/div><\/div><\/div><div class=\"vc_row-full-width vc_clearfix\"><\/div><div id=\"ut-row-69e45f864b80e\" data-vc-full-width=\"true\" data-vc-full-width-init=\"false\" class=\"vc_row wpb_row vc_row-fluid vc_row-has-fill vc_column-gap-0 vc_row-o-full-height vc_row-o-columns-middle vc_row-o-content-middle vc_row-flex ut-row-69e45f864b822 ut-parallax-section\" ><div id=\"ut-parallax-69e45f864b877\" data-parallax-factor=\"8\" data-background-image=\"\" class=\"parallax-scroll-container parallax-scroll-container-hide ut-background-lozad\"><\/div><div class=\"wpb_column vc_column_container vc_col-sm-12\" ><div id=\"ut_inner_column_69e45f864c096\" class=\"vc_column-inner\" ><div class=\"wpb_wrapper\"><div class=\"wpb_content_element  vc_custom_1756669162836\"><style type=\"text\/css\">#ut_header_69e45f864c53b h2.section-title, #ut_header_69e45f864c53b h2.section-title span { color:#ffffff; }#ut_header_69e45f864c53b .lead { color:#ffffff; }#ut_header_69e45f864c53b .lead p { color:#ffffff; }#ut_header_69e45f864c53b.pt-style-2 .page-title span:after, #ut_header_69e45f864c53b.pt-style-2 .parallax-title span:after, #ut_header_69e45f864c53b.pt-style-2 .section-title span:after { background-color:#ffffff !important;}<\/style><header id=\"ut_header_69e45f864c53b\" class=\"section-header  ut-no-title-linebreak-mobile ut-no-lead-linebreak-mobile pt-style-2 header-left header-tablet-left header-mobile-center element-with-custom-line-height\"><div class=\"element-with-custom-line-height\" ><h2 data-title=\"Full Service&#13;&#10;Including Customs &amp; Consulting\"  data-responsive-font=\"section_title\" class=\"section-title title-with-linebreak\"><span>Rundum-Service<br \/>\ninklusive Verzollung &amp; Beratung<\/span><\/h2><\/div><div data-delay=\"0\" class=\"lead title-with-linebreak\"><p>Wir begleiten Sie durch den gesamten Importprozess: von der Wahl der Transportl\u00f6sung bis zur finalen Zustellung. Wir \u00fcbernehmen Zollabwicklung und Formalit\u00e4ten in Ihrem Namen und sorgen f\u00fcr eine rechtssichere Abwicklung. Zus\u00e4tzlich beraten wir Sie zu Incoterms\u00ae, um Pflichten, Risiken und Kosten klar zu definieren \u2013 individuell auf Ihre Lieferbeziehungen abgestimmt.<\/p>\n<\/div><\/header><\/div><\/div><\/div><\/div><style type=\"text\/css\">#ut-row-69e45f864b80e {background-color: #151515 !important;background-position: center;} #ut-parallax-69e45f864b877{background-size: cover !important}<\/style><\/div><div class=\"vc_row-full-width vc_clearfix\"><\/div><div id=\"ut-row-69e45f864d677\" data-vc-full-width=\"true\" data-vc-full-width-init=\"false\" class=\"vc_row wpb_row vc_row-fluid vc_column-gap-0 ut-row-69e45f864d68b\" ><div class=\"wpb_column vc_column_container vc_col-sm-12\" ><div id=\"ut_inner_column_69e45f864dc9a\" class=\"vc_column-inner\" ><div class=\"wpb_wrapper\"><div class=\"wpb_content_element  vc_custom_1756669687113\"><style type=\"text\/css\"><\/style><header id=\"ut_header_69e45f864e009\" class=\"section-header  ut-no-title-linebreak-mobile ut-no-lead-linebreak-mobile pt-style-2 header-center header-tablet-center header-mobile-center element-with-custom-line-height\"><div class=\"element-with-custom-line-height\" ><h2 data-title=\"Your Path to Smooth Import&#13;&#10;Logistics Efficient, predictable, reliable.\"  data-responsive-font=\"section_title\" class=\"section-title title-with-linebreak\"><span>Ihr Weg zur reibungslosen Importlogistik<br \/>\nEffizient, planbar, zuverl\u00e4ssig.<\/span><\/h2><\/div><div data-delay=\"0\" class=\"lead title-with-linebreak\"><p>W\u00e4hlen Sie die passende Transportl\u00f6sung mit SELLHEADS \u2013 zuverl\u00e4ssig, effizient und immer termingerecht. Kontaktieren Sie uns f\u00fcr Ihr individuelles Angebot!<\/p>\n<\/div><\/header><\/div><\/div><\/div><\/div><\/div><div class=\"vc_row-full-width vc_clearfix\"><\/div><div id=\"ut-row-69e45f864efc0\" data-vc-full-width=\"true\" data-vc-full-width-init=\"false\" class=\"vc_row wpb_row vc_row-fluid vc_column-gap-0 ut-row-69e45f864efda\" ><div class=\"wpb_column vc_column_container vc_col-sm-12\" ><div id=\"ut_inner_column_69e45f864fa5d\" class=\"vc_column-inner\" ><div class=\"wpb_wrapper\"><div class=\"wpb_content_element\"><style class=\"bklyn-inline-styles\" type=\"text\/css\">#ut_scb_69e45f864fb71.ut-project-sc { border-color: #efefef; }#ut_scb_69e45f864fb71.ut-project-sc .widget-title { color: #252525; }#ut_scb_69e45f864fb71 .ut-share-link { color: #999999; }#ut_scb_69e45f864fb71 .ut-share-link:visited { color: #999999; }#ut_scb_69e45f864fb71 .ut-share-link:hover { color: rgba(25, 181, 254, 1); }#ut_scb_69e45f864fb71 .ut-share-link:focus { color: rgba(25, 181, 254, 1); }#ut_scb_69e45f864fb71 .ut-share-link:active { color: rgba(25, 181, 254, 1); }<\/style><ul id=\"ut_scb_69e45f864fb71\" class=\"ut-project-sc clearfix  ut-project-sc-center ut-project-sc-tablet-center ut-project-sc-mobile-center\"><li><h6 class=\"widget-title\"><span>SHARE:<\/span><\/h6><\/li><li><a class=\"ut-share-link sc-facebook\" data-social=\"utsharefacebook\"><i class=\"fa fa-facebook\"><\/i><\/a><\/li><li><a class=\"ut-share-link sc-twitter\" data-social=\"utsharetwitter\"><i class=\"fa-brands fa-x-twitter\"><\/i><\/a><\/li><li><a class=\"ut-share-link sc-linkedin\" data-social=\"utsharelinkedin\"><i class=\"fa fa-linkedin\"><\/i><\/a><\/li><li><a class=\"ut-share-link sc-pinterest\" data-social=\"utsharepinterest\"><i class=\"fa fa-pinterest\"><\/i><\/a><\/li><li><a class=\"ut-share-link sc-xing\" data-social=\"utsharexing\"><i class=\"fa fa-xing\"><\/i><\/a><\/li><\/ul><\/div><\/div><\/div><\/div><\/div><div class=\"vc_row-full-width vc_clearfix\"><\/div><a data-id=\"section-without-id\" class=\"ut-vc-offset-anchor-bottom\" name=\"section-without-id\"><\/a><\/section><div class=\"vc_row-full-width vc_clearfix\"><\/div>\n<\/div>","protected":false},"excerpt":{"rendered":"Transport SolutionsTogether with you, we develop the optimal transport strategy for your imports from Turkey. We analyze factors such as budget, lead time, product type, storage capacity, and customs requirements \u2013 and choose the most efficient option in close consultation with you. Whether by sea, air, or truck: your goals and requirements are at the [...]","protected":false},"author":1,"featured_media":0,"parent":0,"menu_order":0,"comment_status":"closed","ping_status":"closed","template":"","meta":{"footnotes":""},"class_list":["post-77246","page","type-page","status-publish","hentry"],"_links":{"self":[{"href":"https:\/\/www.sellheads.com\/de\/wp-json\/wp\/v2\/pages\/77246","targetHints":{"allow":["GET"]}}],"collection":[{"href":"https:\/\/www.sellheads.com\/de\/wp-json\/wp\/v2\/pages"}],"about":[{"href":"https:\/\/www.sellheads.com\/de\/wp-json\/wp\/v2\/types\/page"}],"author":[{"embeddable":true,"href":"https:\/\/www.sellheads.com\/de\/wp-json\/wp\/v2\/users\/1"}],"replies":[{"embeddable":true,"href":"https:\/\/www.sellheads.com\/de\/wp-json\/wp\/v2\/comments?post=77246"}],"version-history":[{"count":12,"href":"https:\/\/www.sellheads.com\/de\/wp-json\/wp\/v2\/pages\/77246\/revisions"}],"predecessor-version":[{"id":77301,"href":"https:\/\/www.sellheads.com\/de\/wp-json\/wp\/v2\/pages\/77246\/revisions\/77301"}],"wp:attachment":[{"href":"https:\/\/www.sellheads.com\/de\/wp-json\/wp\/v2\/media?parent=77246"}],"curies":[{"name":"wp","href":"https:\/\/api.w.org\/{rel}","templated":true}]}}