{"id":77254,"date":"2025-08-31T20:01:51","date_gmt":"2025-08-31T20:01:51","guid":{"rendered":"https:\/\/www.sellheads.com\/?page_id=77254"},"modified":"2025-09-01T22:09:34","modified_gmt":"2025-09-01T22:09:34","slug":"consulting","status":"publish","type":"page","link":"https:\/\/www.sellheads.com\/de\/consulting\/","title":{"rendered":"Consulting"},"content":{"rendered":"<div class=\"wpb-content-wrapper\"><section id=\"ut-section-69e45fa5dbb35\" data-vc-full-width=\"true\" data-vc-full-width-init=\"false\" data-cursor-skin=\"global\" class=\"vc_section ut-vc-160 vc_section-has-no-fill ut-section-69e45fa5dbb52\"><div id=\"ut-row-69e45fa5dc72d\" data-vc-full-width=\"true\" data-vc-full-width-init=\"false\" class=\"vc_row wpb_row vc_row-fluid vc_column-gap-0 ut-row-69e45fa5dc73f\" ><div class=\"wpb_column vc_column_container vc_col-sm-6\" ><div id=\"ut_inner_column_69e45fa5dd263\" class=\"vc_column-inner\" ><div class=\"wpb_wrapper\"><div class=\"wpb_content_element\"><style type=\"text\/css\"><\/style><header id=\"ut_header_69e45fa5dd7dd\" class=\"section-header  ut-no-title-linebreak-mobile ut-no-lead-linebreak-mobile pt-style-2 header-center header-tablet-center header-mobile-center element-with-custom-line-height\"><div class=\"element-with-custom-line-height\" ><h2 data-title=\"Consulting\"  data-responsive-font=\"section_title\" class=\"section-title\"><span>Consulting<\/span><\/h2><\/div><div data-delay=\"0\" class=\"lead\"><p>Unsere Dienstleistungen bieten umfassende Unterst\u00fctzung f\u00fcr Unternehmen, die mit Produzenten in der T\u00fcrkei arbeiten. Wir sorgen f\u00fcr reibungslose Kommunikation, effiziente Koordination von Entwicklungs- und Produktionsprozessen sowie zuverl\u00e4ssige Qualit\u00e4tskontrolle.<\/p>\n<\/div><\/header><\/div><\/div><\/div><\/div><div class=\"wpb_column vc_column_container vc_col-sm-6\" ><div id=\"ut_inner_column_69e45fa5e2b51\" class=\"vc_column-inner\" ><div class=\"wpb_wrapper\"><div  class=\"wpb_content_element   clearfix\"><style type=\"text\/css\">#ut_am_69e45fa5e3201 { opacity: 1; }#ut_am_wrap_69e45fa5e3202 { text-align: left; }@media (min-width: 768px) and (max-width: 1024px) { #ut_am_wrap_69e45fa5e3202 { text-align: left !important; } }@media (max-width: 767px) { #ut_am_wrap_69e45fa5e3202 { text-align: center !important; } }<\/style><div id=\"ut_am_wrap_69e45fa5e3202\" class=\"ut-image-gallery-image\"><div id=\"ut_reveal_69e45fa5e3204\"  data-appear-top-offset=\"auto\" class=\"ut-animated-image-item ut-image-gallery-item ut-animation-done\"><a class=\"ut-deactivated-link\" href=\"#\"><div class=\"ut-animated-image-zoom\">\r\n        <div class=\"ut-element-glitch-wrap\">\r\n\r\n            \r\n        <style type=\"text\/css\">\r\n\r\n                        \r\n        @media (min-width: 1025px) {\r\n\r\n        #ut-element-glitch-69e45fa5e3245732094570-77268 .ut-glitch-single-element {\r\n                                            \r\n                }\r\n        }\r\n\r\n        @media (min-width: 768px) and (max-width: 1024px) {\r\n\r\n        #ut-element-glitch-69e45fa5e3245732094570-77268 .ut-glitch-single-element {\r\n                                                \r\n                    }\r\n        }\r\n\r\n        @media (max-width: 767px) {\r\n\r\n        #ut-element-glitch-69e45fa5e3245732094570-77268 .ut-glitch-single-element {\r\n                                                \r\n                    }\r\n        }\r\n\r\n        \r\n        <\/style>\r\n\r\n        \r\n            <div id=\"ut-element-glitch-69e45fa5e3245732094570-77268\" class=\"ut-element-glitch ut-glitch-none ut-element-glitch-permanent\">\r\n                <div class=\"ut-glitch-single-element ut-lozad skip-lazy\" data-background-image=\"https:\/\/www.sellheads.com\/wp-content\/uploads\/2025\/09\/wall_sellheads-1024x867.png\"><\/div>\r\n                <div class=\"ut-glitch-single-element ut-lozad skip-lazy\" data-background-image=\"https:\/\/www.sellheads.com\/wp-content\/uploads\/2025\/09\/wall_sellheads-1024x867.png\"><\/div>\r\n                <div class=\"ut-glitch-single-element ut-lozad skip-lazy\" data-background-image=\"https:\/\/www.sellheads.com\/wp-content\/uploads\/2025\/09\/wall_sellheads-1024x867.png\"><\/div>\r\n                <div class=\"ut-glitch-single-element ut-lozad skip-lazy\" data-background-image=\"https:\/\/www.sellheads.com\/wp-content\/uploads\/2025\/09\/wall_sellheads-1024x867.png\"><\/div>\r\n                <div class=\"ut-glitch-single-element ut-lozad skip-lazy\" data-background-image=\"https:\/\/www.sellheads.com\/wp-content\/uploads\/2025\/09\/wall_sellheads-1024x867.png\"><\/div>\r\n            <\/div>\r\n\r\n        <\/div>\r\n\r\n        <img fetchpriority=\"high\" decoding=\"async\" class=\"ut-lazy skip-lazy ut-animated-image\"  id=\"ut_am_69e45fa5e3201\" src=\"data:image\/svg+xml;charset=utf-8,%3Csvg xmlns%3D'http%3A%2F%2Fwww.w3.org%2F2000%2Fsvg' viewBox%3D'0 0 1024 867'%2F%3E\" data-src=\"https:\/\/www.sellheads.com\/wp-content\/uploads\/2025\/09\/wall_sellheads-1024x867.png\" width=\"1024\" height=\"867\" alt=\"\"\/><\/div><\/a><\/div><\/div><\/div><\/div><\/div><\/div><\/div><div class=\"vc_row-full-width vc_clearfix\"><\/div><a data-id=\"section-without-id\" class=\"ut-vc-offset-anchor-bottom\" name=\"section-without-id\"><\/a><\/section><div class=\"vc_row-full-width vc_clearfix\"><\/div><section id=\"ut-section-69e45fa5e459d\" data-vc-full-width=\"true\" data-vc-full-width-init=\"false\" data-cursor-skin=\"global\" class=\"vc_section ut-vc-160 vc_section-has-no-fill ut-section-69e45fa5e45a9\"><div id=\"ut-row-69e45fa5e4f6e\" data-vc-full-width=\"true\" data-vc-full-width-init=\"false\" class=\"vc_row wpb_row vc_row-fluid vc_column-gap-0 vc_row-o-equal-height vc_row-o-content-middle vc_row-flex ut-row-69e45fa5e4f7d\" ><div class=\"wpb_column vc_column_container vc_col-sm-6\" ><div id=\"ut_inner_column_69e45fa5e5749\" class=\"vc_column-inner\" ><div class=\"wpb_wrapper\"><div class=\"wpb_content_element\"><style type=\"text\/css\"><\/style><header id=\"ut_header_69e45fa5e5bed\" class=\"section-header  ut-no-title-linebreak-mobile ut-no-lead-linebreak-mobile pt-style-2 header-left header-tablet-left header-mobile-center element-with-custom-line-height\"><div class=\"element-with-custom-line-height\" ><h2 data-title=\"Quality Assurance &amp; CE Compliance\"  data-responsive-font=\"section_title\" class=\"section-title\"><span>Qualit\u00e4tssicherung &amp; CE-Konformit\u00e4t<\/span><\/h2><\/div><div data-delay=\"0\" class=\"lead\"><p>Sie planen Importe aus der T\u00fcrkei, sind aber unsicher bez\u00fcglich Qualit\u00e4t oder Zertifikaten? Wir beraten Sie umfassend, damit Ihre Produkte allen Standards entsprechen und erforderliche Nachweise \u2013 insbesondere CE \u2013 vorhanden sind. Zudem helfen wir Ihnen, die n\u00f6tigen Zertifikate f\u00fcr eine reibungslose Zollabwicklung zu identifizieren.<\/p>\n<\/div><\/header><\/div><\/div><\/div><\/div><div class=\"wpb_column vc_column_container vc_col-sm-6\" ><div id=\"ut_inner_column_69e45fa5e6962\" class=\"vc_column-inner\" ><div class=\"wpb_wrapper\"><div  class=\"wpb_content_element   clearfix\"><style type=\"text\/css\">#ut_am_69e45fa5e6f94 { opacity: 1; }#ut_am_wrap_69e45fa5e6f95 { text-align: left; }@media (min-width: 768px) and (max-width: 1024px) { #ut_am_wrap_69e45fa5e6f95 { text-align: left !important; } }@media (max-width: 767px) { #ut_am_wrap_69e45fa5e6f95 { text-align: center !important; } }<\/style><div id=\"ut_am_wrap_69e45fa5e6f95\" class=\"ut-image-gallery-image\"><div id=\"ut_reveal_69e45fa5e6f96\"  data-appear-top-offset=\"auto\" class=\"ut-animated-image-item ut-image-gallery-item ut-animation-done\"><a class=\"ut-deactivated-link\" href=\"#\"><div class=\"ut-animated-image-zoom\">\r\n        <div class=\"ut-element-glitch-wrap\">\r\n\r\n            \r\n        <style type=\"text\/css\">\r\n\r\n                        \r\n        @media (min-width: 1025px) {\r\n\r\n        #ut-element-glitch-69e45fa5e6fd6998012898-77309 .ut-glitch-single-element {\r\n                                            \r\n                }\r\n        }\r\n\r\n        @media (min-width: 768px) and (max-width: 1024px) {\r\n\r\n        #ut-element-glitch-69e45fa5e6fd6998012898-77309 .ut-glitch-single-element {\r\n                                                \r\n                    }\r\n        }\r\n\r\n        @media (max-width: 767px) {\r\n\r\n        #ut-element-glitch-69e45fa5e6fd6998012898-77309 .ut-glitch-single-element {\r\n                                                \r\n                    }\r\n        }\r\n\r\n        \r\n        <\/style>\r\n\r\n        \r\n            <div id=\"ut-element-glitch-69e45fa5e6fd6998012898-77309\" class=\"ut-element-glitch ut-glitch-none ut-element-glitch-permanent\">\r\n                <div class=\"ut-glitch-single-element ut-lozad skip-lazy\" data-background-image=\"https:\/\/www.sellheads.com\/wp-content\/uploads\/2025\/09\/sellheads_box-1024x867.png\"><\/div>\r\n                <div class=\"ut-glitch-single-element ut-lozad skip-lazy\" data-background-image=\"https:\/\/www.sellheads.com\/wp-content\/uploads\/2025\/09\/sellheads_box-1024x867.png\"><\/div>\r\n                <div class=\"ut-glitch-single-element ut-lozad skip-lazy\" data-background-image=\"https:\/\/www.sellheads.com\/wp-content\/uploads\/2025\/09\/sellheads_box-1024x867.png\"><\/div>\r\n                <div class=\"ut-glitch-single-element ut-lozad skip-lazy\" data-background-image=\"https:\/\/www.sellheads.com\/wp-content\/uploads\/2025\/09\/sellheads_box-1024x867.png\"><\/div>\r\n                <div class=\"ut-glitch-single-element ut-lozad skip-lazy\" data-background-image=\"https:\/\/www.sellheads.com\/wp-content\/uploads\/2025\/09\/sellheads_box-1024x867.png\"><\/div>\r\n            <\/div>\r\n\r\n        <\/div>\r\n\r\n        <img decoding=\"async\" class=\"ut-lazy skip-lazy ut-animated-image\"  id=\"ut_am_69e45fa5e6f94\" src=\"data:image\/svg+xml;charset=utf-8,%3Csvg xmlns%3D'http%3A%2F%2Fwww.w3.org%2F2000%2Fsvg' viewBox%3D'0 0 1024 867'%2F%3E\" data-src=\"https:\/\/www.sellheads.com\/wp-content\/uploads\/2025\/09\/sellheads_box-1024x867.png\" width=\"1024\" height=\"867\" alt=\"\"\/><\/div><\/a><\/div><\/div><\/div><\/div><\/div><\/div><\/div><div class=\"vc_row-full-width vc_clearfix\"><\/div><div id=\"ut-row-69e45fa5e7e28\" data-vc-full-width=\"true\" data-vc-full-width-init=\"false\" data-vc-stretch-content=\"true\" class=\"vc_row wpb_row vc_row-fluid vc_row-has-fill vc_column-gap-0 ut-animate-element animated ut-no-animation-tablet ut-no-animation-mobile vc_row-no-padding vc_row-o-full-height vc_row-o-columns-middle vc_row-o-content-middle vc_row-flex ut-row-69e45fa5e8011 ut-parallax-section\" data-effect=\"fadeIn\" data-animateonce=\"yes\" data-delay=\"0\" data-animation-duration=\"1s\"><div id=\"ut-parallax-69e45fa5e806d\" data-parallax-factor=\"8\" data-background-image=\"https:\/\/www.sellheads.com\/wp-content\/uploads\/2025\/09\/sellheads_1_office.png?id=77265\" class=\"parallax-scroll-container parallax-scroll-container-hide ut-background-lozad\"><\/div><div class=\"wpb_column vc_column_container vc_col-sm-12\" ><div id=\"ut_inner_column_69e45fa5e899e\" class=\"vc_column-inner\" ><div class=\"wpb_wrapper\"><\/div><\/div><\/div><style type=\"text\/css\">#ut-row-69e45fa5e7e28 {background-position: center;} #ut-parallax-69e45fa5e806d{background-size: cover !important}<\/style><\/div><div class=\"vc_row-full-width vc_clearfix\"><\/div><a data-id=\"section-without-id\" class=\"ut-vc-offset-anchor-bottom\" name=\"section-without-id\"><\/a><\/section><div class=\"vc_row-full-width vc_clearfix\"><\/div><section id=\"ut-section-69e45fa5e9b88\" data-vc-full-width=\"true\" data-vc-full-width-init=\"false\" data-cursor-skin=\"global\" class=\"vc_section ut-vc-160 vc_section-has-no-fill ut-section-69e45fa5e9b93\"><div id=\"ut-row-69e45fa5ea585\" data-vc-full-width=\"true\" data-vc-full-width-init=\"false\" class=\"vc_row wpb_row vc_row-fluid vc_column-gap-0 vc_row-o-equal-height vc_row-o-content-middle vc_row-flex ut-row-69e45fa5ea593\" ><div class=\"wpb_column vc_column_container vc_col-sm-4\" ><div id=\"ut_inner_column_69e45fa5ead6b\" class=\"vc_column-inner\" ><div class=\"wpb_wrapper\"><div  class=\"wpb_content_element   clearfix\"><style type=\"text\/css\">#ut_am_69e45fa5eb4e9 { opacity: 1; }#ut_am_wrap_69e45fa5eb4ea { text-align: left; }@media (min-width: 768px) and (max-width: 1024px) { #ut_am_wrap_69e45fa5eb4ea { text-align: left !important; } }@media (max-width: 767px) { #ut_am_wrap_69e45fa5eb4ea { text-align: center !important; } }<\/style><div id=\"ut_am_wrap_69e45fa5eb4ea\" class=\"ut-image-gallery-image\"><div id=\"ut_reveal_69e45fa5eb4eb\"  data-appear-top-offset=\"auto\" class=\"ut-animated-image-item ut-image-gallery-item ut-animation-done\"><a class=\"ut-deactivated-link\" href=\"#\"><div class=\"ut-animated-image-zoom\">\r\n        <div class=\"ut-element-glitch-wrap\">\r\n\r\n            \r\n        <style type=\"text\/css\">\r\n\r\n                        \r\n        @media (min-width: 1025px) {\r\n\r\n        #ut-element-glitch-69e45fa5eb52b492421389-77310 .ut-glitch-single-element {\r\n                                            \r\n                }\r\n        }\r\n\r\n        @media (min-width: 768px) and (max-width: 1024px) {\r\n\r\n        #ut-element-glitch-69e45fa5eb52b492421389-77310 .ut-glitch-single-element {\r\n                                                \r\n                    }\r\n        }\r\n\r\n        @media (max-width: 767px) {\r\n\r\n        #ut-element-glitch-69e45fa5eb52b492421389-77310 .ut-glitch-single-element {\r\n                                                \r\n                    }\r\n        }\r\n\r\n        \r\n        <\/style>\r\n\r\n        \r\n            <div id=\"ut-element-glitch-69e45fa5eb52b492421389-77310\" class=\"ut-element-glitch ut-glitch-none ut-element-glitch-permanent\">\r\n                <div class=\"ut-glitch-single-element ut-lozad skip-lazy\" data-background-image=\"https:\/\/www.sellheads.com\/wp-content\/uploads\/2025\/09\/sellheads_wallstand-1300x867.png\"><\/div>\r\n                <div class=\"ut-glitch-single-element ut-lozad skip-lazy\" data-background-image=\"https:\/\/www.sellheads.com\/wp-content\/uploads\/2025\/09\/sellheads_wallstand-1300x867.png\"><\/div>\r\n                <div class=\"ut-glitch-single-element ut-lozad skip-lazy\" data-background-image=\"https:\/\/www.sellheads.com\/wp-content\/uploads\/2025\/09\/sellheads_wallstand-1300x867.png\"><\/div>\r\n                <div class=\"ut-glitch-single-element ut-lozad skip-lazy\" data-background-image=\"https:\/\/www.sellheads.com\/wp-content\/uploads\/2025\/09\/sellheads_wallstand-1300x867.png\"><\/div>\r\n                <div class=\"ut-glitch-single-element ut-lozad skip-lazy\" data-background-image=\"https:\/\/www.sellheads.com\/wp-content\/uploads\/2025\/09\/sellheads_wallstand-1300x867.png\"><\/div>\r\n            <\/div>\r\n\r\n        <\/div>\r\n\r\n        <img decoding=\"async\" class=\"ut-lazy skip-lazy ut-animated-image\"  id=\"ut_am_69e45fa5eb4e9\" src=\"data:image\/svg+xml;charset=utf-8,%3Csvg xmlns%3D'http%3A%2F%2Fwww.w3.org%2F2000%2Fsvg' viewBox%3D'0 0 1300 867'%2F%3E\" data-src=\"https:\/\/www.sellheads.com\/wp-content\/uploads\/2025\/09\/sellheads_wallstand-1300x867.png\" width=\"1300\" height=\"867\" alt=\"\"\/><\/div><\/a><\/div><\/div><\/div><\/div><\/div><\/div><div class=\"wpb_column vc_column_container vc_col-sm-8\" ><div id=\"ut_inner_column_69e45fa5eba67\" class=\"vc_column-inner\" ><div class=\"wpb_wrapper\"><div class=\"wpb_content_element\"><style type=\"text\/css\"><\/style><header id=\"ut_header_69e45fa5ebfb1\" class=\"section-header  ut-no-title-linebreak-mobile ut-no-lead-linebreak-mobile pt-style-2 header-left header-tablet-left header-mobile-center element-with-custom-line-height\"><div class=\"element-with-custom-line-height\" ><h2 data-title=\"Start-Ups &amp; Product Development\"  data-responsive-font=\"section_title\" class=\"section-title\"><span>Start-Ups &amp; Produktentwicklungen<\/span><\/h2><\/div><div data-delay=\"0\" class=\"lead\"><p>Sie m\u00f6chten ein Gesch\u00e4ftsmodell aufbauen, bei dem die Beschaffung aus der T\u00fcrkei eine zentrale Rolle spielt? Wir unterst\u00fctzen bei Produktentwicklung, Preisfindung, Margenkalkulation sowie Transport- und Zollfragen, damit Ihr Gesch\u00e4ftsmodell profitabel und nachhaltig funktioniert.<\/p>\n<\/div><\/header><\/div><\/div><\/div><\/div><\/div><div class=\"vc_row-full-width vc_clearfix\"><\/div><div id=\"ut-row-69e45fa5ed321\" data-vc-full-width=\"true\" data-vc-full-width-init=\"false\" data-vc-stretch-content=\"true\" class=\"vc_row wpb_row vc_row-fluid vc_row-has-fill vc_column-gap-0 ut-animate-element animated ut-no-animation-tablet ut-no-animation-mobile vc_row-o-full-height vc_row-o-columns-middle vc_row-flex ut-row-69e45fa5ed4e0 ut-parallax-section\" data-effect=\"fadeIn\" data-animateonce=\"yes\" data-delay=\"0\" data-animation-duration=\"1s\"><div id=\"ut-parallax-69e45fa5ed4f7\" data-parallax-factor=\"8\" data-background-image=\"https:\/\/www.sellheads.com\/wp-content\/uploads\/2025\/09\/sellheads_4_office.png?id=77266\" class=\"parallax-scroll-container parallax-scroll-container-hide ut-background-lozad\"><\/div><div class=\"wpb_column vc_column_container vc_col-sm-12\" ><div id=\"ut_inner_column_69e45fa5edd00\" class=\"vc_column-inner\" ><div class=\"wpb_wrapper\"><\/div><\/div><\/div><style type=\"text\/css\">#ut-row-69e45fa5ed321 {background-position: center;} #ut-parallax-69e45fa5ed4f7{background-size: cover !important}<\/style><\/div><div class=\"vc_row-full-width vc_clearfix\"><\/div><a data-id=\"section-without-id\" class=\"ut-vc-offset-anchor-bottom\" name=\"section-without-id\"><\/a><\/section><div class=\"vc_row-full-width vc_clearfix\"><\/div><section id=\"ut-section-69e45fa5eeaf7\" data-vc-full-width=\"true\" data-vc-full-width-init=\"false\" data-cursor-skin=\"global\" class=\"vc_section ut-vc-160 vc_section-has-no-fill ut-section-69e45fa5eeb01\"><div id=\"ut-row-69e45fa5ef4fc\" data-vc-full-width=\"true\" data-vc-full-width-init=\"false\" class=\"vc_row wpb_row vc_row-fluid vc_column-gap-0 ut-row-69e45fa5ef50a\" ><div class=\"wpb_column vc_column_container vc_col-sm-12\" ><div id=\"ut_inner_column_69e45fa5efd49\" class=\"vc_column-inner\" ><div class=\"wpb_wrapper\"><div class=\"wpb_content_element  vc_custom_1756670291216\"><style type=\"text\/css\"><\/style><header id=\"ut_header_69e45fa5f0253\" class=\"section-header  ut-no-title-linebreak-mobile ut-no-lead-linebreak-mobile pt-style-2 header-center header-tablet-center header-mobile-center element-with-custom-line-height\"><div class=\"element-with-custom-line-height\" ><h2 data-title=\"Our team takes care of:\"  data-responsive-font=\"section_title\" class=\"section-title\"><span>Unser Team \u00fcbernimmt f\u00fcr Sie:<\/span><\/h2><\/div><\/header><\/div><\/div><\/div><\/div><\/div><div class=\"vc_row-full-width vc_clearfix\"><\/div><div id=\"ut-row-69e45fa5f1513\" data-vc-full-width=\"true\" data-vc-full-width-init=\"false\" class=\"vc_row wpb_row vc_row-fluid vc_column-gap-40 vc_row-o-equal-height vc_row-o-content-top vc_row-flex ut-row-69e45fa5f1527\" ><div class=\"wpb_column vc_column_container vc_col-sm-12 vc_col-has-fill\" ><div id=\"ut_inner_column_69e45fa5f1dd5\" class=\"vc_column-inner\" ><div class=\"wpb_wrapper\"><div class=\"wpb_content_element\"><style class=\"bklyn-inline-styles\" type=\"text\/css\">#ut_fl_69e45fa5f29bb558172416.bklyn-fancy-list { font-size: 14px !important; }#ut_fl_69e45fa5f29bb558172416.bklyn-fancy-list { line-height: 24px !important; }#ut_fl_69e45fa5f29bb558172416 .bklyn-list li:not(:last-child) { margin-bottom: 10px; }#ut_fl_69e45fa5f29bb558172416 li span { color: rgba(17, 17, 17, 1); }#ut_fl_69e45fa5f29bb558172416 a { color: rgba(17, 17, 17, 1); }#ut_fl_69e45fa5f29bb558172416 a:visited { color: rgba(17, 17, 17, 1); }#ut_fl_69e45fa5f29bb558172416 ul { list-style-type: disc; }<\/style><div id=\"ut_fl_69e45fa5f29bb558172416\" class=\"bklyn-fancy-list  bklyn-fancy-list-center bklyn-fancy-list-tablet-center bklyn-fancy-list-mobile-center\"><ul class=\"bklyn-list\" data-appear-top-offset=\"almost\"><li class=\"bklyn-list-item-space-xsmall\"><span><span><strong>Kommunikation mit Produzenten<\/strong><\/span><\/a><\/span><\/li><li class=\"bklyn-list-item-space-xsmall\"><span><span><strong>Koordination &amp; \u00dcberwachung von Prozessen<\/strong><\/span><\/a><\/span><\/li><li class=\"bklyn-list-item-space-xsmall\"><span><span><strong>Durchf\u00fchrung von Qualit\u00e4tskontrollen<\/strong><\/span><\/a><\/span><\/li><li class=\"bklyn-list-item-space-xsmall\"><span><span><strong>Organisation des Transports<\/strong><\/span><\/a><\/span><\/li><li class=\"bklyn-list-item-space-xsmall\"><span><span><strong>Abwicklung von Zollformalit\u00e4ten &amp; Einhaltung gesetzlicher Vorgaben<\/strong><\/span><\/a><\/span><\/li><\/ul><\/div><\/div><\/div><\/div><style type=\"text\/css\">#ut_inner_column_69e45fa5f1dd5{background-color: #f8f8f8 !important;}<\/style><\/div><\/div><div class=\"vc_row-full-width vc_clearfix\"><\/div><div id=\"ut-row-69e45fa5f38f0\" data-vc-full-width=\"true\" data-vc-full-width-init=\"false\" class=\"vc_row wpb_row vc_row-fluid vc_column-gap-0 ut-row-69e45fa5f38ff\" ><div class=\"wpb_column vc_column_container vc_col-sm-12\" ><div id=\"ut_inner_column_69e45fa5f41ff\" class=\"vc_column-inner\" ><div class=\"wpb_wrapper\"><div class=\"wpb_content_element\"><style class=\"bklyn-inline-styles\" type=\"text\/css\">#ut_scb_69e45fa60010c.ut-project-sc { border-color: #dddddd; }#ut_scb_69e45fa60010c .ut-share-link { color: #999999; }#ut_scb_69e45fa60010c .ut-share-link:visited { color: #999999; }#ut_scb_69e45fa60010c .ut-share-link:hover { color: rgba(25, 181, 254, 1); }#ut_scb_69e45fa60010c .ut-share-link:focus { color: rgba(25, 181, 254, 1); }#ut_scb_69e45fa60010c .ut-share-link:active { color: rgba(25, 181, 254, 1); }<\/style><ul id=\"ut_scb_69e45fa60010c\" class=\"ut-project-sc clearfix  ut-project-sc-center ut-project-sc-tablet-center ut-project-sc-mobile-center\"><li><h6 class=\"widget-title\"><span>SHARE:<\/span><\/h6><\/li><li><a class=\"ut-share-link sc-facebook\" data-social=\"utsharefacebook\"><i class=\"fa fa-facebook\"><\/i><\/a><\/li><li><a class=\"ut-share-link sc-twitter\" data-social=\"utsharetwitter\"><i class=\"fa-brands fa-x-twitter\"><\/i><\/a><\/li><li><a class=\"ut-share-link sc-linkedin\" data-social=\"utsharelinkedin\"><i class=\"fa fa-linkedin\"><\/i><\/a><\/li><li><a class=\"ut-share-link sc-pinterest\" data-social=\"utsharepinterest\"><i class=\"fa fa-pinterest\"><\/i><\/a><\/li><li><a class=\"ut-share-link sc-xing\" data-social=\"utsharexing\"><i class=\"fa fa-xing\"><\/i><\/a><\/li><\/ul><\/div><\/div><\/div><\/div><\/div><div class=\"vc_row-full-width vc_clearfix\"><\/div><a data-id=\"section-without-id\" class=\"ut-vc-offset-anchor-bottom\" name=\"section-without-id\"><\/a><\/section><div class=\"vc_row-full-width vc_clearfix\"><\/div>\n<\/div>","protected":false},"excerpt":{"rendered":"ConsultingSuccessful Collaboration with Turkish Producers Efficient Coordination &amp; Support for Sustainable Business Success. Our services provide comprehensive support for companies working with producers in Turkey. We ensure smooth communication, efficient coordination of development and production processes, and reliable quality control. Quality Assurance &amp; CE CompliancePlanning to import from Turkey but uncertain about quality or certifications? [...]","protected":false},"author":1,"featured_media":0,"parent":0,"menu_order":0,"comment_status":"closed","ping_status":"closed","template":"","meta":{"footnotes":""},"class_list":["post-77254","page","type-page","status-publish","hentry"],"_links":{"self":[{"href":"https:\/\/www.sellheads.com\/de\/wp-json\/wp\/v2\/pages\/77254","targetHints":{"allow":["GET"]}}],"collection":[{"href":"https:\/\/www.sellheads.com\/de\/wp-json\/wp\/v2\/pages"}],"about":[{"href":"https:\/\/www.sellheads.com\/de\/wp-json\/wp\/v2\/types\/page"}],"author":[{"embeddable":true,"href":"https:\/\/www.sellheads.com\/de\/wp-json\/wp\/v2\/users\/1"}],"replies":[{"embeddable":true,"href":"https:\/\/www.sellheads.com\/de\/wp-json\/wp\/v2\/comments?post=77254"}],"version-history":[{"count":13,"href":"https:\/\/www.sellheads.com\/de\/wp-json\/wp\/v2\/pages\/77254\/revisions"}],"predecessor-version":[{"id":77311,"href":"https:\/\/www.sellheads.com\/de\/wp-json\/wp\/v2\/pages\/77254\/revisions\/77311"}],"wp:attachment":[{"href":"https:\/\/www.sellheads.com\/de\/wp-json\/wp\/v2\/media?parent=77254"}],"curies":[{"name":"wp","href":"https:\/\/api.w.org\/{rel}","templated":true}]}}