{"id":77435,"date":"2025-09-09T11:15:54","date_gmt":"2025-09-09T11:15:54","guid":{"rendered":"https:\/\/www.sellheads.com\/?page_id=77435"},"modified":"2025-09-09T11:51:37","modified_gmt":"2025-09-09T11:51:37","slug":"furniture-interior","status":"publish","type":"page","link":"https:\/\/www.sellheads.com\/de\/furniture-interior\/","title":{"rendered":"M\u00f6bel &amp; Inneneinrichtung"},"content":{"rendered":"<div class=\"wpb-content-wrapper\"><section id=\"ut-section-69f0ecca0b67e\" data-section-title=\"Section Padding Bottom 0\" data-vc-full-width=\"true\" data-vc-full-width-init=\"false\" data-cursor-skin=\"global\" class=\"vc_section ut-vc-160 vc_section-has-no-fill ut-section-69f0ecca0b6df\"><div id=\"ut-row-69f0ecca0d3ce\" data-vc-full-width=\"true\" data-vc-full-width-init=\"false\" class=\"vc_row wpb_row vc_row-fluid vc_column-gap-0 ut-row-69f0ecca0d3f9\" ><div class=\"wpb_column vc_column_container vc_col-sm-12\" ><div id=\"ut_inner_column_69f0ecca0e9e2\" class=\"vc_column-inner\" ><div class=\"wpb_wrapper\"><div class=\"wpb_content_element\"><style type=\"text\/css\"><\/style><header id=\"ut_header_69f0ecca0f135\" class=\"section-header  ut-no-title-linebreak-mobile ut-no-lead-linebreak-mobile pt-style-2 header-center header-tablet-center header-mobile-center element-with-custom-line-height\"><div class=\"element-with-custom-line-height\" ><h2 data-title=\"Furniture &amp; Interior&#13;&#10;Efficient Sourcing with SELLHEADS\"  data-responsive-font=\"section_title\" class=\"section-title title-with-linebreak\"><span>Furniture &amp; Interior<br \/>\nMit SELLHEADS effizient sourcen<\/span><\/h2><\/div><div data-delay=\"0\" class=\"lead title-with-linebreak\"><p>Die T\u00fcrkei z\u00e4hlt zu den wichtigsten Produktionsstandorten f\u00fcr M\u00f6bel und Interior-Produkte in Europa. \u00dcber unser Sourcing-Netzwerk verbinden wir Sie mit den passenden Herstellern \u2013 von Serienproduktion bis hin zu individuellen Spezialanfertigungen.<\/p>\n<\/div><\/header><\/div><\/div><\/div><\/div><\/div><div class=\"vc_row-full-width vc_clearfix\"><\/div><a data-id=\"section-without-id\" class=\"ut-vc-offset-anchor-bottom\" name=\"section-without-id\"><\/a><style type=\"text\/css\">#ut-section-69f0ecca0b67e{padding-bottom: 0px !important;} <\/style><\/section><div class=\"vc_row-full-width vc_clearfix\"><\/div><section id=\"ut-section-69f0ecca172bf\" data-vc-full-width=\"true\" data-vc-full-width-init=\"false\" data-cursor-skin=\"global\" class=\"vc_section ut-vc-160 vc_section-has-fill ut-section-69f0ecca172d7 ut-parallax-section ut-has-element-glitch\"><div id=\"ut-parallax-69f0ecca172eb\" data-parallax-factor=\"8\" data-background-image=\"https:\/\/www.sellheads.com\/wp-content\/uploads\/2025\/09\/sellheads_uppolstery_turkey.png?id=77278\" class=\"parallax-scroll-container parallax-scroll-container-hide ut-background-lozad\">\r\n        <div class=\"ut-element-glitch-wrap\">\r\n\r\n            \r\n        <style type=\"text\/css\">\r\n\r\n                        \r\n        @media (min-width: 1025px) {\r\n\r\n        #ut-element-glitch-69f0ecca17471085613857- .ut-glitch-single-element {\r\n                        background-image:url(\"\"); background-position:center center !important;                        \r\n                    }\r\n        }\r\n\r\n        @media (min-width: 768px) and (max-width: 1024px) {\r\n\r\n        #ut-element-glitch-69f0ecca17471085613857- .ut-glitch-single-element {\r\n                        background-image:url(\"\"); background-position:center center !important;                        \r\n                    }\r\n        }\r\n\r\n        @media (max-width: 767px) {\r\n\r\n        #ut-element-glitch-69f0ecca17471085613857- .ut-glitch-single-element {\r\n                        background-image:url(\"\"); background-position:center center !important;                        \r\n                    }\r\n        }\r\n\r\n        \r\n        <\/style>\r\n\r\n        \r\n            <div id=\"ut-element-glitch-69f0ecca17471085613857-\" class=\"ut-element-glitch ut-glitch-none ut-element-glitch-permanent ut-element-glitch-transparent ut-simple-glitch-text-permanent ut-simple-glitch-text-none-permanent\">\r\n                <div class=\"ut-glitch-single-element\" data-background-image=\"\"><\/div>\r\n                <div class=\"ut-glitch-single-element\" data-background-image=\"\"><\/div>\r\n                <div class=\"ut-glitch-single-element\" data-background-image=\"\"><\/div>\r\n                <div class=\"ut-glitch-single-element\" data-background-image=\"\"><\/div>\r\n                <div class=\"ut-glitch-single-element\" data-background-image=\"\"><\/div>\r\n            <\/div>\r\n\r\n        <\/div>\r\n\r\n        <\/div><div id=\"ut-row-69f0ecca18062\" data-vc-full-width=\"true\" data-vc-full-width-init=\"false\" class=\"vc_row wpb_row vc_row-fluid vc_column-gap-0 ut-row-69f0ecca1807b\" ><div class=\"wpb_column vc_column_container vc_col-sm-12\" ><div id=\"ut_inner_column_69f0ecca18bc0\" class=\"vc_column-inner\" ><div class=\"wpb_wrapper\"><div class=\"wpb_content_element\"><style type=\"text\/css\">#ut_header_69f0ecca1900d h2.section-title, #ut_header_69f0ecca1900d h2.section-title span { color:#ffffff; }#ut_header_69f0ecca1900d .lead { color:#ffffff; }#ut_header_69f0ecca1900d .lead p { color:#ffffff; }#ut_header_69f0ecca1900d.pt-style-2 .page-title span:after, #ut_header_69f0ecca1900d.pt-style-2 .parallax-title span:after, #ut_header_69f0ecca1900d.pt-style-2 .section-title span:after { background-color:#ffffff !important;}<\/style><header id=\"ut_header_69f0ecca1900d\" class=\"section-header  ut-no-title-linebreak-mobile ut-no-lead-linebreak-mobile pt-style-2 header-left header-tablet-left header-mobile-center element-with-custom-line-height\"><div class=\"element-with-custom-line-height\" ><h2 data-title=\"From production to delivery\"  data-responsive-font=\"section_title\" class=\"section-title\"><span>Von der Produktion bis zur Lieferung<\/span><\/h2><\/div><div data-delay=\"0\" class=\"lead\"><p>Mit SELLHEADS profitieren Sie von einer effizienten und transparenten Beschaffung. Wir identifizieren die richtigen Produzenten f\u00fcr Ihre Anforderungen, \u00fcbernehmen Qualit\u00e4tskontrollen vor Ort und sorgen f\u00fcr eine reibungslose Abwicklung \u2013 von der Produktion bis zur Lieferung.<\/p>\n<\/div><\/header><\/div><\/div><\/div><\/div><\/div><div class=\"vc_row-full-width vc_clearfix\"><\/div><a data-id=\"section-without-id\" class=\"ut-vc-offset-anchor-bottom\" name=\"section-without-id\"><\/a><style type=\"text\/css\">#ut-section-69f0ecca172bf{} #ut-parallax-69f0ecca172eb { background-position: center center; }<\/style><\/section><div class=\"vc_row-full-width vc_clearfix\"><\/div><section id=\"ut-section-69f0ecca1c692\" data-vc-full-width=\"true\" data-vc-full-width-init=\"false\" data-cursor-skin=\"global\" class=\"vc_section ut-vc-160 vc_section-has-no-fill ut-section-69f0ecca1c6ad\"><div id=\"ut-row-69f0ecca1d7e1\" data-vc-full-width=\"true\" data-vc-full-width-init=\"false\" class=\"vc_row wpb_row vc_row-fluid vc_column-gap-0 vc_row-o-equal-height vc_row-o-content-middle vc_row-flex ut-row-69f0ecca1d8d4\" ><div class=\"wpb_column vc_column_container vc_col-sm-6\" ><div id=\"ut_inner_column_69f0ecca1e814\" class=\"vc_column-inner\" ><div class=\"wpb_wrapper\"><div data-effect=\"fadeIn\" data-animateonce=\"yes\" data-delay=\"100\" class=\"wpb_content_element ut-animate-image animated ut-no-animation-tablet ut-no-animation-mobile  clearfix\"><style type=\"text\/css\">#ut_am_69f0ecca1f535 { opacity: 1; }#ut_am_wrap_69f0ecca1f537 { text-align: center; }@media (min-width: 768px) and (max-width: 1024px) { #ut_am_wrap_69f0ecca1f537 { text-align: center !important; } }@media (max-width: 767px) { #ut_am_wrap_69f0ecca1f537 { text-align: center !important; } }<\/style><div id=\"ut_am_wrap_69f0ecca1f537\" class=\"ut-image-gallery-image\"><div id=\"ut_reveal_69f0ecca1f539\"  data-appear-top-offset=\"auto\" class=\"ut-animated-image-item ut-image-gallery-item ut-animation-done\"><a class=\"ut-deactivated-link\" href=\"#\"><div class=\"ut-animated-image-zoom\">\r\n        <div class=\"ut-element-glitch-wrap\">\r\n\r\n            \r\n        <style type=\"text\/css\">\r\n\r\n                        \r\n        @media (min-width: 1025px) {\r\n\r\n        #ut-element-glitch-69f0ecca1f5af568031627-77095 .ut-glitch-single-element {\r\n                                            \r\n                }\r\n        }\r\n\r\n        @media (min-width: 768px) and (max-width: 1024px) {\r\n\r\n        #ut-element-glitch-69f0ecca1f5af568031627-77095 .ut-glitch-single-element {\r\n                                                \r\n                    }\r\n        }\r\n\r\n        @media (max-width: 767px) {\r\n\r\n        #ut-element-glitch-69f0ecca1f5af568031627-77095 .ut-glitch-single-element {\r\n                                                \r\n                    }\r\n        }\r\n\r\n        \r\n        <\/style>\r\n\r\n        \r\n            <div id=\"ut-element-glitch-69f0ecca1f5af568031627-77095\" class=\"ut-element-glitch ut-glitch-none ut-element-glitch-permanent\">\r\n                <div class=\"ut-glitch-single-element ut-lozad skip-lazy\" data-background-image=\"https:\/\/www.sellheads.com\/wp-content\/uploads\/2023\/07\/4-1.jpg\"><\/div>\r\n                <div class=\"ut-glitch-single-element ut-lozad skip-lazy\" data-background-image=\"https:\/\/www.sellheads.com\/wp-content\/uploads\/2023\/07\/4-1.jpg\"><\/div>\r\n                <div class=\"ut-glitch-single-element ut-lozad skip-lazy\" data-background-image=\"https:\/\/www.sellheads.com\/wp-content\/uploads\/2023\/07\/4-1.jpg\"><\/div>\r\n                <div class=\"ut-glitch-single-element ut-lozad skip-lazy\" data-background-image=\"https:\/\/www.sellheads.com\/wp-content\/uploads\/2023\/07\/4-1.jpg\"><\/div>\r\n                <div class=\"ut-glitch-single-element ut-lozad skip-lazy\" data-background-image=\"https:\/\/www.sellheads.com\/wp-content\/uploads\/2023\/07\/4-1.jpg\"><\/div>\r\n            <\/div>\r\n\r\n        <\/div>\r\n\r\n        <img fetchpriority=\"high\" decoding=\"async\" class=\"ut-lazy skip-lazy ut-animated-image\"  id=\"ut_am_69f0ecca1f535\" src=\"data:image\/svg+xml;charset=utf-8,%3Csvg xmlns%3D'http%3A%2F%2Fwww.w3.org%2F2000%2Fsvg' viewBox%3D'0 0 620 468'%2F%3E\" data-src=\"https:\/\/www.sellheads.com\/wp-content\/uploads\/2023\/07\/4-1.jpg\" width=\"620\" height=\"468\" alt=\"\"\/><\/div><\/a><\/div><\/div><\/div><\/div><\/div><\/div><div class=\"wpb_column vc_column_container vc_col-sm-6\" ><div id=\"ut_inner_column_69f0ecca1fcd2\" class=\"vc_column-inner\" ><div class=\"wpb_wrapper\"><div class=\"wpb_content_element\"><style type=\"text\/css\"><\/style><header id=\"ut_header_69f0ecca203f4\" class=\"section-header  ut-no-title-linebreak-mobile ut-no-lead-linebreak-mobile pt-style-2 header-left header-tablet-left header-mobile-center element-with-custom-line-height\"><div class=\"element-with-custom-line-height\" ><h2 data-title=\"Our Services in Furniture &amp; Interior Sourcing:\"  data-responsive-font=\"section_title\" class=\"section-title\"><span>Unsere Leistungen im Bereich Furniture &amp; Interior Sourcing:<\/span><\/h2><\/div><div data-delay=\"0\" class=\"lead\"><p>\u2013 Herstellerrecherche &amp; Lieferantenauswahl in der T\u00fcrkei<br \/>\n\u2013 Qualit\u00e4tskontrolle &amp; Produktions\u00fcberwachung direkt an der Quelle<br \/>\n\u2013 Unterst\u00fctzung bei Design &amp; Sonderanfertigungen<br \/>\n\u2013 Transport, Zollabwicklung &amp; Logistik<br \/>\n\u2013 Beratung zu Materialien, Nachhaltigkeit &amp; internationalen Standards<\/p>\n<\/div><\/header><\/div><div class=\"wpb_content_element  vc_custom_1757418269873\"><style type=\"text\/css\"><\/style><header id=\"ut_header_69f0ecca21085\" class=\"section-header  ut-no-title-linebreak-mobile ut-no-lead-linebreak-mobile pt-style-2 header-left header-tablet-left header-mobile-center element-with-custom-line-height\"><div data-delay=\"0\" class=\"lead\"><p>Ob Wohn- und Esszimmer, Polsterm\u00f6bel, Schlafzimmer, Outdoor oder Interior-Accessoires \u2013 wir stellen sicher, dass Design, Qualit\u00e4t und Kosten Ihren Anforderungen entsprechen. Mit SELLHEADS wird Furniture &amp; Interior Sourcing zum Wettbewerbsvorteil: effizient, zuverl\u00e4ssig und international skalierbar.<\/p>\n<\/div><\/header><\/div><\/div><\/div><\/div><\/div><div class=\"vc_row-full-width vc_clearfix\"><\/div><a data-id=\"section-without-id\" class=\"ut-vc-offset-anchor-bottom\" name=\"section-without-id\"><\/a><\/section><div class=\"vc_row-full-width vc_clearfix\"><\/div><section id=\"ut-section-69f0ecca22c29\" data-vc-full-width=\"true\" data-vc-full-width-init=\"false\" data-cursor-skin=\"global\" class=\"vc_section ut-vc-160 vc_section-has-no-fill ut-section-69f0ecca22c41\"><div id=\"ut-row-69f0ecca23752\" data-vc-full-width=\"true\" data-vc-full-width-init=\"false\" class=\"vc_row wpb_row vc_row-fluid vc_column-gap-0 ut-row-69f0ecca23771\" ><div class=\"wpb_column vc_column_container vc_col-sm-12\" ><div id=\"ut_inner_column_69f0ecca24392\" class=\"vc_column-inner\" ><div class=\"wpb_wrapper\"><div class=\"wpb_content_element\"><style class=\"bklyn-inline-styles\" type=\"text\/css\">#ut_scb_69f0ecca244da.ut-project-sc { border-color: #dddddd; }#ut_scb_69f0ecca244da .ut-share-link { color: #999999; }#ut_scb_69f0ecca244da .ut-share-link:visited { color: #999999; }#ut_scb_69f0ecca244da .ut-share-link:hover { color: rgba(25, 181, 254, 1); }#ut_scb_69f0ecca244da .ut-share-link:focus { color: rgba(25, 181, 254, 1); }#ut_scb_69f0ecca244da .ut-share-link:active { color: rgba(25, 181, 254, 1); }<\/style><ul id=\"ut_scb_69f0ecca244da\" class=\"ut-project-sc clearfix  ut-project-sc-center ut-project-sc-tablet-center ut-project-sc-mobile-center\"><li><h6 class=\"widget-title\"><span>SHARE:<\/span><\/h6><\/li><li><a class=\"ut-share-link sc-facebook\" data-social=\"utsharefacebook\"><i class=\"fa fa-facebook\"><\/i><\/a><\/li><li><a class=\"ut-share-link sc-twitter\" data-social=\"utsharetwitter\"><i class=\"fa-brands fa-x-twitter\"><\/i><\/a><\/li><li><a class=\"ut-share-link sc-linkedin\" data-social=\"utsharelinkedin\"><i class=\"fa fa-linkedin\"><\/i><\/a><\/li><li><a class=\"ut-share-link sc-pinterest\" data-social=\"utsharepinterest\"><i class=\"fa fa-pinterest\"><\/i><\/a><\/li><li><a class=\"ut-share-link sc-xing\" data-social=\"utsharexing\"><i class=\"fa fa-xing\"><\/i><\/a><\/li><\/ul><\/div><\/div><\/div><\/div><\/div><div class=\"vc_row-full-width vc_clearfix\"><\/div><a data-id=\"section-without-id\" class=\"ut-vc-offset-anchor-bottom\" name=\"section-without-id\"><\/a><\/section><div class=\"vc_row-full-width vc_clearfix\"><\/div>\n<\/div>","protected":false},"excerpt":{"rendered":"Furniture &amp; Interior Efficient Sourcing with SELLHEADSTurkey is one of the leading production hubs for furniture and interior products in Europe. Through our sourcing network, we connect you with the right manufacturers \u2013 from large-scale production to customized special solutions. From production to deliveryWith SELLHEADS, you benefit from efficient and transparent procurement. We identify the [...]","protected":false},"author":1,"featured_media":0,"parent":0,"menu_order":0,"comment_status":"closed","ping_status":"closed","template":"","meta":{"footnotes":""},"class_list":["post-77435","page","type-page","status-publish","hentry"],"_links":{"self":[{"href":"https:\/\/www.sellheads.com\/de\/wp-json\/wp\/v2\/pages\/77435","targetHints":{"allow":["GET"]}}],"collection":[{"href":"https:\/\/www.sellheads.com\/de\/wp-json\/wp\/v2\/pages"}],"about":[{"href":"https:\/\/www.sellheads.com\/de\/wp-json\/wp\/v2\/types\/page"}],"author":[{"embeddable":true,"href":"https:\/\/www.sellheads.com\/de\/wp-json\/wp\/v2\/users\/1"}],"replies":[{"embeddable":true,"href":"https:\/\/www.sellheads.com\/de\/wp-json\/wp\/v2\/comments?post=77435"}],"version-history":[{"count":26,"href":"https:\/\/www.sellheads.com\/de\/wp-json\/wp\/v2\/pages\/77435\/revisions"}],"predecessor-version":[{"id":77461,"href":"https:\/\/www.sellheads.com\/de\/wp-json\/wp\/v2\/pages\/77435\/revisions\/77461"}],"wp:attachment":[{"href":"https:\/\/www.sellheads.com\/de\/wp-json\/wp\/v2\/media?parent=77435"}],"curies":[{"name":"wp","href":"https:\/\/api.w.org\/{rel}","templated":true}]}}