{"id":77214,"date":"2025-08-30T16:10:17","date_gmt":"2025-08-30T16:10:17","guid":{"rendered":"https:\/\/www.sellheads.com\/?page_id=77214"},"modified":"2025-09-01T21:57:07","modified_gmt":"2025-09-01T21:57:07","slug":"supplier-audits-company-inspections","status":"publish","type":"page","link":"https:\/\/www.sellheads.com\/tr\/supplier-audits-company-inspections\/","title":{"rendered":"Supplier Audits &#038; Company Inspections"},"content":{"rendered":"<div class=\"wpb-content-wrapper\"><section id=\"ut-section-69e47c7b210fd\" data-section-title=\"First Section \/ Work\" data-vc-full-width=\"true\" data-vc-full-width-init=\"false\" data-cursor-skin=\"global\" class=\"vc_section ut-vc-160 vc_section-has-no-fill ut-section-69e47c7b2111d ut-section-with-linking\"><a id=\"section-work\" data-id=\"section-work\" class=\"ut-vc-offset-anchor-top\" name=\"section-work\">Work<\/a><div id=\"ut-row-69e47c7b21d89\" data-vc-full-width=\"true\" data-vc-full-width-init=\"false\" class=\"vc_row wpb_row vc_row-fluid vc_column-gap-0 ut-row-69e47c7b21d9c\" ><div class=\"wpb_column vc_column_container vc_col-sm-12 vc_col-lg-12\" ><div id=\"ut_inner_column_69e47c7b22941\" class=\"vc_column-inner\" ><div class=\"wpb_wrapper\"><div class=\"wpb_content_element\"><style type=\"text\/css\"><\/style><header id=\"ut_header_69e47c7b22f4d\" class=\"section-header  ut-no-title-linebreak-mobile ut-no-lead-linebreak-mobile pt-style-2 header-center header-tablet-center header-mobile-center element-with-custom-line-height\"><div class=\"element-with-custom-line-height\" ><h2 data-title=\"Factory Audit &amp; Company Inspection\"  data-responsive-font=\"section_title\" class=\"section-title\"><span>Fabrika Denetimi &amp; Firma \u0130ncelemesi<\/span><\/h2><\/div><div data-delay=\"0\" class=\"lead\"><p>T\u00fcrkiye\u2019de profesyonel fabrika denetimleri ve firma incelemeleri ile tedarik\u00e7i kalitenizi g\u00fcvence alt\u0131na al\u0131n.<br \/>\nDaha fazla \u015feffafl\u0131k \u2013 tedarik zincirinizde daha az risk.<\/p>\n<p>SELLHEADS ile tedarik\u00e7ilerinizin kalite ve performans\u0131n\u0131 do\u011frudan sahada kontrol edebilirsiniz. Denetimlerimiz, i\u015f ortaklar\u0131n\u0131z\u0131n \u00fcretim s\u00fcre\u00e7lerini, altyap\u0131s\u0131n\u0131 ve kalite standartlar\u0131n\u0131 de\u011ferlendirir. B\u00f6ylece riskleri en aza indirir, \u00fcretim kesintilerini \u00f6nler ve sa\u011flam bir tedarik zinciri sa\u011flars\u0131n\u0131z.<\/p>\n<p>Sizin i\u00e7in b\u00fcy\u00fck bir avantaj: Bizimle kendi ana dilinizde ileti\u015fim kurabilir ve taleplerinizi net bir \u015fekilde iletebilirsiniz \u2013 tedarik\u00e7ilerle t\u00fcm koordinasyonu biz \u00fcstleniyoruz.<\/p>\n<\/div><\/header><\/div><\/div><\/div><\/div><\/div><div class=\"vc_row-full-width vc_clearfix\"><\/div><a data-id=\"section-work\" class=\"ut-vc-offset-anchor-bottom\" name=\"section-work\">Work<\/a><\/section><div class=\"vc_row-full-width vc_clearfix\"><\/div><section id=\"ut-section-69e47c7b281b7\" data-section-title=\"Service Section\" data-vc-full-width=\"true\" data-vc-full-width-init=\"false\" data-cursor-skin=\"global\" class=\"vc_section ut-vc-160 vc_section-has-no-fill ut-section-69e47c7b281cb ut-section-with-linking\"><a id=\"section-services\" data-id=\"section-services\" class=\"ut-vc-offset-anchor-top\" name=\"section-services\">Hizmetler<\/a><div id=\"ut-row-69e47c7b28c82\" data-vc-full-width=\"true\" data-vc-full-width-init=\"false\" class=\"vc_row wpb_row vc_row-fluid vc_column-gap-0 ut-row-69e47c7b28c9b\" ><div class=\"wpb_column vc_column_container vc_col-sm-12 vc_col-lg-12\" ><div id=\"ut_inner_column_69e47c7b294c2\" class=\"vc_column-inner\" ><div class=\"wpb_wrapper\"><div class=\"wpb_content_element\"><style type=\"text\/css\"><\/style><header id=\"ut_header_69e47c7b2997e\" class=\"section-header  ut-no-title-linebreak-mobile ut-no-lead-linebreak-mobile pt-style-2 header-center header-tablet-center header-mobile-center element-with-custom-line-height\"><div class=\"element-with-custom-line-height\" ><h2 data-title=\"Our Services for Maximum Transparency &amp; Quality Assurance\"  data-responsive-font=\"section_title\" class=\"section-title\"><span>Maksimum \u015eeffafl\u0131k ve Kalite G\u00fcvencesi i\u00e7in Hizmetlerimiz<\/span><\/h2><\/div><\/header><\/div><\/div><\/div><\/div><\/div><div class=\"vc_row-full-width vc_clearfix\"><\/div><div id=\"ut-row-69e47c7b2a6e5\" data-vc-full-width=\"true\" data-vc-full-width-init=\"false\" class=\"vc_row wpb_row vc_row-fluid vc_column-gap-0 ut-row-69e47c7b2a6f9\" ><div class=\"wpb_column vc_column_container vc_col-sm-6\" ><div id=\"ut_inner_column_69e47c7b2ad19\" class=\"vc_column-inner\" ><div class=\"wpb_wrapper\"><div class=\"wpb_content_element\"><style type=\"text\/css\">#ut_sc_69e47c7b2af8f .ut-service-column a.ut-service-column-link { font-size: 12px; }#ut-svg-69e47c7b2af90 { display:none; }#ut-svg-69e47c7b2af90.ut-svg-loaded { display:block; }#ut-svg-69e47c7b2af90 path { stroke:rgba(25, 181, 254, 1); }<\/style><div id=\"ut_sc_69e47c7b2af8f\" data-effect=\"fadeInUp\" data-animateonce=\"yes\" data-delay=\"0\" class=\"ut-horizontal-style ut-horizontal-style-align-left  clearfix  ut-animate-element animated ut-no-animation-tablet ut-no-animation-mobile\" ><figure class=\"ut-service-icon  ut-service-icon-normal ut-service-icon-large ut-service-icon-with-svg\">\t\t\t\r\n\t\t\t<style type=\"text\/css\">\r\n\t\t\t\t\r\n\t\t\t\t\t\t\t\t\r\n\t\t\t\t\t#ut-svg-69e47c7b2afce { display:none; }\r\n\t\t\t\t\t#ut-svg-69e47c7b2afce.ut-svg-loaded { display:block; }\r\n\t\t\t\t\r\n\t\t\t\t\r\n\t\t\t\t#ut-svg-69e47c7b2afce path { stroke: rgba(25, 181, 254, 1); }\r\n\t\t\t\t#ut-svg-69e47c7b2afce line { stroke: rgba(25, 181, 254, 1); }\r\n\t\t\t\t#ut-svg-69e47c7b2afce circle { stroke: rgba(25, 181, 254, 1); }\r\n\t\t\t\t#ut-svg-69e47c7b2afce rect { stroke: rgba(25, 181, 254, 1); }\r\n\t\t\t\t#ut-svg-69e47c7b2afce ellipse { stroke: rgba(25, 181, 254, 1); }\r\n\t\t\t\t#ut-svg-69e47c7b2afce polyline { stroke: rgba(25, 181, 254, 1); }\r\n\t\t\t\t#ut-svg-69e47c7b2afce polygon { stroke: rgba(25, 181, 254, 1); }\r\n\t\t\t\t\r\n\t\t\t\t#ut-svg-69e47c7b2afce [data-name=\"layer1\"] { stroke: rgba(25, 181, 254, 1); }\r\n\t\t\t\t#ut-svg-69e47c7b2afce [data-name=\"layer1\"] path { stroke: rgba(25, 181, 254, 1); }\r\n\t\t\t\t\r\n\t\t\t\t\t\t\t\t\t\t\t\t\r\n\t\t\t\t\t\t\t\t\r\n\r\n\t\t\t<\/style>\r\n\t\t\r\n\t\t\r\n\r\n<svg version=\"1.1\" class=\"ut-vivus-draw\" data-settings=\"{&quot;draw_svg_icons&quot;:&quot;yes&quot;,&quot;draw_svg_type&quot;:&quot;oneByOne&quot;,&quot;draw_svg_delay&quot;:333.3333333333333,&quot;draw_svg_duration&quot;:&quot;150&quot;}\" id=\"ut-svg-69e47c7b2afce\" xmlns=\"http:\/\/www.w3.org\/2000\/svg\" xmlns:xlink=\"http:\/\/www.w3.org\/1999\/xlink\" x=\"0px\" y=\"0px\"\r\n\t width=\"64px\" height=\"64px\" viewbox=\"0 0 64 64\" enable-background=\"new 0 0 64 64\" xml:space=\"preserve\">\r\n<g>\r\n\t<polygon fill=\"none\" stroke=\"#000000\" stroke-width=\"2\" stroke-miterlimit=\"10\" points=\"32,1 26,1 26,10 20,12 14,6 6,14 12,20 \t\t10,26 1,26 1,38 10,38 12,44 6,50 14,58 20,52 26,54 26,63 32,63 38,63 38,54 44,52 50,58 58,50 52,44 54,38 63,38 63,26 54,26 \t\t52,20 58,14 50,6 44,12 38,10 38,1 \t\"\/>\r\n\t<circle fill=\"none\" stroke=\"#000000\" stroke-width=\"2\" stroke-miterlimit=\"10\" cx=\"32\" cy=\"32\" r=\"6\"\/>\r\n<\/g>\r\n<\/svg>\r\n<\/figure><div class=\"ut-service-column ut-service-column-horiz\"><h3 data-responsive-font=\"h3\">Tedarik\u00e7i Denetimi &amp; \u00dcretim De\u011ferlendirmesi<\/h3><p class=\"element-with-custom-line-height\" data-responsive-font=\"p\">\u00dcretim tesislerini, s\u00fcre\u00e7leri, makineleri ve kapasiteleri inceliyoruz. Bak\u0131m planlar\u0131n\u0131 ve uygulamalar\u0131 analiz ederek tedarik zincirinin uzun vadede istikrarl\u0131 kalmas\u0131n\u0131 sa\u011fl\u0131yoruz.<\/p><\/div><\/div><\/div><\/div><\/div><\/div><div class=\"wpb_column vc_column_container vc_col-sm-6\" ><div id=\"ut_inner_column_69e47c7b2b3fd\" class=\"vc_column-inner\" ><div class=\"wpb_wrapper\"><div class=\"wpb_content_element\"><style type=\"text\/css\">#ut_sc_69e47c7b2b59b .ut-service-column a.ut-service-column-link { font-size: 12px; }#ut-svg-69e47c7b2b59c { display:none; }#ut-svg-69e47c7b2b59c.ut-svg-loaded { display:block; }#ut-svg-69e47c7b2b59c path { stroke:rgba(25, 181, 254, 1); }<\/style><div id=\"ut_sc_69e47c7b2b59b\" data-effect=\"fadeInUp\" data-animateonce=\"yes\" data-delay=\"200\" class=\"ut-horizontal-style ut-horizontal-style-align-left  clearfix  ut-animate-element animated ut-no-animation-tablet ut-no-animation-mobile\" ><figure class=\"ut-service-icon  ut-service-icon-normal ut-service-icon-large ut-service-icon-with-svg\">\t\t\t\r\n\t\t\t<style type=\"text\/css\">\r\n\t\t\t\t\r\n\t\t\t\t\t\t\t\t\r\n\t\t\t\t\t#ut-svg-69e47c7b2b5cd { display:none; }\r\n\t\t\t\t\t#ut-svg-69e47c7b2b5cd.ut-svg-loaded { display:block; }\r\n\t\t\t\t\r\n\t\t\t\t\r\n\t\t\t\t#ut-svg-69e47c7b2b5cd path { stroke: rgba(25, 181, 254, 1); }\r\n\t\t\t\t#ut-svg-69e47c7b2b5cd line { stroke: rgba(25, 181, 254, 1); }\r\n\t\t\t\t#ut-svg-69e47c7b2b5cd circle { stroke: rgba(25, 181, 254, 1); }\r\n\t\t\t\t#ut-svg-69e47c7b2b5cd rect { stroke: rgba(25, 181, 254, 1); }\r\n\t\t\t\t#ut-svg-69e47c7b2b5cd ellipse { stroke: rgba(25, 181, 254, 1); }\r\n\t\t\t\t#ut-svg-69e47c7b2b5cd polyline { stroke: rgba(25, 181, 254, 1); }\r\n\t\t\t\t#ut-svg-69e47c7b2b5cd polygon { stroke: rgba(25, 181, 254, 1); }\r\n\t\t\t\t\r\n\t\t\t\t#ut-svg-69e47c7b2b5cd [data-name=\"layer1\"] { stroke: rgba(25, 181, 254, 1); }\r\n\t\t\t\t#ut-svg-69e47c7b2b5cd [data-name=\"layer1\"] path { stroke: rgba(25, 181, 254, 1); }\r\n\t\t\t\t\r\n\t\t\t\t\t\t\t\t\t\t\t\t\r\n\t\t\t\t\t\t\t\t\r\n\r\n\t\t\t<\/style>\r\n\t\t\r\n\t\t\r\n\r\n<svg version=\"1.1\" class=\"ut-vivus-draw\" data-settings=\"{&quot;draw_svg_icons&quot;:&quot;yes&quot;,&quot;draw_svg_type&quot;:&quot;oneByOne&quot;,&quot;draw_svg_delay&quot;:533.3333333333333,&quot;draw_svg_duration&quot;:&quot;150&quot;}\" id=\"ut-svg-69e47c7b2b5cd\" xmlns=\"http:\/\/www.w3.org\/2000\/svg\" xmlns:xlink=\"http:\/\/www.w3.org\/1999\/xlink\" x=\"0px\" y=\"0px\"\r\n\t width=\"64px\" height=\"64px\" viewbox=\"0 0 64 64\" enable-background=\"new 0 0 64 64\" xml:space=\"preserve\">\r\n<g>\r\n\t<polygon fill=\"none\" stroke=\"#000000\" stroke-width=\"2\" stroke-miterlimit=\"10\" points=\"23,1 55,1 55,63 9,63 9,15 \t\"\/>\r\n\t<polyline fill=\"none\" stroke=\"#000000\" stroke-width=\"2\" stroke-miterlimit=\"10\" points=\"9,15 23,15 23,1 \t\"\/>\r\n<\/g>\r\n<polyline fill=\"none\" stroke=\"#000000\" stroke-width=\"2\" stroke-linejoin=\"bevel\" stroke-miterlimit=\"10\" points=\"23,36 30,43 \t43,30 \"\/>\r\n<\/svg>\r\n<\/figure><div class=\"ut-service-column ut-service-column-horiz\"><h3 data-responsive-font=\"h3\">Y\u00f6netim &amp; S\u00fcre\u00e7 \u0130ncelemesi<\/h3><p class=\"element-with-custom-line-height\" data-responsive-font=\"p\">Y\u00f6netim yetkinli\u011fi, kalite sistemleri (ISO 9001) ve dok\u00fcmantasyonu de\u011ferlendiriyoruz. Parti izlenebilirli\u011fi, hem m\u00fc\u015fteri \u015fartnamelerine hem de yasalara uygunlu\u011fu garanti eder.<\/p><\/div><\/div><\/div><\/div><\/div><\/div><\/div><div class=\"vc_row-full-width vc_clearfix\"><\/div><div id=\"ut-row-69e47c7b2bf0d\" data-vc-full-width=\"true\" data-vc-full-width-init=\"false\" class=\"vc_row wpb_row vc_row-fluid vc_column-gap-0 ut-row-69e47c7b2bf1e\" ><div class=\"wpb_column vc_column_container vc_col-sm-6\" ><div id=\"ut_inner_column_69e47c7b2c70b\" class=\"vc_column-inner\" ><div class=\"wpb_wrapper\"><div class=\"wpb_content_element\"><style type=\"text\/css\">#ut_sc_69e47c7b2ca56 .ut-service-column a.ut-service-column-link { font-size: 12px; }#ut-svg-69e47c7b2ca58 { display:none; }#ut-svg-69e47c7b2ca58.ut-svg-loaded { display:block; }#ut-svg-69e47c7b2ca58 path { stroke:rgba(25, 181, 254, 1); }<\/style><div id=\"ut_sc_69e47c7b2ca56\" data-effect=\"fadeInUp\" data-animateonce=\"yes\" data-delay=\"600\" class=\"ut-horizontal-style ut-horizontal-style-align-left  clearfix  ut-animate-element animated ut-no-animation-tablet ut-no-animation-mobile\" ><figure class=\"ut-service-icon  ut-service-icon-normal ut-service-icon-large ut-service-icon-with-svg\">\t\t\t\r\n\t\t\t<style type=\"text\/css\">\r\n\t\t\t\t\r\n\t\t\t\t\t\t\t\t\r\n\t\t\t\t\t#ut-svg-69e47c7b2caad { display:none; }\r\n\t\t\t\t\t#ut-svg-69e47c7b2caad.ut-svg-loaded { display:block; }\r\n\t\t\t\t\r\n\t\t\t\t\r\n\t\t\t\t#ut-svg-69e47c7b2caad path { stroke: rgba(25, 181, 254, 1); }\r\n\t\t\t\t#ut-svg-69e47c7b2caad line { stroke: rgba(25, 181, 254, 1); }\r\n\t\t\t\t#ut-svg-69e47c7b2caad circle { stroke: rgba(25, 181, 254, 1); }\r\n\t\t\t\t#ut-svg-69e47c7b2caad rect { stroke: rgba(25, 181, 254, 1); }\r\n\t\t\t\t#ut-svg-69e47c7b2caad ellipse { stroke: rgba(25, 181, 254, 1); }\r\n\t\t\t\t#ut-svg-69e47c7b2caad polyline { stroke: rgba(25, 181, 254, 1); }\r\n\t\t\t\t#ut-svg-69e47c7b2caad polygon { stroke: rgba(25, 181, 254, 1); }\r\n\t\t\t\t\r\n\t\t\t\t#ut-svg-69e47c7b2caad [data-name=\"layer1\"] { stroke: rgba(25, 181, 254, 1); }\r\n\t\t\t\t#ut-svg-69e47c7b2caad [data-name=\"layer1\"] path { stroke: rgba(25, 181, 254, 1); }\r\n\t\t\t\t\r\n\t\t\t\t\t\t\t\t\t\t\t\t\r\n\t\t\t\t\t\t\t\t\r\n\r\n\t\t\t<\/style>\r\n\t\t\r\n\t\t\r\n\r\n<svg version=\"1.1\" class=\"ut-vivus-draw\" data-settings=\"{&quot;draw_svg_icons&quot;:&quot;yes&quot;,&quot;draw_svg_type&quot;:&quot;oneByOne&quot;,&quot;draw_svg_delay&quot;:933.3333333333333,&quot;draw_svg_duration&quot;:&quot;150&quot;}\" id=\"ut-svg-69e47c7b2caad\" xmlns=\"http:\/\/www.w3.org\/2000\/svg\" xmlns:xlink=\"http:\/\/www.w3.org\/1999\/xlink\" x=\"0px\" y=\"0px\"\r\n\t width=\"64px\" height=\"64px\" viewbox=\"0 0 64 64\" enable-background=\"new 0 0 64 64\" xml:space=\"preserve\">\r\n<path fill=\"none\" stroke=\"#000000\" stroke-width=\"2\" stroke-miterlimit=\"10\" d=\"M1,21c0,20,31,38,31,38s31-18,31-38\tc0-8.285-6-16-15-16c-8.285,0-16,5.715-16,14c0-8.285-7.715-14-16-14C7,5,1,12.715,1,21z\"\/>\r\n<\/svg>\r\n<\/figure><div class=\"ut-service-column ut-service-column-horiz\"><h3 data-responsive-font=\"h3\">Sosyal Sorumluluk &amp; \u00c7al\u0131\u015fma Ko\u015fullar\u0131<\/h3><p class=\"element-with-custom-line-height\" data-responsive-font=\"p\">\u00c7al\u0131\u015fanlar\u0131n niteliklerini, e\u011fitimlerini ve sosyal\/i\u015f standartlar\u0131na uyumu inceliyoruz. Ayr\u0131ca, yasal ve etik d\u00fczenlemelere uygunlu\u011fu sa\u011flamak i\u00e7in g\u00fcvenlik ko\u015fullar\u0131n\u0131 denetliyoruz.<\/p><\/div><\/div><\/div><\/div><\/div><\/div><div class=\"wpb_column vc_column_container vc_col-sm-6\" ><div id=\"ut_inner_column_69e47c7b2d02a\" class=\"vc_column-inner\" ><div class=\"wpb_wrapper\"><div class=\"wpb_content_element\"><style type=\"text\/css\">#ut_sc_69e47c7b2d249 .ut-service-column a.ut-service-column-link { font-size: 12px; }#ut-svg-69e47c7b2d24a { display:none; }#ut-svg-69e47c7b2d24a.ut-svg-loaded { display:block; }#ut-svg-69e47c7b2d24a path { stroke:rgba(25, 181, 254, 1); }<\/style><div id=\"ut_sc_69e47c7b2d249\" data-effect=\"fadeInUp\" data-animateonce=\"yes\" data-delay=\"800\" class=\"ut-horizontal-style ut-horizontal-style-align-left  clearfix  ut-animate-element animated ut-no-animation-tablet ut-no-animation-mobile\" ><figure class=\"ut-service-icon  ut-service-icon-normal ut-service-icon-large ut-service-icon-with-svg\">\t\t\t\r\n\t\t\t<style type=\"text\/css\">\r\n\t\t\t\t\r\n\t\t\t\t\t\t\t\t\r\n\t\t\t\t\t#ut-svg-69e47c7b2d281 { display:none; }\r\n\t\t\t\t\t#ut-svg-69e47c7b2d281.ut-svg-loaded { display:block; }\r\n\t\t\t\t\r\n\t\t\t\t\r\n\t\t\t\t#ut-svg-69e47c7b2d281 path { stroke: rgba(25, 181, 254, 1); }\r\n\t\t\t\t#ut-svg-69e47c7b2d281 line { stroke: rgba(25, 181, 254, 1); }\r\n\t\t\t\t#ut-svg-69e47c7b2d281 circle { stroke: rgba(25, 181, 254, 1); }\r\n\t\t\t\t#ut-svg-69e47c7b2d281 rect { stroke: rgba(25, 181, 254, 1); }\r\n\t\t\t\t#ut-svg-69e47c7b2d281 ellipse { stroke: rgba(25, 181, 254, 1); }\r\n\t\t\t\t#ut-svg-69e47c7b2d281 polyline { stroke: rgba(25, 181, 254, 1); }\r\n\t\t\t\t#ut-svg-69e47c7b2d281 polygon { stroke: rgba(25, 181, 254, 1); }\r\n\t\t\t\t\r\n\t\t\t\t#ut-svg-69e47c7b2d281 [data-name=\"layer1\"] { stroke: rgba(25, 181, 254, 1); }\r\n\t\t\t\t#ut-svg-69e47c7b2d281 [data-name=\"layer1\"] path { stroke: rgba(25, 181, 254, 1); }\r\n\t\t\t\t\r\n\t\t\t\t\t\t\t\t\t\t\t\t\r\n\t\t\t\t\t\t\t\t\r\n\r\n\t\t\t<\/style>\r\n\t\t\r\n\t\t\r\n\r\n<svg version=\"1.0\" class=\"ut-vivus-draw\" data-settings=\"{&quot;draw_svg_icons&quot;:&quot;yes&quot;,&quot;draw_svg_type&quot;:&quot;oneByOne&quot;,&quot;draw_svg_delay&quot;:1133.3333333333333,&quot;draw_svg_duration&quot;:&quot;150&quot;}\" id=\"ut-svg-69e47c7b2d281\" xmlns=\"http:\/\/www.w3.org\/2000\/svg\" xmlns:xlink=\"http:\/\/www.w3.org\/1999\/xlink\" x=\"0px\" y=\"0px\"\r\n\t width=\"64px\" height=\"64px\" viewbox=\"0 0 64 64\" enable-background=\"new 0 0 64 64\" xml:space=\"preserve\">\r\n<rect x=\"10\" y=\"45\" fill=\"none\" stroke=\"#000000\" stroke-width=\"2\" stroke-miterlimit=\"10\" width=\"12\" height=\"18\"\/>\r\n<rect x=\"42\" y=\"18\" fill=\"none\" stroke=\"#000000\" stroke-width=\"2\" stroke-miterlimit=\"10\" width=\"12\" height=\"45\"\/>\r\n<rect x=\"26\" y=\"32\" fill=\"none\" stroke=\"#000000\" stroke-width=\"2\" stroke-miterlimit=\"10\" width=\"12\" height=\"31\"\/>\r\n<g>\r\n\t<line fill=\"none\" stroke=\"#000000\" stroke-width=\"2\" stroke-miterlimit=\"10\" x1=\"14\" y1=\"38\" x2=\"51\" y2=\"1\"\/>\r\n\t<polyline fill=\"none\" stroke=\"#000000\" stroke-width=\"2\" stroke-linejoin=\"bevel\" stroke-miterlimit=\"10\" points=\"40,1 51,1 51,12 \t\t\t\"\/>\r\n<\/g>\r\n<\/svg>\r\n<\/figure><div class=\"ut-service-column ut-service-column-horiz\"><h3 data-responsive-font=\"h3\">Kalite Kontrol &amp; Depo Denetimi<\/h3><p class=\"element-with-custom-line-height\" data-responsive-font=\"p\">Olas\u0131 hatalar\u0131 erken tespit ediyor, depolama ko\u015fullar\u0131n\u0131 ve \u00fcr\u00fcnlerin\/malzemenin saklanmas\u0131n\u0131 kontrol ediyoruz. Hedef: sorunsuz \u00fcr\u00fcn ve zaman\u0131nda teslimat.<\/p><\/div><\/div><\/div><\/div><\/div><\/div><\/div><div class=\"vc_row-full-width vc_clearfix\"><\/div><div id=\"ut-row-69e47c7b2dc5a\" data-vc-full-width=\"true\" data-vc-full-width-init=\"false\" class=\"vc_row wpb_row vc_row-fluid vc_column-gap-0 ut-row-69e47c7b2dc65\" ><div class=\"wpb_column vc_column_container vc_col-sm-6\" ><div id=\"ut_inner_column_69e47c7b2e2e6\" class=\"vc_column-inner\" ><div class=\"wpb_wrapper\"><div class=\"wpb_content_element\"><style type=\"text\/css\">#ut_sc_69e47c7b2e554 .ut-service-column a.ut-service-column-link { font-size: 12px; }#ut-svg-69e47c7b2e556 { display:none; }#ut-svg-69e47c7b2e556.ut-svg-loaded { display:block; }#ut-svg-69e47c7b2e556 path { stroke:rgba(25, 181, 254, 1); }<\/style><div id=\"ut_sc_69e47c7b2e554\" data-effect=\"fadeInUp\" data-animateonce=\"yes\" data-delay=\"1000\" class=\"ut-horizontal-style ut-horizontal-style-align-left  clearfix  ut-animate-element animated ut-no-animation-tablet ut-no-animation-mobile\" ><figure class=\"ut-service-icon  ut-service-icon-normal ut-service-icon-large ut-service-icon-with-svg\">\t\t\t\r\n\t\t\t<style type=\"text\/css\">\r\n\t\t\t\t\r\n\t\t\t\t\t\t\t\t\r\n\t\t\t\t\t#ut-svg-69e47c7b2e591 { display:none; }\r\n\t\t\t\t\t#ut-svg-69e47c7b2e591.ut-svg-loaded { display:block; }\r\n\t\t\t\t\r\n\t\t\t\t\r\n\t\t\t\t#ut-svg-69e47c7b2e591 path { stroke: rgba(25, 181, 254, 1); }\r\n\t\t\t\t#ut-svg-69e47c7b2e591 line { stroke: rgba(25, 181, 254, 1); }\r\n\t\t\t\t#ut-svg-69e47c7b2e591 circle { stroke: rgba(25, 181, 254, 1); }\r\n\t\t\t\t#ut-svg-69e47c7b2e591 rect { stroke: rgba(25, 181, 254, 1); }\r\n\t\t\t\t#ut-svg-69e47c7b2e591 ellipse { stroke: rgba(25, 181, 254, 1); }\r\n\t\t\t\t#ut-svg-69e47c7b2e591 polyline { stroke: rgba(25, 181, 254, 1); }\r\n\t\t\t\t#ut-svg-69e47c7b2e591 polygon { stroke: rgba(25, 181, 254, 1); }\r\n\t\t\t\t\r\n\t\t\t\t#ut-svg-69e47c7b2e591 [data-name=\"layer1\"] { stroke: rgba(25, 181, 254, 1); }\r\n\t\t\t\t#ut-svg-69e47c7b2e591 [data-name=\"layer1\"] path { stroke: rgba(25, 181, 254, 1); }\r\n\t\t\t\t\r\n\t\t\t\t\t\t\t\t\t\t\t\t\r\n\t\t\t\t\t\t\t\t\r\n\r\n\t\t\t<\/style>\r\n\t\t\r\n\t\t\r\n\r\n<svg version=\"1.1\" class=\"ut-vivus-draw\" data-settings=\"{&quot;draw_svg_icons&quot;:&quot;yes&quot;,&quot;draw_svg_type&quot;:&quot;oneByOne&quot;,&quot;draw_svg_delay&quot;:1333.3333333333333,&quot;draw_svg_duration&quot;:&quot;150&quot;}\" id=\"ut-svg-69e47c7b2e591\" xmlns=\"http:\/\/www.w3.org\/2000\/svg\" xmlns:xlink=\"http:\/\/www.w3.org\/1999\/xlink\" x=\"0px\" y=\"0px\"\r\n\t width=\"64px\" height=\"64px\" viewbox=\"0 0 64 64\" enable-background=\"new 0 0 64 64\" xml:space=\"preserve\">\r\n<polygon fill=\"none\" stroke=\"#000000\" stroke-width=\"2\" stroke-miterlimit=\"10\" points=\"63,3 63,53 59,61 55,53 55,3 \"\/>\r\n<polyline fill=\"none\" stroke=\"#000000\" stroke-width=\"2\" stroke-miterlimit=\"10\" points=\"55,7 51,7 51,17 \"\/>\r\n<polyline fill=\"none\" stroke=\"#000000\" stroke-width=\"2\" stroke-miterlimit=\"10\" points=\"14,8 1,8 1,63 45,63 45,8 32,8 \"\/>\r\n<polygon fill=\"none\" stroke=\"#000000\" stroke-width=\"2\" stroke-miterlimit=\"10\" points=\"27,5 27,1 19,1 19,5 15,5 13,13 33,13 31,5 \t\"\/>\r\n<\/svg>\r\n<\/figure><div class=\"ut-service-column ut-service-column-horiz\"><h3 data-responsive-font=\"h3\">Denetim Raporlar\u0131 &amp; \u015eeffaf Sonu\u00e7lar<\/h3><p class=\"element-with-custom-line-height\" data-responsive-font=\"p\">Denetimlerimiz, detayl\u0131 raporlar, foto\u011fraf dok\u00fcmantasyonu ve net \u00f6nerilerle tamamlan\u0131r. B\u00f6ylece objektif bir de\u011ferlendirme elde eder ve bilin\u00e7li kararlar alabilirsiniz.<\/p><\/div><\/div><\/div><\/div><\/div><\/div><div class=\"wpb_column vc_column_container vc_col-sm-6\" ><div id=\"ut_inner_column_69e47c7b2ea74\" class=\"vc_column-inner\" ><div class=\"wpb_wrapper\"><\/div><\/div><\/div><\/div><div class=\"vc_row-full-width vc_clearfix\"><\/div><div id=\"ut-row-69e47c7b2f46e\" data-vc-full-width=\"true\" data-vc-full-width-init=\"false\" class=\"vc_row wpb_row vc_row-fluid vc_column-gap-0 ut-row-69e47c7b2f483\" ><div class=\"wpb_column vc_column_container vc_col-sm-12\" ><div id=\"ut_inner_column_69e47c7b2fb17\" class=\"vc_column-inner\" ><div class=\"wpb_wrapper\"><div class=\"wpb_content_element\"><style type=\"text\/css\"><\/style><header id=\"ut_header_69e47c7b2ff2c\" class=\"section-header  ut-no-title-linebreak-mobile ut-no-lead-linebreak-mobile pt-style-2 header-center header-tablet-center header-mobile-center element-with-custom-line-height\"><div data-delay=\"0\" class=\"lead\"><p>Profesyonel bir fabrika denetimi, riskleri azalt\u0131r, kaliteyi g\u00fcvence alt\u0131na al\u0131r ve T\u00fcrk \u00fcreticilerle i\u015f ili\u015fkilerinizi g\u00fc\u00e7lendirir.<\/p>\n<p>Sorular\u0131n\u0131z veya \u00fccretsiz bir teklif i\u00e7in hemen bizimle ileti\u015fime ge\u00e7in!<\/p>\n<\/div><\/header><\/div><\/div><\/div><\/div><\/div><div class=\"vc_row-full-width vc_clearfix\"><\/div><a data-id=\"section-services\" class=\"ut-vc-offset-anchor-bottom\" name=\"section-services\">Hizmetler<\/a><\/section><div class=\"vc_row-full-width vc_clearfix\"><\/div>\n<\/div>","protected":false},"excerpt":{"rendered":"WorkFactory Audit &amp; Company InspectionEnsure supplier quality with professional factory audits and company inspections in Turkey. More transparency \u2013 less risk in your supply chain. With SELLHEADS, you verify the quality and performance of your suppliers directly on-site. Our audits and inspections assess production processes, infrastructure, and quality standards of your business partners. This minimizes [...]","protected":false},"author":1,"featured_media":0,"parent":0,"menu_order":0,"comment_status":"closed","ping_status":"closed","template":"","meta":{"footnotes":""},"class_list":["post-77214","page","type-page","status-publish","hentry"],"_links":{"self":[{"href":"https:\/\/www.sellheads.com\/tr\/wp-json\/wp\/v2\/pages\/77214","targetHints":{"allow":["GET"]}}],"collection":[{"href":"https:\/\/www.sellheads.com\/tr\/wp-json\/wp\/v2\/pages"}],"about":[{"href":"https:\/\/www.sellheads.com\/tr\/wp-json\/wp\/v2\/types\/page"}],"author":[{"embeddable":true,"href":"https:\/\/www.sellheads.com\/tr\/wp-json\/wp\/v2\/users\/1"}],"replies":[{"embeddable":true,"href":"https:\/\/www.sellheads.com\/tr\/wp-json\/wp\/v2\/comments?post=77214"}],"version-history":[{"count":14,"href":"https:\/\/www.sellheads.com\/tr\/wp-json\/wp\/v2\/pages\/77214\/revisions"}],"predecessor-version":[{"id":77302,"href":"https:\/\/www.sellheads.com\/tr\/wp-json\/wp\/v2\/pages\/77214\/revisions\/77302"}],"wp:attachment":[{"href":"https:\/\/www.sellheads.com\/tr\/wp-json\/wp\/v2\/media?parent=77214"}],"curies":[{"name":"wp","href":"https:\/\/api.w.org\/{rel}","templated":true}]}}