{"id":77246,"date":"2025-08-31T19:39:29","date_gmt":"2025-08-31T19:39:29","guid":{"rendered":"https:\/\/www.sellheads.com\/?page_id=77246"},"modified":"2025-09-01T21:10:25","modified_gmt":"2025-09-01T21:10:25","slug":"example-page-1-copy-3","status":"publish","type":"page","link":"https:\/\/www.sellheads.com\/tr\/example-page-1-copy-3\/","title":{"rendered":"Ta\u015f\u0131ma \u00c7\u00f6z\u00fcmleri"},"content":{"rendered":"<div class=\"wpb-content-wrapper\"><section id=\"ut-section-69e48f8faa9b7\" data-vc-full-width=\"true\" data-vc-full-width-init=\"false\" data-cursor-skin=\"global\" class=\"vc_section ut-vc-160 vc_section-has-no-fill ut-section-69e48f8faa9d6\"><div id=\"ut-row-69e48f8fab884\" data-vc-full-width=\"true\" data-vc-full-width-init=\"false\" class=\"vc_row wpb_row vc_row-fluid vc_column-gap-0 vc_row-o-equal-height vc_row-o-content-middle vc_row-flex ut-row-69e48f8fab8a1\" ><div class=\"wpb_column vc_column_container vc_col-sm-6\" ><div id=\"ut_inner_column_69e48f8fac858\" class=\"vc_column-inner\" ><div class=\"wpb_wrapper\"><div class=\"wpb_content_element\"><style type=\"text\/css\"><\/style><header id=\"ut_header_69e48f8facf6b\" class=\"section-header  ut-no-title-linebreak-mobile ut-no-lead-linebreak-mobile pt-style-2 header-left header-tablet-left header-mobile-center element-with-custom-line-height\"><div class=\"element-with-custom-line-height\" ><h2 data-title=\"Transport Solutions\"  data-responsive-font=\"section_title\" class=\"section-title\"><span>Ta\u015f\u0131ma \u00c7\u00f6z\u00fcmleri<\/span><\/h2><\/div><div data-delay=\"0\" class=\"lead\"><p>Gemeinsam mit Ihnen entwickeln wir die optimale Transportstrategie f\u00fcr Ihre Importe aus der T\u00fcrkei. Wir analysieren Faktoren wie Budget, Lieferzeit, Produkttyp, Lagerkapazit\u00e4ten und Zollanforderungen \u2013 und w\u00e4hlen in enger Abstimmung mit Ihnen die effizienteste Variante. Ob See-, Luft- oder LKW-Transport: Ihre Ziele und Anforderungen stehen im Mittelpunkt.<\/p>\n<\/div><\/header><\/div><div class=\"wpb_content_element\"><style class=\"bklyn-inline-styles\" type=\"text\/css\">#ut_scb_69e48f8fb17e2.ut-project-sc { border-color: #efefef; }#ut_scb_69e48f8fb17e2.ut-project-sc .widget-title { color: #252525; }#ut_scb_69e48f8fb17e2 .ut-share-link { color: #999999; }#ut_scb_69e48f8fb17e2 .ut-share-link:visited { color: #999999; }#ut_scb_69e48f8fb17e2 .ut-share-link:hover { color: rgba(25, 181, 254, 1); }#ut_scb_69e48f8fb17e2 .ut-share-link:focus { color: rgba(25, 181, 254, 1); }#ut_scb_69e48f8fb17e2 .ut-share-link:active { color: rgba(25, 181, 254, 1); }<\/style><ul id=\"ut_scb_69e48f8fb17e2\" class=\"ut-project-sc clearfix  ut-project-sc-left ut-project-sc-tablet-left ut-project-sc-mobile-center\"><li><h6 class=\"widget-title\"><span>PAYLA\u015e:<\/span><\/h6><\/li><li><a class=\"ut-share-link sc-facebook\" data-social=\"utsharefacebook\"><i class=\"fa fa-facebook\"><\/i><\/a><\/li><li><a class=\"ut-share-link sc-twitter\" data-social=\"utsharetwitter\"><i class=\"fa-brands fa-x-twitter\"><\/i><\/a><\/li><li><a class=\"ut-share-link sc-linkedin\" data-social=\"utsharelinkedin\"><i class=\"fa fa-linkedin\"><\/i><\/a><\/li><li><a class=\"ut-share-link sc-pinterest\" data-social=\"utsharepinterest\"><i class=\"fa fa-pinterest\"><\/i><\/a><\/li><li><a class=\"ut-share-link sc-xing\" data-social=\"utsharexing\"><i class=\"fa fa-xing\"><\/i><\/a><\/li><\/ul><\/div><\/div><\/div><\/div><div class=\"wpb_column vc_column_container vc_col-sm-6\" ><div id=\"ut_inner_column_69e48f8fb1d90\" class=\"vc_column-inner\" ><div class=\"wpb_wrapper\"><div data-effect=\"fadeIn\" data-animateonce=\"yes\" data-delay=\"50\" class=\"wpb_content_element ut-animate-image animated ut-no-animation-tablet ut-no-animation-mobile  clearfix\"><style type=\"text\/css\">#ut_am_69e48f8fb287d { opacity: 1; }#ut_am_wrap_69e48f8fb287f { text-align: center; }@media (min-width: 768px) and (max-width: 1024px) { #ut_am_wrap_69e48f8fb287f { text-align: center !important; } }@media (max-width: 767px) { #ut_am_wrap_69e48f8fb287f { text-align: center !important; } }<\/style><div id=\"ut_am_wrap_69e48f8fb287f\" class=\"ut-image-gallery-image\"><div id=\"ut_reveal_69e48f8fb2881\"  data-appear-top-offset=\"auto\" class=\"ut-animated-image-item ut-image-gallery-item ut-animation-done\"><a class=\"ut-deactivated-link\" href=\"#\"><div class=\"ut-animated-image-zoom\">\r\n        <div class=\"ut-element-glitch-wrap\">\r\n\r\n            \r\n        <style type=\"text\/css\">\r\n\r\n                        \r\n        @media (min-width: 1025px) {\r\n\r\n        #ut-element-glitch-69e48f8fb28d6511235809-77297 .ut-glitch-single-element {\r\n                                            \r\n                }\r\n        }\r\n\r\n        @media (min-width: 768px) and (max-width: 1024px) {\r\n\r\n        #ut-element-glitch-69e48f8fb28d6511235809-77297 .ut-glitch-single-element {\r\n                                                \r\n                    }\r\n        }\r\n\r\n        @media (max-width: 767px) {\r\n\r\n        #ut-element-glitch-69e48f8fb28d6511235809-77297 .ut-glitch-single-element {\r\n                                                \r\n                    }\r\n        }\r\n\r\n        \r\n        <\/style>\r\n\r\n        \r\n            <div id=\"ut-element-glitch-69e48f8fb28d6511235809-77297\" class=\"ut-element-glitch ut-glitch-none ut-element-glitch-permanent\">\r\n                <div class=\"ut-glitch-single-element ut-lozad skip-lazy\" data-background-image=\"https:\/\/www.sellheads.com\/wp-content\/uploads\/2025\/09\/sellheads_truck_loading.png\"><\/div>\r\n                <div class=\"ut-glitch-single-element ut-lozad skip-lazy\" data-background-image=\"https:\/\/www.sellheads.com\/wp-content\/uploads\/2025\/09\/sellheads_truck_loading.png\"><\/div>\r\n                <div class=\"ut-glitch-single-element ut-lozad skip-lazy\" data-background-image=\"https:\/\/www.sellheads.com\/wp-content\/uploads\/2025\/09\/sellheads_truck_loading.png\"><\/div>\r\n                <div class=\"ut-glitch-single-element ut-lozad skip-lazy\" data-background-image=\"https:\/\/www.sellheads.com\/wp-content\/uploads\/2025\/09\/sellheads_truck_loading.png\"><\/div>\r\n                <div class=\"ut-glitch-single-element ut-lozad skip-lazy\" data-background-image=\"https:\/\/www.sellheads.com\/wp-content\/uploads\/2025\/09\/sellheads_truck_loading.png\"><\/div>\r\n            <\/div>\r\n\r\n        <\/div>\r\n\r\n        <img fetchpriority=\"high\" decoding=\"async\" class=\"ut-lazy skip-lazy ut-animated-image\"  id=\"ut_am_69e48f8fb287d\" src=\"data:image\/svg+xml;charset=utf-8,%3Csvg xmlns%3D'http%3A%2F%2Fwww.w3.org%2F2000%2Fsvg' viewBox%3D'0 0 1536 1024'%2F%3E\" data-src=\"https:\/\/www.sellheads.com\/wp-content\/uploads\/2025\/09\/sellheads_truck_loading.png\" width=\"1536\" height=\"1024\" alt=\"\"\/><\/div><\/a><\/div><\/div><\/div><\/div><\/div><\/div><\/div><div class=\"vc_row-full-width vc_clearfix\"><\/div><div id=\"ut-row-69e48f8fb34e8\" data-vc-full-width=\"true\" data-vc-full-width-init=\"false\" class=\"vc_row wpb_row vc_row-fluid vc_column-gap-0 ut-row-69e48f8fb34fe\" ><div class=\"wpb_column vc_column_container vc_col-sm-4 ut-animate-element animated ut-no-animation-tablet ut-no-animation-mobile\" data-effect=\"fadeInUp\" data-animateonce=\"yes\" data-delay=\"50\" data-animation-duration=\"1s\"><div id=\"ut_inner_column_69e48f8fb3dab\" class=\"vc_column-inner\" ><div class=\"wpb_wrapper\"><div  class=\"wpb_content_element   clearfix\"><style type=\"text\/css\">#ut_am_69e48f8fb4460 { opacity: 1; }#ut_am_wrap_69e48f8fb4461 { text-align: center; }@media (min-width: 768px) and (max-width: 1024px) { #ut_am_wrap_69e48f8fb4461 { text-align: center !important; } }@media (max-width: 767px) { #ut_am_wrap_69e48f8fb4461 { text-align: center !important; } }<\/style><div id=\"ut_am_wrap_69e48f8fb4461\" class=\"ut-image-gallery-image\"><div id=\"ut_reveal_69e48f8fb4462\"  data-appear-top-offset=\"auto\" class=\"ut-animated-image-item ut-image-gallery-item ut-animation-done\"><a class=\"ut-deactivated-link\" href=\"#\"><div class=\"ut-animated-image-zoom\">\r\n        <div class=\"ut-element-glitch-wrap\">\r\n\r\n            \r\n        <style type=\"text\/css\">\r\n\r\n                        \r\n        @media (min-width: 1025px) {\r\n\r\n        #ut-element-glitch-69e48f8fb449f557295771-77292 .ut-glitch-single-element {\r\n                                            \r\n                }\r\n        }\r\n\r\n        @media (min-width: 768px) and (max-width: 1024px) {\r\n\r\n        #ut-element-glitch-69e48f8fb449f557295771-77292 .ut-glitch-single-element {\r\n                                                \r\n                    }\r\n        }\r\n\r\n        @media (max-width: 767px) {\r\n\r\n        #ut-element-glitch-69e48f8fb449f557295771-77292 .ut-glitch-single-element {\r\n                                                \r\n                    }\r\n        }\r\n\r\n        \r\n        <\/style>\r\n\r\n        \r\n            <div id=\"ut-element-glitch-69e48f8fb449f557295771-77292\" class=\"ut-element-glitch ut-glitch-none ut-element-glitch-permanent\">\r\n                <div class=\"ut-glitch-single-element ut-lozad skip-lazy\" data-background-image=\"https:\/\/www.sellheads.com\/wp-content\/uploads\/2025\/09\/sellheads_container_transport-1300x867.png\"><\/div>\r\n                <div class=\"ut-glitch-single-element ut-lozad skip-lazy\" data-background-image=\"https:\/\/www.sellheads.com\/wp-content\/uploads\/2025\/09\/sellheads_container_transport-1300x867.png\"><\/div>\r\n                <div class=\"ut-glitch-single-element ut-lozad skip-lazy\" data-background-image=\"https:\/\/www.sellheads.com\/wp-content\/uploads\/2025\/09\/sellheads_container_transport-1300x867.png\"><\/div>\r\n                <div class=\"ut-glitch-single-element ut-lozad skip-lazy\" data-background-image=\"https:\/\/www.sellheads.com\/wp-content\/uploads\/2025\/09\/sellheads_container_transport-1300x867.png\"><\/div>\r\n                <div class=\"ut-glitch-single-element ut-lozad skip-lazy\" data-background-image=\"https:\/\/www.sellheads.com\/wp-content\/uploads\/2025\/09\/sellheads_container_transport-1300x867.png\"><\/div>\r\n            <\/div>\r\n\r\n        <\/div>\r\n\r\n        <img decoding=\"async\" class=\"ut-lazy skip-lazy ut-animated-image\"  id=\"ut_am_69e48f8fb4460\" src=\"data:image\/svg+xml;charset=utf-8,%3Csvg xmlns%3D'http%3A%2F%2Fwww.w3.org%2F2000%2Fsvg' viewBox%3D'0 0 1300 867'%2F%3E\" data-src=\"https:\/\/www.sellheads.com\/wp-content\/uploads\/2025\/09\/sellheads_container_transport-1300x867.png\" width=\"1300\" height=\"867\" alt=\"\"\/><\/div><\/a><\/div><\/div><\/div><h3 style=\"text-align: left\" class=\"vc_custom_heading\">Deniz Yolu \u2013 Ekonomik &amp; Yerle\u015fik<\/h3>\r\n\t<div class=\"wpb_text_column wpb_content_element\" >\r\n\t\t<div class=\"wpb_wrapper\">\r\n\t\t\t<p>B\u00fcy\u00fck hacimler veya zaman a\u00e7\u0131s\u0131ndan kritik olmayan \u00fcr\u00fcnler i\u00e7in idealdir. Tam konteyner y\u00fcklemeleri (FCL) ve payla\u015f\u0131ml\u0131 konteyner y\u00fcklemeleri (LCL) sunuyoruz. Yakla\u015f\u0131k 30\u201340 g\u00fcnl\u00fck transit s\u00fcresi ile deniz ta\u015f\u0131mac\u0131l\u0131\u011f\u0131, birim hacim ba\u015f\u0131na en d\u00fc\u015f\u00fck maliyetli \u00e7\u00f6z\u00fcmd\u00fcr \u2013 ekonomik \u00f6ncelik oldu\u011funda en uygun se\u00e7imdir.<\/p>\n\r\n\t\t<\/div>\r\n\t<\/div>\r\n<\/div><\/div><\/div><div class=\"wpb_column vc_column_container vc_col-sm-4 ut-animate-element animated ut-no-animation-tablet ut-no-animation-mobile\" data-effect=\"fadeInUp\" data-animateonce=\"yes\" data-delay=\"100\" data-animation-duration=\"1s\"><div id=\"ut_inner_column_69e48f8fb58a8\" class=\"vc_column-inner\" ><div class=\"wpb_wrapper\"><div  class=\"wpb_content_element   clearfix\"><style type=\"text\/css\">#ut_am_69e48f8fb5e99 { opacity: 1; }#ut_am_wrap_69e48f8fb5e9c { text-align: center; }@media (min-width: 768px) and (max-width: 1024px) { #ut_am_wrap_69e48f8fb5e9c { text-align: center !important; } }@media (max-width: 767px) { #ut_am_wrap_69e48f8fb5e9c { text-align: center !important; } }<\/style><div id=\"ut_am_wrap_69e48f8fb5e9c\" class=\"ut-image-gallery-image\"><div id=\"ut_reveal_69e48f8fb5e9d\"  data-appear-top-offset=\"auto\" class=\"ut-animated-image-item ut-image-gallery-item ut-animation-done\"><a class=\"ut-deactivated-link\" href=\"#\"><div class=\"ut-animated-image-zoom\">\r\n        <div class=\"ut-element-glitch-wrap\">\r\n\r\n            \r\n        <style type=\"text\/css\">\r\n\r\n                        \r\n        @media (min-width: 1025px) {\r\n\r\n        #ut-element-glitch-69e48f8fb5ee7873729431-77294 .ut-glitch-single-element {\r\n                                            \r\n                }\r\n        }\r\n\r\n        @media (min-width: 768px) and (max-width: 1024px) {\r\n\r\n        #ut-element-glitch-69e48f8fb5ee7873729431-77294 .ut-glitch-single-element {\r\n                                                \r\n                    }\r\n        }\r\n\r\n        @media (max-width: 767px) {\r\n\r\n        #ut-element-glitch-69e48f8fb5ee7873729431-77294 .ut-glitch-single-element {\r\n                                                \r\n                    }\r\n        }\r\n\r\n        \r\n        <\/style>\r\n\r\n        \r\n            <div id=\"ut-element-glitch-69e48f8fb5ee7873729431-77294\" class=\"ut-element-glitch ut-glitch-none ut-element-glitch-permanent\">\r\n                <div class=\"ut-glitch-single-element ut-lozad skip-lazy\" data-background-image=\"https:\/\/www.sellheads.com\/wp-content\/uploads\/2025\/09\/sellheads_flight_transport-1300x867.png\"><\/div>\r\n                <div class=\"ut-glitch-single-element ut-lozad skip-lazy\" data-background-image=\"https:\/\/www.sellheads.com\/wp-content\/uploads\/2025\/09\/sellheads_flight_transport-1300x867.png\"><\/div>\r\n                <div class=\"ut-glitch-single-element ut-lozad skip-lazy\" data-background-image=\"https:\/\/www.sellheads.com\/wp-content\/uploads\/2025\/09\/sellheads_flight_transport-1300x867.png\"><\/div>\r\n                <div class=\"ut-glitch-single-element ut-lozad skip-lazy\" data-background-image=\"https:\/\/www.sellheads.com\/wp-content\/uploads\/2025\/09\/sellheads_flight_transport-1300x867.png\"><\/div>\r\n                <div class=\"ut-glitch-single-element ut-lozad skip-lazy\" data-background-image=\"https:\/\/www.sellheads.com\/wp-content\/uploads\/2025\/09\/sellheads_flight_transport-1300x867.png\"><\/div>\r\n            <\/div>\r\n\r\n        <\/div>\r\n\r\n        <img decoding=\"async\" class=\"ut-lazy skip-lazy ut-animated-image\"  id=\"ut_am_69e48f8fb5e99\" src=\"data:image\/svg+xml;charset=utf-8,%3Csvg xmlns%3D'http%3A%2F%2Fwww.w3.org%2F2000%2Fsvg' viewBox%3D'0 0 1300 867'%2F%3E\" data-src=\"https:\/\/www.sellheads.com\/wp-content\/uploads\/2025\/09\/sellheads_flight_transport-1300x867.png\" width=\"1300\" height=\"867\" alt=\"\"\/><\/div><\/a><\/div><\/div><\/div><h3 style=\"text-align: left\" class=\"vc_custom_heading\">Hava Yolu \u2013 H\u0131zl\u0131 &amp; G\u00fcvenilir<\/h3>\r\n\t<div class=\"wpb_text_column wpb_content_element\" >\r\n\t\t<div class=\"wpb_wrapper\">\r\n\t\t\t<p>Acil veya de\u011ferli g\u00f6nderiler i\u00e7in. Transit s\u00fcresi yakla\u015f\u0131k 3\u20137 g\u00fcn olup, dar teslimat takvimleri veya hassas \u00fcr\u00fcnler i\u00e7in idealdir. Maliyeti daha y\u00fcksek olsa da, maksimum h\u0131z, g\u00fcvenilirlik ve \u015feffafl\u0131k sa\u011flar.<\/p>\n\r\n\t\t<\/div>\r\n\t<\/div>\r\n<\/div><\/div><\/div><div class=\"wpb_column vc_column_container vc_col-sm-4 ut-animate-element animated ut-no-animation-tablet ut-no-animation-mobile\" data-effect=\"fadeInUp\" data-animateonce=\"yes\" data-delay=\"0\" data-animation-duration=\"1s\"><div id=\"ut_inner_column_69e48f8fb692e\" class=\"vc_column-inner\" ><div class=\"wpb_wrapper\"><div  class=\"wpb_content_element   clearfix\"><style type=\"text\/css\">#ut_am_69e48f8fb6f81 { opacity: 1; }#ut_am_wrap_69e48f8fb6f83 { text-align: center; }@media (min-width: 768px) and (max-width: 1024px) { #ut_am_wrap_69e48f8fb6f83 { text-align: center !important; } }@media (max-width: 767px) { #ut_am_wrap_69e48f8fb6f83 { text-align: center !important; } }<\/style><div id=\"ut_am_wrap_69e48f8fb6f83\" class=\"ut-image-gallery-image\"><div id=\"ut_reveal_69e48f8fb6f84\"  data-appear-top-offset=\"auto\" class=\"ut-animated-image-item ut-image-gallery-item ut-animation-done\"><a class=\"ut-deactivated-link\" href=\"#\"><div class=\"ut-animated-image-zoom\">\r\n        <div class=\"ut-element-glitch-wrap\">\r\n\r\n            \r\n        <style type=\"text\/css\">\r\n\r\n                        \r\n        @media (min-width: 1025px) {\r\n\r\n        #ut-element-glitch-69e48f8fb6fca867758409-77293 .ut-glitch-single-element {\r\n                                            \r\n                }\r\n        }\r\n\r\n        @media (min-width: 768px) and (max-width: 1024px) {\r\n\r\n        #ut-element-glitch-69e48f8fb6fca867758409-77293 .ut-glitch-single-element {\r\n                                                \r\n                    }\r\n        }\r\n\r\n        @media (max-width: 767px) {\r\n\r\n        #ut-element-glitch-69e48f8fb6fca867758409-77293 .ut-glitch-single-element {\r\n                                                \r\n                    }\r\n        }\r\n\r\n        \r\n        <\/style>\r\n\r\n        \r\n            <div id=\"ut-element-glitch-69e48f8fb6fca867758409-77293\" class=\"ut-element-glitch ut-glitch-none ut-element-glitch-permanent\">\r\n                <div class=\"ut-glitch-single-element ut-lozad skip-lazy\" data-background-image=\"https:\/\/www.sellheads.com\/wp-content\/uploads\/2025\/09\/sellheads_truck_transport-1300x867.png\"><\/div>\r\n                <div class=\"ut-glitch-single-element ut-lozad skip-lazy\" data-background-image=\"https:\/\/www.sellheads.com\/wp-content\/uploads\/2025\/09\/sellheads_truck_transport-1300x867.png\"><\/div>\r\n                <div class=\"ut-glitch-single-element ut-lozad skip-lazy\" data-background-image=\"https:\/\/www.sellheads.com\/wp-content\/uploads\/2025\/09\/sellheads_truck_transport-1300x867.png\"><\/div>\r\n                <div class=\"ut-glitch-single-element ut-lozad skip-lazy\" data-background-image=\"https:\/\/www.sellheads.com\/wp-content\/uploads\/2025\/09\/sellheads_truck_transport-1300x867.png\"><\/div>\r\n                <div class=\"ut-glitch-single-element ut-lozad skip-lazy\" data-background-image=\"https:\/\/www.sellheads.com\/wp-content\/uploads\/2025\/09\/sellheads_truck_transport-1300x867.png\"><\/div>\r\n            <\/div>\r\n\r\n        <\/div>\r\n\r\n        <img loading=\"lazy\" decoding=\"async\" class=\"ut-lazy skip-lazy ut-animated-image\"  id=\"ut_am_69e48f8fb6f81\" src=\"data:image\/svg+xml;charset=utf-8,%3Csvg xmlns%3D'http%3A%2F%2Fwww.w3.org%2F2000%2Fsvg' viewBox%3D'0 0 1300 867'%2F%3E\" data-src=\"https:\/\/www.sellheads.com\/wp-content\/uploads\/2025\/09\/sellheads_truck_transport-1300x867.png\" width=\"1300\" height=\"867\" alt=\"\"\/><\/div><\/a><\/div><\/div><\/div><h3 style=\"text-align: left\" class=\"vc_custom_heading\">Kara Yolu \u2013 Ak\u0131ll\u0131 Orta Yol<\/h3>\r\n\t<div class=\"wpb_text_column wpb_content_element\" >\r\n\t\t<div class=\"wpb_wrapper\">\r\n\t\t\t<p>Zaman ve maliyet aras\u0131nda ideal denge. Standart teslim s\u00fcresi yakla\u015f\u0131k 18\u201322 g\u00fcn, h\u0131zl\u0131 se\u00e7enekler yakla\u015f\u0131k 12\u201316 g\u00fcn. Planlanabilir teslim tarihleri olan orta \u00f6l\u00e7ekli g\u00f6nderiler i\u00e7in \u00f6zellikle uygundur \u2013 verimli, g\u00fcvenilir ve \u00e7evre dostu.<\/p>\n\r\n\t\t<\/div>\r\n\t<\/div>\r\n<\/div><\/div><\/div><\/div><div class=\"vc_row-full-width vc_clearfix\"><\/div><div id=\"ut-row-69e48f8fb8500\" data-vc-full-width=\"true\" data-vc-full-width-init=\"false\" class=\"vc_row wpb_row vc_row-fluid vc_row-has-fill vc_column-gap-0 vc_row-o-full-height vc_row-o-columns-middle vc_row-o-content-middle vc_row-flex ut-row-69e48f8fb8519 ut-parallax-section\" ><div id=\"ut-parallax-69e48f8fb8570\" data-parallax-factor=\"8\" data-background-image=\"\" class=\"parallax-scroll-container parallax-scroll-container-hide ut-background-lozad\"><\/div><div class=\"wpb_column vc_column_container vc_col-sm-12\" ><div id=\"ut_inner_column_69e48f8fb8fac\" class=\"vc_column-inner\" ><div class=\"wpb_wrapper\"><div class=\"wpb_content_element  vc_custom_1756669162836\"><style type=\"text\/css\">#ut_header_69e48f8fb961a h2.section-title, #ut_header_69e48f8fb961a h2.section-title span { color:#ffffff; }#ut_header_69e48f8fb961a .lead { color:#ffffff; }#ut_header_69e48f8fb961a .lead p { color:#ffffff; }#ut_header_69e48f8fb961a.pt-style-2 .page-title span:after, #ut_header_69e48f8fb961a.pt-style-2 .parallax-title span:after, #ut_header_69e48f8fb961a.pt-style-2 .section-title span:after { background-color:#ffffff !important;}<\/style><header id=\"ut_header_69e48f8fb961a\" class=\"section-header  ut-no-title-linebreak-mobile ut-no-lead-linebreak-mobile pt-style-2 header-left header-tablet-left header-mobile-center element-with-custom-line-height\"><div class=\"element-with-custom-line-height\" ><h2 data-title=\"Full Service&#13;&#10;Including Customs &amp; Consulting\"  data-responsive-font=\"section_title\" class=\"section-title title-with-linebreak\"><span>Tam Hizmet<br \/>\nG\u00fcmr\u00fck &amp; Dan\u0131\u015fmanl\u0131k Dahil<\/span><\/h2><\/div><div data-delay=\"0\" class=\"lead title-with-linebreak\"><p>\u0130thalat s\u00fcrecinizin her a\u015famas\u0131nda yan\u0131n\u0131zday\u0131z: ta\u015f\u0131ma \u00e7\u00f6z\u00fcm\u00fcn\u00fcn se\u00e7iminden nihai teslimata kadar. G\u00fcmr\u00fckleme ve resmi i\u015flemleri sizin ad\u0131n\u0131za \u00fcstleniyor, yasalara uygun \u015fekilde tamaml\u0131yoruz. Ayr\u0131ca, Incoterms\u00ae konusunda sizi bilgilendiriyor ve sorumluluk, risk ve maliyet da\u011f\u0131l\u0131m\u0131n\u0131 netle\u015ftiriyoruz \u2013 i\u015f ili\u015fkilerinize \u00f6zel uyarlanm\u0131\u015f \u015fekilde.<\/p>\n<\/div><\/header><\/div><\/div><\/div><\/div><style type=\"text\/css\">#ut-row-69e48f8fb8500 {background-color: #151515 !important;background-position: center;} #ut-parallax-69e48f8fb8570{background-size: cover !important}<\/style><\/div><div class=\"vc_row-full-width vc_clearfix\"><\/div><div id=\"ut-row-69e48f8fbb114\" data-vc-full-width=\"true\" data-vc-full-width-init=\"false\" class=\"vc_row wpb_row vc_row-fluid vc_column-gap-0 ut-row-69e48f8fbb157\" ><div class=\"wpb_column vc_column_container vc_col-sm-12\" ><div id=\"ut_inner_column_69e48f8fbbd17\" class=\"vc_column-inner\" ><div class=\"wpb_wrapper\"><div class=\"wpb_content_element  vc_custom_1756669687113\"><style type=\"text\/css\"><\/style><header id=\"ut_header_69e48f8fbc373\" class=\"section-header  ut-no-title-linebreak-mobile ut-no-lead-linebreak-mobile pt-style-2 header-center header-tablet-center header-mobile-center element-with-custom-line-height\"><div class=\"element-with-custom-line-height\" ><h2 data-title=\"Your Path to Smooth Import&#13;&#10;Logistics Efficient, predictable, reliable.\"  data-responsive-font=\"section_title\" class=\"section-title title-with-linebreak\"><span>Sorunsuz \u0130thalat Lojisti\u011fine<br \/>\nGiden Yolunuz Verimli, planlanabilir, g\u00fcvenilir.<\/span><\/h2><\/div><div data-delay=\"0\" class=\"lead title-with-linebreak\"><p>SELLHEADS ile do\u011fru ta\u015f\u0131ma \u00e7\u00f6z\u00fcm\u00fcn\u00fc se\u00e7in \u2013 g\u00fcvenilir, verimli ve her zaman zaman\u0131nda. Size \u00f6zel teklif i\u00e7in hemen bizimle ileti\u015fime ge\u00e7in!<\/p>\n<\/div><\/header><\/div><\/div><\/div><\/div><\/div><div class=\"vc_row-full-width vc_clearfix\"><\/div><div id=\"ut-row-69e48f8fbd564\" data-vc-full-width=\"true\" data-vc-full-width-init=\"false\" class=\"vc_row wpb_row vc_row-fluid vc_column-gap-0 ut-row-69e48f8fbd57c\" ><div class=\"wpb_column vc_column_container vc_col-sm-12\" ><div id=\"ut_inner_column_69e48f8fbde0d\" class=\"vc_column-inner\" ><div class=\"wpb_wrapper\"><div class=\"wpb_content_element\"><style class=\"bklyn-inline-styles\" type=\"text\/css\">#ut_scb_69e48f8fbdf14.ut-project-sc { border-color: #efefef; }#ut_scb_69e48f8fbdf14.ut-project-sc .widget-title { color: #252525; }#ut_scb_69e48f8fbdf14 .ut-share-link { color: #999999; }#ut_scb_69e48f8fbdf14 .ut-share-link:visited { color: #999999; }#ut_scb_69e48f8fbdf14 .ut-share-link:hover { color: rgba(25, 181, 254, 1); }#ut_scb_69e48f8fbdf14 .ut-share-link:focus { color: rgba(25, 181, 254, 1); }#ut_scb_69e48f8fbdf14 .ut-share-link:active { color: rgba(25, 181, 254, 1); }<\/style><ul id=\"ut_scb_69e48f8fbdf14\" class=\"ut-project-sc clearfix  ut-project-sc-center ut-project-sc-tablet-center ut-project-sc-mobile-center\"><li><h6 class=\"widget-title\"><span>PAYLA\u015e:<\/span><\/h6><\/li><li><a class=\"ut-share-link sc-facebook\" data-social=\"utsharefacebook\"><i class=\"fa fa-facebook\"><\/i><\/a><\/li><li><a class=\"ut-share-link sc-twitter\" data-social=\"utsharetwitter\"><i class=\"fa-brands fa-x-twitter\"><\/i><\/a><\/li><li><a class=\"ut-share-link sc-linkedin\" data-social=\"utsharelinkedin\"><i class=\"fa fa-linkedin\"><\/i><\/a><\/li><li><a class=\"ut-share-link sc-pinterest\" data-social=\"utsharepinterest\"><i class=\"fa fa-pinterest\"><\/i><\/a><\/li><li><a class=\"ut-share-link sc-xing\" data-social=\"utsharexing\"><i class=\"fa fa-xing\"><\/i><\/a><\/li><\/ul><\/div><\/div><\/div><\/div><\/div><div class=\"vc_row-full-width vc_clearfix\"><\/div><a data-id=\"section-without-id\" class=\"ut-vc-offset-anchor-bottom\" name=\"section-without-id\"><\/a><\/section><div class=\"vc_row-full-width vc_clearfix\"><\/div>\n<\/div>","protected":false},"excerpt":{"rendered":"Transport SolutionsTogether with you, we develop the optimal transport strategy for your imports from Turkey. We analyze factors such as budget, lead time, product type, storage capacity, and customs requirements \u2013 and choose the most efficient option in close consultation with you. Whether by sea, air, or truck: your goals and requirements are at the [...]","protected":false},"author":1,"featured_media":0,"parent":0,"menu_order":0,"comment_status":"closed","ping_status":"closed","template":"","meta":{"footnotes":""},"class_list":["post-77246","page","type-page","status-publish","hentry"],"_links":{"self":[{"href":"https:\/\/www.sellheads.com\/tr\/wp-json\/wp\/v2\/pages\/77246","targetHints":{"allow":["GET"]}}],"collection":[{"href":"https:\/\/www.sellheads.com\/tr\/wp-json\/wp\/v2\/pages"}],"about":[{"href":"https:\/\/www.sellheads.com\/tr\/wp-json\/wp\/v2\/types\/page"}],"author":[{"embeddable":true,"href":"https:\/\/www.sellheads.com\/tr\/wp-json\/wp\/v2\/users\/1"}],"replies":[{"embeddable":true,"href":"https:\/\/www.sellheads.com\/tr\/wp-json\/wp\/v2\/comments?post=77246"}],"version-history":[{"count":12,"href":"https:\/\/www.sellheads.com\/tr\/wp-json\/wp\/v2\/pages\/77246\/revisions"}],"predecessor-version":[{"id":77301,"href":"https:\/\/www.sellheads.com\/tr\/wp-json\/wp\/v2\/pages\/77246\/revisions\/77301"}],"wp:attachment":[{"href":"https:\/\/www.sellheads.com\/tr\/wp-json\/wp\/v2\/media?parent=77246"}],"curies":[{"name":"wp","href":"https:\/\/api.w.org\/{rel}","templated":true}]}}