{"id":77254,"date":"2025-08-31T20:01:51","date_gmt":"2025-08-31T20:01:51","guid":{"rendered":"https:\/\/www.sellheads.com\/?page_id=77254"},"modified":"2025-09-01T22:09:34","modified_gmt":"2025-09-01T22:09:34","slug":"consulting","status":"publish","type":"page","link":"https:\/\/www.sellheads.com\/tr\/consulting\/","title":{"rendered":"Dan\u0131\u015fmanl\u0131k"},"content":{"rendered":"<div class=\"wpb-content-wrapper\"><section id=\"ut-section-69e478c8c234a\" data-vc-full-width=\"true\" data-vc-full-width-init=\"false\" data-cursor-skin=\"global\" class=\"vc_section ut-vc-160 vc_section-has-no-fill ut-section-69e478c8c2368\"><div id=\"ut-row-69e478c8c2df3\" data-vc-full-width=\"true\" data-vc-full-width-init=\"false\" class=\"vc_row wpb_row vc_row-fluid vc_column-gap-0 ut-row-69e478c8c2e08\" ><div class=\"wpb_column vc_column_container vc_col-sm-6\" ><div id=\"ut_inner_column_69e478c8c38d5\" class=\"vc_column-inner\" ><div class=\"wpb_wrapper\"><div class=\"wpb_content_element\"><style type=\"text\/css\"><\/style><header id=\"ut_header_69e478c8c3d36\" class=\"section-header  ut-no-title-linebreak-mobile ut-no-lead-linebreak-mobile pt-style-2 header-center header-tablet-center header-mobile-center element-with-custom-line-height\"><div class=\"element-with-custom-line-height\" ><h2 data-title=\"Consulting\"  data-responsive-font=\"section_title\" class=\"section-title\"><span>Dan\u0131\u015fmanl\u0131k<\/span><\/h2><\/div><div data-delay=\"0\" class=\"lead\"><p>Hizmetlerimiz, T\u00fcrkiye\u2019deki \u00fcreticilerle \u00e7al\u0131\u015fan \u015firketlere kapsaml\u0131 destek sa\u011flar. Sorunsuz ileti\u015fim, geli\u015ftirme ve \u00fcretim s\u00fcre\u00e7lerinin etkin koordinasyonu ile g\u00fcvenilir kalite kontrol\u00fcn\u00fc garanti ederiz.<\/p>\n<\/div><\/header><\/div><\/div><\/div><\/div><div class=\"wpb_column vc_column_container vc_col-sm-6\" ><div id=\"ut_inner_column_69e478c8c8600\" class=\"vc_column-inner\" ><div class=\"wpb_wrapper\"><div  class=\"wpb_content_element   clearfix\"><style type=\"text\/css\">#ut_am_69e478c8c93d2 { opacity: 1; }#ut_am_wrap_69e478c8c93d5 { text-align: left; }@media (min-width: 768px) and (max-width: 1024px) { #ut_am_wrap_69e478c8c93d5 { text-align: left !important; } }@media (max-width: 767px) { #ut_am_wrap_69e478c8c93d5 { text-align: center !important; } }<\/style><div id=\"ut_am_wrap_69e478c8c93d5\" class=\"ut-image-gallery-image\"><div id=\"ut_reveal_69e478c8c93d7\"  data-appear-top-offset=\"auto\" class=\"ut-animated-image-item ut-image-gallery-item ut-animation-done\"><a class=\"ut-deactivated-link\" href=\"#\"><div class=\"ut-animated-image-zoom\">\r\n        <div class=\"ut-element-glitch-wrap\">\r\n\r\n            \r\n        <style type=\"text\/css\">\r\n\r\n                        \r\n        @media (min-width: 1025px) {\r\n\r\n        #ut-element-glitch-69e478c8c9429608189358-77268 .ut-glitch-single-element {\r\n                                            \r\n                }\r\n        }\r\n\r\n        @media (min-width: 768px) and (max-width: 1024px) {\r\n\r\n        #ut-element-glitch-69e478c8c9429608189358-77268 .ut-glitch-single-element {\r\n                                                \r\n                    }\r\n        }\r\n\r\n        @media (max-width: 767px) {\r\n\r\n        #ut-element-glitch-69e478c8c9429608189358-77268 .ut-glitch-single-element {\r\n                                                \r\n                    }\r\n        }\r\n\r\n        \r\n        <\/style>\r\n\r\n        \r\n            <div id=\"ut-element-glitch-69e478c8c9429608189358-77268\" class=\"ut-element-glitch ut-glitch-none ut-element-glitch-permanent\">\r\n                <div class=\"ut-glitch-single-element ut-lozad skip-lazy\" data-background-image=\"https:\/\/www.sellheads.com\/wp-content\/uploads\/2025\/09\/wall_sellheads-1024x867.png\"><\/div>\r\n                <div class=\"ut-glitch-single-element ut-lozad skip-lazy\" data-background-image=\"https:\/\/www.sellheads.com\/wp-content\/uploads\/2025\/09\/wall_sellheads-1024x867.png\"><\/div>\r\n                <div class=\"ut-glitch-single-element ut-lozad skip-lazy\" data-background-image=\"https:\/\/www.sellheads.com\/wp-content\/uploads\/2025\/09\/wall_sellheads-1024x867.png\"><\/div>\r\n                <div class=\"ut-glitch-single-element ut-lozad skip-lazy\" data-background-image=\"https:\/\/www.sellheads.com\/wp-content\/uploads\/2025\/09\/wall_sellheads-1024x867.png\"><\/div>\r\n                <div class=\"ut-glitch-single-element ut-lozad skip-lazy\" data-background-image=\"https:\/\/www.sellheads.com\/wp-content\/uploads\/2025\/09\/wall_sellheads-1024x867.png\"><\/div>\r\n            <\/div>\r\n\r\n        <\/div>\r\n\r\n        <img fetchpriority=\"high\" decoding=\"async\" class=\"ut-lazy skip-lazy ut-animated-image\"  id=\"ut_am_69e478c8c93d2\" src=\"data:image\/svg+xml;charset=utf-8,%3Csvg xmlns%3D'http%3A%2F%2Fwww.w3.org%2F2000%2Fsvg' viewBox%3D'0 0 1024 867'%2F%3E\" data-src=\"https:\/\/www.sellheads.com\/wp-content\/uploads\/2025\/09\/wall_sellheads-1024x867.png\" width=\"1024\" height=\"867\" alt=\"\"\/><\/div><\/a><\/div><\/div><\/div><\/div><\/div><\/div><\/div><div class=\"vc_row-full-width vc_clearfix\"><\/div><a data-id=\"section-without-id\" class=\"ut-vc-offset-anchor-bottom\" name=\"section-without-id\"><\/a><\/section><div class=\"vc_row-full-width vc_clearfix\"><\/div><section id=\"ut-section-69e478c8ca84a\" data-vc-full-width=\"true\" data-vc-full-width-init=\"false\" data-cursor-skin=\"global\" class=\"vc_section ut-vc-160 vc_section-has-no-fill ut-section-69e478c8ca85f\"><div id=\"ut-row-69e478c8cb33d\" data-vc-full-width=\"true\" data-vc-full-width-init=\"false\" class=\"vc_row wpb_row vc_row-fluid vc_column-gap-0 vc_row-o-equal-height vc_row-o-content-middle vc_row-flex ut-row-69e478c8cb356\" ><div class=\"wpb_column vc_column_container vc_col-sm-6\" ><div id=\"ut_inner_column_69e478c8cbbc1\" class=\"vc_column-inner\" ><div class=\"wpb_wrapper\"><div class=\"wpb_content_element\"><style type=\"text\/css\"><\/style><header id=\"ut_header_69e478c8cc0e4\" class=\"section-header  ut-no-title-linebreak-mobile ut-no-lead-linebreak-mobile pt-style-2 header-left header-tablet-left header-mobile-center element-with-custom-line-height\"><div class=\"element-with-custom-line-height\" ><h2 data-title=\"Quality Assurance &amp; CE Compliance\"  data-responsive-font=\"section_title\" class=\"section-title\"><span>Kalite G\u00fcvencesi &amp; CE Uygunlu\u011fu<\/span><\/h2><\/div><div data-delay=\"0\" class=\"lead\"><p>T\u00fcrkiye\u2019den ithalat yapmay\u0131 planl\u0131yor ancak kalite veya sertifikalar konusunda emin de\u011fil misiniz? \u00dcr\u00fcnlerinizin t\u00fcm standartlara uygunlu\u011funu ve gerekli belgelerin \u2013 \u00f6zellikle CE i\u015faretinin \u2013 mevcut olmas\u0131n\u0131 sa\u011flamak i\u00e7in dan\u0131\u015fmanl\u0131k veriyoruz. Ayr\u0131ca, sorunsuz g\u00fcmr\u00fck i\u015flemleri i\u00e7in gerekli belgeleri belirlemenize yard\u0131mc\u0131 oluyoruz.<\/p>\n<\/div><\/header><\/div><\/div><\/div><\/div><div class=\"wpb_column vc_column_container vc_col-sm-6\" ><div id=\"ut_inner_column_69e478c8cce35\" class=\"vc_column-inner\" ><div class=\"wpb_wrapper\"><div  class=\"wpb_content_element   clearfix\"><style type=\"text\/css\">#ut_am_69e478c8cd86f { opacity: 1; }#ut_am_wrap_69e478c8cd871 { text-align: left; }@media (min-width: 768px) and (max-width: 1024px) { #ut_am_wrap_69e478c8cd871 { text-align: left !important; } }@media (max-width: 767px) { #ut_am_wrap_69e478c8cd871 { text-align: center !important; } }<\/style><div id=\"ut_am_wrap_69e478c8cd871\" class=\"ut-image-gallery-image\"><div id=\"ut_reveal_69e478c8cd872\"  data-appear-top-offset=\"auto\" class=\"ut-animated-image-item ut-image-gallery-item ut-animation-done\"><a class=\"ut-deactivated-link\" href=\"#\"><div class=\"ut-animated-image-zoom\">\r\n        <div class=\"ut-element-glitch-wrap\">\r\n\r\n            \r\n        <style type=\"text\/css\">\r\n\r\n                        \r\n        @media (min-width: 1025px) {\r\n\r\n        #ut-element-glitch-69e478c8cd8b4217269137-77309 .ut-glitch-single-element {\r\n                                            \r\n                }\r\n        }\r\n\r\n        @media (min-width: 768px) and (max-width: 1024px) {\r\n\r\n        #ut-element-glitch-69e478c8cd8b4217269137-77309 .ut-glitch-single-element {\r\n                                                \r\n                    }\r\n        }\r\n\r\n        @media (max-width: 767px) {\r\n\r\n        #ut-element-glitch-69e478c8cd8b4217269137-77309 .ut-glitch-single-element {\r\n                                                \r\n                    }\r\n        }\r\n\r\n        \r\n        <\/style>\r\n\r\n        \r\n            <div id=\"ut-element-glitch-69e478c8cd8b4217269137-77309\" class=\"ut-element-glitch ut-glitch-none ut-element-glitch-permanent\">\r\n                <div class=\"ut-glitch-single-element ut-lozad skip-lazy\" data-background-image=\"https:\/\/www.sellheads.com\/wp-content\/uploads\/2025\/09\/sellheads_box-1024x867.png\"><\/div>\r\n                <div class=\"ut-glitch-single-element ut-lozad skip-lazy\" data-background-image=\"https:\/\/www.sellheads.com\/wp-content\/uploads\/2025\/09\/sellheads_box-1024x867.png\"><\/div>\r\n                <div class=\"ut-glitch-single-element ut-lozad skip-lazy\" data-background-image=\"https:\/\/www.sellheads.com\/wp-content\/uploads\/2025\/09\/sellheads_box-1024x867.png\"><\/div>\r\n                <div class=\"ut-glitch-single-element ut-lozad skip-lazy\" data-background-image=\"https:\/\/www.sellheads.com\/wp-content\/uploads\/2025\/09\/sellheads_box-1024x867.png\"><\/div>\r\n                <div class=\"ut-glitch-single-element ut-lozad skip-lazy\" data-background-image=\"https:\/\/www.sellheads.com\/wp-content\/uploads\/2025\/09\/sellheads_box-1024x867.png\"><\/div>\r\n            <\/div>\r\n\r\n        <\/div>\r\n\r\n        <img decoding=\"async\" class=\"ut-lazy skip-lazy ut-animated-image\"  id=\"ut_am_69e478c8cd86f\" src=\"data:image\/svg+xml;charset=utf-8,%3Csvg xmlns%3D'http%3A%2F%2Fwww.w3.org%2F2000%2Fsvg' viewBox%3D'0 0 1024 867'%2F%3E\" data-src=\"https:\/\/www.sellheads.com\/wp-content\/uploads\/2025\/09\/sellheads_box-1024x867.png\" width=\"1024\" height=\"867\" alt=\"\"\/><\/div><\/a><\/div><\/div><\/div><\/div><\/div><\/div><\/div><div class=\"vc_row-full-width vc_clearfix\"><\/div><div id=\"ut-row-69e478c8ce584\" data-vc-full-width=\"true\" data-vc-full-width-init=\"false\" data-vc-stretch-content=\"true\" class=\"vc_row wpb_row vc_row-fluid vc_row-has-fill vc_column-gap-0 ut-animate-element animated ut-no-animation-tablet ut-no-animation-mobile vc_row-no-padding vc_row-o-full-height vc_row-o-columns-middle vc_row-o-content-middle vc_row-flex ut-row-69e478c8ce763 ut-parallax-section\" data-effect=\"fadeIn\" data-animateonce=\"yes\" data-delay=\"0\" data-animation-duration=\"1s\"><div id=\"ut-parallax-69e478c8ce77d\" data-parallax-factor=\"8\" data-background-image=\"https:\/\/www.sellheads.com\/wp-content\/uploads\/2025\/09\/sellheads_1_office.png?id=77265\" class=\"parallax-scroll-container parallax-scroll-container-hide ut-background-lozad\"><\/div><div class=\"wpb_column vc_column_container vc_col-sm-12\" ><div id=\"ut_inner_column_69e478c8cf033\" class=\"vc_column-inner\" ><div class=\"wpb_wrapper\"><\/div><\/div><\/div><style type=\"text\/css\">#ut-row-69e478c8ce584 {background-position: center;} #ut-parallax-69e478c8ce77d{background-size: cover !important}<\/style><\/div><div class=\"vc_row-full-width vc_clearfix\"><\/div><a data-id=\"section-without-id\" class=\"ut-vc-offset-anchor-bottom\" name=\"section-without-id\"><\/a><\/section><div class=\"vc_row-full-width vc_clearfix\"><\/div><section id=\"ut-section-69e478c8d0267\" data-vc-full-width=\"true\" data-vc-full-width-init=\"false\" data-cursor-skin=\"global\" class=\"vc_section ut-vc-160 vc_section-has-no-fill ut-section-69e478c8d0279\"><div id=\"ut-row-69e478c8d0d34\" data-vc-full-width=\"true\" data-vc-full-width-init=\"false\" class=\"vc_row wpb_row vc_row-fluid vc_column-gap-0 vc_row-o-equal-height vc_row-o-content-middle vc_row-flex ut-row-69e478c8d0d4c\" ><div class=\"wpb_column vc_column_container vc_col-sm-4\" ><div id=\"ut_inner_column_69e478c8d1579\" class=\"vc_column-inner\" ><div class=\"wpb_wrapper\"><div  class=\"wpb_content_element   clearfix\"><style type=\"text\/css\">#ut_am_69e478c8d1bb4 { opacity: 1; }#ut_am_wrap_69e478c8d1bb6 { text-align: left; }@media (min-width: 768px) and (max-width: 1024px) { #ut_am_wrap_69e478c8d1bb6 { text-align: left !important; } }@media (max-width: 767px) { #ut_am_wrap_69e478c8d1bb6 { text-align: center !important; } }<\/style><div id=\"ut_am_wrap_69e478c8d1bb6\" class=\"ut-image-gallery-image\"><div id=\"ut_reveal_69e478c8d1bb7\"  data-appear-top-offset=\"auto\" class=\"ut-animated-image-item ut-image-gallery-item ut-animation-done\"><a class=\"ut-deactivated-link\" href=\"#\"><div class=\"ut-animated-image-zoom\">\r\n        <div class=\"ut-element-glitch-wrap\">\r\n\r\n            \r\n        <style type=\"text\/css\">\r\n\r\n                        \r\n        @media (min-width: 1025px) {\r\n\r\n        #ut-element-glitch-69e478c8d1bf5541051157-77310 .ut-glitch-single-element {\r\n                                            \r\n                }\r\n        }\r\n\r\n        @media (min-width: 768px) and (max-width: 1024px) {\r\n\r\n        #ut-element-glitch-69e478c8d1bf5541051157-77310 .ut-glitch-single-element {\r\n                                                \r\n                    }\r\n        }\r\n\r\n        @media (max-width: 767px) {\r\n\r\n        #ut-element-glitch-69e478c8d1bf5541051157-77310 .ut-glitch-single-element {\r\n                                                \r\n                    }\r\n        }\r\n\r\n        \r\n        <\/style>\r\n\r\n        \r\n            <div id=\"ut-element-glitch-69e478c8d1bf5541051157-77310\" class=\"ut-element-glitch ut-glitch-none ut-element-glitch-permanent\">\r\n                <div class=\"ut-glitch-single-element ut-lozad skip-lazy\" data-background-image=\"https:\/\/www.sellheads.com\/wp-content\/uploads\/2025\/09\/sellheads_wallstand-1300x867.png\"><\/div>\r\n                <div class=\"ut-glitch-single-element ut-lozad skip-lazy\" data-background-image=\"https:\/\/www.sellheads.com\/wp-content\/uploads\/2025\/09\/sellheads_wallstand-1300x867.png\"><\/div>\r\n                <div class=\"ut-glitch-single-element ut-lozad skip-lazy\" data-background-image=\"https:\/\/www.sellheads.com\/wp-content\/uploads\/2025\/09\/sellheads_wallstand-1300x867.png\"><\/div>\r\n                <div class=\"ut-glitch-single-element ut-lozad skip-lazy\" data-background-image=\"https:\/\/www.sellheads.com\/wp-content\/uploads\/2025\/09\/sellheads_wallstand-1300x867.png\"><\/div>\r\n                <div class=\"ut-glitch-single-element ut-lozad skip-lazy\" data-background-image=\"https:\/\/www.sellheads.com\/wp-content\/uploads\/2025\/09\/sellheads_wallstand-1300x867.png\"><\/div>\r\n            <\/div>\r\n\r\n        <\/div>\r\n\r\n        <img decoding=\"async\" class=\"ut-lazy skip-lazy ut-animated-image\"  id=\"ut_am_69e478c8d1bb4\" src=\"data:image\/svg+xml;charset=utf-8,%3Csvg xmlns%3D'http%3A%2F%2Fwww.w3.org%2F2000%2Fsvg' viewBox%3D'0 0 1300 867'%2F%3E\" data-src=\"https:\/\/www.sellheads.com\/wp-content\/uploads\/2025\/09\/sellheads_wallstand-1300x867.png\" width=\"1300\" height=\"867\" alt=\"\"\/><\/div><\/a><\/div><\/div><\/div><\/div><\/div><\/div><div class=\"wpb_column vc_column_container vc_col-sm-8\" ><div id=\"ut_inner_column_69e478c8d219a\" class=\"vc_column-inner\" ><div class=\"wpb_wrapper\"><div class=\"wpb_content_element\"><style type=\"text\/css\"><\/style><header id=\"ut_header_69e478c8d26cc\" class=\"section-header  ut-no-title-linebreak-mobile ut-no-lead-linebreak-mobile pt-style-2 header-left header-tablet-left header-mobile-center element-with-custom-line-height\"><div class=\"element-with-custom-line-height\" ><h2 data-title=\"Start-Ups &amp; Product Development\"  data-responsive-font=\"section_title\" class=\"section-title\"><span>Start-Up\u2019lar &amp; \u00dcr\u00fcn Geli\u015ftirme<\/span><\/h2><\/div><div data-delay=\"0\" class=\"lead\"><p>Tedarikin merkezinde oldu\u011fu bir i\u015f modeli kurmak m\u0131 istiyorsunuz? \u00dcr\u00fcn geli\u015ftirme, fiyatland\u0131rma, k\u00e2r marj\u0131 hesaplama, ta\u015f\u0131ma ve g\u00fcmr\u00fck konular\u0131nda size destek oluyoruz \u2013 i\u015finizin k\u00e2rl\u0131 ve s\u00fcrd\u00fcr\u00fclebilir olmas\u0131n\u0131 sa\u011fl\u0131yoruz.<\/p>\n<\/div><\/header><\/div><\/div><\/div><\/div><\/div><div class=\"vc_row-full-width vc_clearfix\"><\/div><div id=\"ut-row-69e478c8d3c25\" data-vc-full-width=\"true\" data-vc-full-width-init=\"false\" data-vc-stretch-content=\"true\" class=\"vc_row wpb_row vc_row-fluid vc_row-has-fill vc_column-gap-0 ut-animate-element animated ut-no-animation-tablet ut-no-animation-mobile vc_row-o-full-height vc_row-o-columns-middle vc_row-flex ut-row-69e478c8d3e15 ut-parallax-section\" data-effect=\"fadeIn\" data-animateonce=\"yes\" data-delay=\"0\" data-animation-duration=\"1s\"><div id=\"ut-parallax-69e478c8d3e2c\" data-parallax-factor=\"8\" data-background-image=\"https:\/\/www.sellheads.com\/wp-content\/uploads\/2025\/09\/sellheads_4_office.png?id=77266\" class=\"parallax-scroll-container parallax-scroll-container-hide ut-background-lozad\"><\/div><div class=\"wpb_column vc_column_container vc_col-sm-12\" ><div id=\"ut_inner_column_69e478c8d468e\" class=\"vc_column-inner\" ><div class=\"wpb_wrapper\"><\/div><\/div><\/div><style type=\"text\/css\">#ut-row-69e478c8d3c25 {background-position: center;} #ut-parallax-69e478c8d3e2c{background-size: cover !important}<\/style><\/div><div class=\"vc_row-full-width vc_clearfix\"><\/div><a data-id=\"section-without-id\" class=\"ut-vc-offset-anchor-bottom\" name=\"section-without-id\"><\/a><\/section><div class=\"vc_row-full-width vc_clearfix\"><\/div><section id=\"ut-section-69e478c8d58d1\" data-vc-full-width=\"true\" data-vc-full-width-init=\"false\" data-cursor-skin=\"global\" class=\"vc_section ut-vc-160 vc_section-has-no-fill ut-section-69e478c8d58e9\"><div id=\"ut-row-69e478c8d6484\" data-vc-full-width=\"true\" data-vc-full-width-init=\"false\" class=\"vc_row wpb_row vc_row-fluid vc_column-gap-0 ut-row-69e478c8d649f\" ><div class=\"wpb_column vc_column_container vc_col-sm-12\" ><div id=\"ut_inner_column_69e478c8d6e45\" class=\"vc_column-inner\" ><div class=\"wpb_wrapper\"><div class=\"wpb_content_element  vc_custom_1756670291216\"><style type=\"text\/css\"><\/style><header id=\"ut_header_69e478c8d7306\" class=\"section-header  ut-no-title-linebreak-mobile ut-no-lead-linebreak-mobile pt-style-2 header-center header-tablet-center header-mobile-center element-with-custom-line-height\"><div class=\"element-with-custom-line-height\" ><h2 data-title=\"Our team takes care of:\"  data-responsive-font=\"section_title\" class=\"section-title\"><span>Ekibimiz sizin i\u00e7in \u00fcstlenir:<\/span><\/h2><\/div><\/header><\/div><\/div><\/div><\/div><\/div><div class=\"vc_row-full-width vc_clearfix\"><\/div><div id=\"ut-row-69e478c8d859f\" data-vc-full-width=\"true\" data-vc-full-width-init=\"false\" class=\"vc_row wpb_row vc_row-fluid vc_column-gap-40 vc_row-o-equal-height vc_row-o-content-top vc_row-flex ut-row-69e478c8d85bb\" ><div class=\"wpb_column vc_column_container vc_col-sm-12 vc_col-has-fill\" ><div id=\"ut_inner_column_69e478c8d8fb6\" class=\"vc_column-inner\" ><div class=\"wpb_wrapper\"><div class=\"wpb_content_element\"><style class=\"bklyn-inline-styles\" type=\"text\/css\">#ut_fl_69e478c8d9bcb858369922.bklyn-fancy-list { font-size: 14px !important; }#ut_fl_69e478c8d9bcb858369922.bklyn-fancy-list { line-height: 24px !important; }#ut_fl_69e478c8d9bcb858369922 .bklyn-list li:not(:last-child) { margin-bottom: 10px; }#ut_fl_69e478c8d9bcb858369922 li span { color: rgba(17, 17, 17, 1); }#ut_fl_69e478c8d9bcb858369922 a { color: rgba(17, 17, 17, 1); }#ut_fl_69e478c8d9bcb858369922 a:visited { color: rgba(17, 17, 17, 1); }#ut_fl_69e478c8d9bcb858369922 ul { list-style-type: disc; }<\/style><div id=\"ut_fl_69e478c8d9bcb858369922\" class=\"bklyn-fancy-list  bklyn-fancy-list-center bklyn-fancy-list-tablet-center bklyn-fancy-list-mobile-center\"><ul class=\"bklyn-list\" data-appear-top-offset=\"almost\"><li class=\"bklyn-list-item-space-xsmall\"><span><span><strong>\u00dcreticilerle ileti\u015fim<\/strong><\/span><\/a><\/span><\/li><li class=\"bklyn-list-item-space-xsmall\"><span><span><strong>S\u00fcre\u00e7lerin koordinasyonu &amp; takibi<\/strong><\/span><\/a><\/span><\/li><li class=\"bklyn-list-item-space-xsmall\"><span><span><strong>Kalite kontrollerinin ger\u00e7ekle\u015ftirilmesi<\/strong><\/span><\/a><\/span><\/li><li class=\"bklyn-list-item-space-xsmall\"><span><span><strong>Nakliye organizasyonu<\/strong><\/span><\/a><\/span><\/li><li class=\"bklyn-list-item-space-xsmall\"><span><span><strong>G\u00fcmr\u00fck i\u015flemleri &amp; yasal uyumluluk<\/strong><\/span><\/a><\/span><\/li><\/ul><\/div><\/div><\/div><\/div><style type=\"text\/css\">#ut_inner_column_69e478c8d8fb6{background-color: #f8f8f8 !important;}<\/style><\/div><\/div><div class=\"vc_row-full-width vc_clearfix\"><\/div><div id=\"ut-row-69e478c8da99f\" data-vc-full-width=\"true\" data-vc-full-width-init=\"false\" class=\"vc_row wpb_row vc_row-fluid vc_column-gap-0 ut-row-69e478c8da9bb\" ><div class=\"wpb_column vc_column_container vc_col-sm-12\" ><div id=\"ut_inner_column_69e478c8db5e3\" class=\"vc_column-inner\" ><div class=\"wpb_wrapper\"><div class=\"wpb_content_element\"><style class=\"bklyn-inline-styles\" type=\"text\/css\">#ut_scb_69e478c8db68c.ut-project-sc { border-color: #dddddd; }#ut_scb_69e478c8db68c .ut-share-link { color: #999999; }#ut_scb_69e478c8db68c .ut-share-link:visited { color: #999999; }#ut_scb_69e478c8db68c .ut-share-link:hover { color: rgba(25, 181, 254, 1); }#ut_scb_69e478c8db68c .ut-share-link:focus { color: rgba(25, 181, 254, 1); }#ut_scb_69e478c8db68c .ut-share-link:active { color: rgba(25, 181, 254, 1); }<\/style><ul id=\"ut_scb_69e478c8db68c\" class=\"ut-project-sc clearfix  ut-project-sc-center ut-project-sc-tablet-center ut-project-sc-mobile-center\"><li><h6 class=\"widget-title\"><span>PAYLA\u015e:<\/span><\/h6><\/li><li><a class=\"ut-share-link sc-facebook\" data-social=\"utsharefacebook\"><i class=\"fa fa-facebook\"><\/i><\/a><\/li><li><a class=\"ut-share-link sc-twitter\" data-social=\"utsharetwitter\"><i class=\"fa-brands fa-x-twitter\"><\/i><\/a><\/li><li><a class=\"ut-share-link sc-linkedin\" data-social=\"utsharelinkedin\"><i class=\"fa fa-linkedin\"><\/i><\/a><\/li><li><a class=\"ut-share-link sc-pinterest\" data-social=\"utsharepinterest\"><i class=\"fa fa-pinterest\"><\/i><\/a><\/li><li><a class=\"ut-share-link sc-xing\" data-social=\"utsharexing\"><i class=\"fa fa-xing\"><\/i><\/a><\/li><\/ul><\/div><\/div><\/div><\/div><\/div><div class=\"vc_row-full-width vc_clearfix\"><\/div><a data-id=\"section-without-id\" class=\"ut-vc-offset-anchor-bottom\" name=\"section-without-id\"><\/a><\/section><div class=\"vc_row-full-width vc_clearfix\"><\/div>\n<\/div>","protected":false},"excerpt":{"rendered":"ConsultingSuccessful Collaboration with Turkish Producers Efficient Coordination &amp; Support for Sustainable Business Success. Our services provide comprehensive support for companies working with producers in Turkey. We ensure smooth communication, efficient coordination of development and production processes, and reliable quality control. Quality Assurance &amp; CE CompliancePlanning to import from Turkey but uncertain about quality or certifications? [...]","protected":false},"author":1,"featured_media":0,"parent":0,"menu_order":0,"comment_status":"closed","ping_status":"closed","template":"","meta":{"footnotes":""},"class_list":["post-77254","page","type-page","status-publish","hentry"],"_links":{"self":[{"href":"https:\/\/www.sellheads.com\/tr\/wp-json\/wp\/v2\/pages\/77254","targetHints":{"allow":["GET"]}}],"collection":[{"href":"https:\/\/www.sellheads.com\/tr\/wp-json\/wp\/v2\/pages"}],"about":[{"href":"https:\/\/www.sellheads.com\/tr\/wp-json\/wp\/v2\/types\/page"}],"author":[{"embeddable":true,"href":"https:\/\/www.sellheads.com\/tr\/wp-json\/wp\/v2\/users\/1"}],"replies":[{"embeddable":true,"href":"https:\/\/www.sellheads.com\/tr\/wp-json\/wp\/v2\/comments?post=77254"}],"version-history":[{"count":13,"href":"https:\/\/www.sellheads.com\/tr\/wp-json\/wp\/v2\/pages\/77254\/revisions"}],"predecessor-version":[{"id":77311,"href":"https:\/\/www.sellheads.com\/tr\/wp-json\/wp\/v2\/pages\/77254\/revisions\/77311"}],"wp:attachment":[{"href":"https:\/\/www.sellheads.com\/tr\/wp-json\/wp\/v2\/media?parent=77254"}],"curies":[{"name":"wp","href":"https:\/\/api.w.org\/{rel}","templated":true}]}}