{"id":77435,"date":"2025-09-09T11:15:54","date_gmt":"2025-09-09T11:15:54","guid":{"rendered":"https:\/\/www.sellheads.com\/?page_id=77435"},"modified":"2025-09-09T11:51:37","modified_gmt":"2025-09-09T11:51:37","slug":"furniture-interior","status":"publish","type":"page","link":"https:\/\/www.sellheads.com\/tr\/furniture-interior\/","title":{"rendered":"Furniture &#038; Interior"},"content":{"rendered":"<div class=\"wpb-content-wrapper\"><section id=\"ut-section-69f0ed25daee7\" data-section-title=\"Section Padding Bottom 0\" data-vc-full-width=\"true\" data-vc-full-width-init=\"false\" data-cursor-skin=\"global\" class=\"vc_section ut-vc-160 vc_section-has-no-fill ut-section-69f0ed25daf0b\"><div id=\"ut-row-69f0ed25dbe40\" data-vc-full-width=\"true\" data-vc-full-width-init=\"false\" class=\"vc_row wpb_row vc_row-fluid vc_column-gap-0 ut-row-69f0ed25dbe5b\" ><div class=\"wpb_column vc_column_container vc_col-sm-12\" ><div id=\"ut_inner_column_69f0ed25dceb6\" class=\"vc_column-inner\" ><div class=\"wpb_wrapper\"><div class=\"wpb_content_element\"><style type=\"text\/css\"><\/style><header id=\"ut_header_69f0ed25dd555\" class=\"section-header  ut-no-title-linebreak-mobile ut-no-lead-linebreak-mobile pt-style-2 header-center header-tablet-center header-mobile-center element-with-custom-line-height\"><div class=\"element-with-custom-line-height\" ><h2 data-title=\"Furniture &amp; Interior&#13;&#10;Efficient Sourcing with SELLHEADS\"  data-responsive-font=\"section_title\" class=\"section-title title-with-linebreak\"><span>Mobilya &amp; \u0130\u00e7 Mek\u00e2n<br \/>\nSELLHEADS ile Etkin Tedarik<\/span><\/h2><\/div><div data-delay=\"0\" class=\"lead title-with-linebreak\"><p>T\u00fcrkiye, Avrupa\u2019n\u0131n \u00f6nde gelen mobilya ve i\u00e7 mek\u00e2n \u00fcretim merkezlerinden biridir. Tedarik a\u011f\u0131m\u0131z sayesinde sizi do\u011fru \u00fcreticilerle bulu\u015fturuyoruz \u2013 seri \u00fcretimden \u00f6zel \u00e7\u00f6z\u00fcmlere kadar.<\/p>\n<\/div><\/header><\/div><\/div><\/div><\/div><\/div><div class=\"vc_row-full-width vc_clearfix\"><\/div><a data-id=\"section-without-id\" class=\"ut-vc-offset-anchor-bottom\" name=\"section-without-id\"><\/a><style type=\"text\/css\">#ut-section-69f0ed25daee7{padding-bottom: 0px !important;} <\/style><\/section><div class=\"vc_row-full-width vc_clearfix\"><\/div><section id=\"ut-section-69f0ed25e32bc\" data-vc-full-width=\"true\" data-vc-full-width-init=\"false\" data-cursor-skin=\"global\" class=\"vc_section ut-vc-160 vc_section-has-fill ut-section-69f0ed25e32d3 ut-parallax-section ut-has-element-glitch\"><div id=\"ut-parallax-69f0ed25e32e7\" data-parallax-factor=\"8\" data-background-image=\"https:\/\/www.sellheads.com\/wp-content\/uploads\/2025\/09\/sellheads_uppolstery_turkey.png?id=77278\" class=\"parallax-scroll-container parallax-scroll-container-hide ut-background-lozad\">\r\n        <div class=\"ut-element-glitch-wrap\">\r\n\r\n            \r\n        <style type=\"text\/css\">\r\n\r\n                        \r\n        @media (min-width: 1025px) {\r\n\r\n        #ut-element-glitch-69f0ed25e3486215598649- .ut-glitch-single-element {\r\n                        background-image:url(\"\"); background-position:center center !important;                        \r\n                    }\r\n        }\r\n\r\n        @media (min-width: 768px) and (max-width: 1024px) {\r\n\r\n        #ut-element-glitch-69f0ed25e3486215598649- .ut-glitch-single-element {\r\n                        background-image:url(\"\"); background-position:center center !important;                        \r\n                    }\r\n        }\r\n\r\n        @media (max-width: 767px) {\r\n\r\n        #ut-element-glitch-69f0ed25e3486215598649- .ut-glitch-single-element {\r\n                        background-image:url(\"\"); background-position:center center !important;                        \r\n                    }\r\n        }\r\n\r\n        \r\n        <\/style>\r\n\r\n        \r\n            <div id=\"ut-element-glitch-69f0ed25e3486215598649-\" class=\"ut-element-glitch ut-glitch-none ut-element-glitch-permanent ut-element-glitch-transparent ut-simple-glitch-text-permanent ut-simple-glitch-text-none-permanent\">\r\n                <div class=\"ut-glitch-single-element\" data-background-image=\"\"><\/div>\r\n                <div class=\"ut-glitch-single-element\" data-background-image=\"\"><\/div>\r\n                <div class=\"ut-glitch-single-element\" data-background-image=\"\"><\/div>\r\n                <div class=\"ut-glitch-single-element\" data-background-image=\"\"><\/div>\r\n                <div class=\"ut-glitch-single-element\" data-background-image=\"\"><\/div>\r\n            <\/div>\r\n\r\n        <\/div>\r\n\r\n        <\/div><div id=\"ut-row-69f0ed25e3f85\" data-vc-full-width=\"true\" data-vc-full-width-init=\"false\" class=\"vc_row wpb_row vc_row-fluid vc_column-gap-0 ut-row-69f0ed25e3f9d\" ><div class=\"wpb_column vc_column_container vc_col-sm-12\" ><div id=\"ut_inner_column_69f0ed25e4931\" class=\"vc_column-inner\" ><div class=\"wpb_wrapper\"><div class=\"wpb_content_element\"><style type=\"text\/css\">#ut_header_69f0ed25e4ce2 h2.section-title, #ut_header_69f0ed25e4ce2 h2.section-title span { color:#ffffff; }#ut_header_69f0ed25e4ce2 .lead { color:#ffffff; }#ut_header_69f0ed25e4ce2 .lead p { color:#ffffff; }#ut_header_69f0ed25e4ce2.pt-style-2 .page-title span:after, #ut_header_69f0ed25e4ce2.pt-style-2 .parallax-title span:after, #ut_header_69f0ed25e4ce2.pt-style-2 .section-title span:after { background-color:#ffffff !important;}<\/style><header id=\"ut_header_69f0ed25e4ce2\" class=\"section-header  ut-no-title-linebreak-mobile ut-no-lead-linebreak-mobile pt-style-2 header-left header-tablet-left header-mobile-center element-with-custom-line-height\"><div class=\"element-with-custom-line-height\" ><h2 data-title=\"From production to delivery\"  data-responsive-font=\"section_title\" class=\"section-title\"><span>\u00dcretimden teslimata<\/span><\/h2><\/div><div data-delay=\"0\" class=\"lead\"><p>SELLHEADS ile verimli ve \u015feffaf bir tedarikten yararlan\u0131rs\u0131n\u0131z. \u0130htiya\u00e7lar\u0131n\u0131za uygun \u00fcreticileri belirliyor, yerinde kalite kontrolleri yap\u0131yor ve \u00fcretimden teslimata kadar sorunsuz bir s\u00fcre\u00e7 sa\u011fl\u0131yoruz.<\/p>\n<\/div><\/header><\/div><\/div><\/div><\/div><\/div><div class=\"vc_row-full-width vc_clearfix\"><\/div><a data-id=\"section-without-id\" class=\"ut-vc-offset-anchor-bottom\" name=\"section-without-id\"><\/a><style type=\"text\/css\">#ut-section-69f0ed25e32bc{} #ut-parallax-69f0ed25e32e7 { background-position: center center; }<\/style><\/section><div class=\"vc_row-full-width vc_clearfix\"><\/div><section id=\"ut-section-69f0ed25e66d0\" data-vc-full-width=\"true\" data-vc-full-width-init=\"false\" data-cursor-skin=\"global\" class=\"vc_section ut-vc-160 vc_section-has-no-fill ut-section-69f0ed25e66e6\"><div id=\"ut-row-69f0ed25e7419\" data-vc-full-width=\"true\" data-vc-full-width-init=\"false\" class=\"vc_row wpb_row vc_row-fluid vc_column-gap-0 vc_row-o-equal-height vc_row-o-content-middle vc_row-flex ut-row-69f0ed25e7445\" ><div class=\"wpb_column vc_column_container vc_col-sm-6\" ><div id=\"ut_inner_column_69f0ed25e84ad\" class=\"vc_column-inner\" ><div class=\"wpb_wrapper\"><div data-effect=\"fadeIn\" data-animateonce=\"yes\" data-delay=\"100\" class=\"wpb_content_element ut-animate-image animated ut-no-animation-tablet ut-no-animation-mobile  clearfix\"><style type=\"text\/css\">#ut_am_69f0ed25e94e1 { opacity: 1; }#ut_am_wrap_69f0ed25e94e4 { text-align: center; }@media (min-width: 768px) and (max-width: 1024px) { #ut_am_wrap_69f0ed25e94e4 { text-align: center !important; } }@media (max-width: 767px) { #ut_am_wrap_69f0ed25e94e4 { text-align: center !important; } }<\/style><div id=\"ut_am_wrap_69f0ed25e94e4\" class=\"ut-image-gallery-image\"><div id=\"ut_reveal_69f0ed25e94e6\"  data-appear-top-offset=\"auto\" class=\"ut-animated-image-item ut-image-gallery-item ut-animation-done\"><a class=\"ut-deactivated-link\" href=\"#\"><div class=\"ut-animated-image-zoom\">\r\n        <div class=\"ut-element-glitch-wrap\">\r\n\r\n            \r\n        <style type=\"text\/css\">\r\n\r\n                        \r\n        @media (min-width: 1025px) {\r\n\r\n        #ut-element-glitch-69f0ed25e953a875052450-77095 .ut-glitch-single-element {\r\n                                            \r\n                }\r\n        }\r\n\r\n        @media (min-width: 768px) and (max-width: 1024px) {\r\n\r\n        #ut-element-glitch-69f0ed25e953a875052450-77095 .ut-glitch-single-element {\r\n                                                \r\n                    }\r\n        }\r\n\r\n        @media (max-width: 767px) {\r\n\r\n        #ut-element-glitch-69f0ed25e953a875052450-77095 .ut-glitch-single-element {\r\n                                                \r\n                    }\r\n        }\r\n\r\n        \r\n        <\/style>\r\n\r\n        \r\n            <div id=\"ut-element-glitch-69f0ed25e953a875052450-77095\" class=\"ut-element-glitch ut-glitch-none ut-element-glitch-permanent\">\r\n                <div class=\"ut-glitch-single-element ut-lozad skip-lazy\" data-background-image=\"https:\/\/www.sellheads.com\/wp-content\/uploads\/2023\/07\/4-1.jpg\"><\/div>\r\n                <div class=\"ut-glitch-single-element ut-lozad skip-lazy\" data-background-image=\"https:\/\/www.sellheads.com\/wp-content\/uploads\/2023\/07\/4-1.jpg\"><\/div>\r\n                <div class=\"ut-glitch-single-element ut-lozad skip-lazy\" data-background-image=\"https:\/\/www.sellheads.com\/wp-content\/uploads\/2023\/07\/4-1.jpg\"><\/div>\r\n                <div class=\"ut-glitch-single-element ut-lozad skip-lazy\" data-background-image=\"https:\/\/www.sellheads.com\/wp-content\/uploads\/2023\/07\/4-1.jpg\"><\/div>\r\n                <div class=\"ut-glitch-single-element ut-lozad skip-lazy\" data-background-image=\"https:\/\/www.sellheads.com\/wp-content\/uploads\/2023\/07\/4-1.jpg\"><\/div>\r\n            <\/div>\r\n\r\n        <\/div>\r\n\r\n        <img fetchpriority=\"high\" decoding=\"async\" class=\"ut-lazy skip-lazy ut-animated-image\"  id=\"ut_am_69f0ed25e94e1\" src=\"data:image\/svg+xml;charset=utf-8,%3Csvg xmlns%3D'http%3A%2F%2Fwww.w3.org%2F2000%2Fsvg' viewBox%3D'0 0 620 468'%2F%3E\" data-src=\"https:\/\/www.sellheads.com\/wp-content\/uploads\/2023\/07\/4-1.jpg\" width=\"620\" height=\"468\" alt=\"\"\/><\/div><\/a><\/div><\/div><\/div><\/div><\/div><\/div><div class=\"wpb_column vc_column_container vc_col-sm-6\" ><div id=\"ut_inner_column_69f0ed25e9b58\" class=\"vc_column-inner\" ><div class=\"wpb_wrapper\"><div class=\"wpb_content_element\"><style type=\"text\/css\"><\/style><header id=\"ut_header_69f0ed25ea057\" class=\"section-header  ut-no-title-linebreak-mobile ut-no-lead-linebreak-mobile pt-style-2 header-left header-tablet-left header-mobile-center element-with-custom-line-height\"><div class=\"element-with-custom-line-height\" ><h2 data-title=\"Our Services in Furniture &amp; Interior Sourcing:\"  data-responsive-font=\"section_title\" class=\"section-title\"><span>Mobilya &amp; \u0130\u00e7 Mek\u00e2n Tedarikindeki Hizmetlerimiz:<\/span><\/h2><\/div><div data-delay=\"0\" class=\"lead\"><p>\u2013 T\u00fcrkiye\u2019de \u00fcretici ara\u015ft\u0131rmas\u0131 &amp; tedarik\u00e7i se\u00e7imi<br \/>\n\u2013 Kayna\u011f\u0131nda kalite kontrol\u00fc &amp; \u00fcretim g\u00f6zetimi<br \/>\n\u2013 Tasar\u0131m &amp; \u00f6zel \u00fcretim deste\u011fi<br \/>\n\u2013 Nakliye, g\u00fcmr\u00fckleme &amp; lojistik<br \/>\n\u2013 Malzemeler, s\u00fcrd\u00fcr\u00fclebilirlik &amp; uluslararas\u0131 standartlar konusunda dan\u0131\u015fmanl\u0131k<\/p>\n<\/div><\/header><\/div><div class=\"wpb_content_element  vc_custom_1757418269873\"><style type=\"text\/css\"><\/style><header id=\"ut_header_69f0ed25eb1d0\" class=\"section-header  ut-no-title-linebreak-mobile ut-no-lead-linebreak-mobile pt-style-2 header-left header-tablet-left header-mobile-center element-with-custom-line-height\"><div data-delay=\"0\" class=\"lead\"><p>\u0130ster oturma &amp; yemek odas\u0131, d\u00f6\u015femeli mobilya, yatak odas\u0131, d\u0131\u015f mek\u00e2n ya da dekoratif aksesuarlar olsun \u2013 tasar\u0131m, kalite ve maliyetin ihtiya\u00e7lar\u0131n\u0131za uygun olmas\u0131n\u0131 sa\u011fl\u0131yoruz. SELLHEADS ile mobilya &amp; i\u00e7 mek\u00e2n tedariki, rekabet avantaj\u0131n\u0131za d\u00f6n\u00fc\u015f\u00fcr: verimli, g\u00fcvenilir ve uluslararas\u0131 \u00f6l\u00e7ekte uygulanabilir.<\/p>\n<\/div><\/header><\/div><\/div><\/div><\/div><\/div><div class=\"vc_row-full-width vc_clearfix\"><\/div><a data-id=\"section-without-id\" class=\"ut-vc-offset-anchor-bottom\" name=\"section-without-id\"><\/a><\/section><div class=\"vc_row-full-width vc_clearfix\"><\/div><section id=\"ut-section-69f0ed25ecc77\" data-vc-full-width=\"true\" data-vc-full-width-init=\"false\" data-cursor-skin=\"global\" class=\"vc_section ut-vc-160 vc_section-has-no-fill ut-section-69f0ed25ecc8c\"><div id=\"ut-row-69f0ed25ed6f8\" data-vc-full-width=\"true\" data-vc-full-width-init=\"false\" class=\"vc_row wpb_row vc_row-fluid vc_column-gap-0 ut-row-69f0ed25ed70c\" ><div class=\"wpb_column vc_column_container vc_col-sm-12\" ><div id=\"ut_inner_column_69f0ed25ee00c\" class=\"vc_column-inner\" ><div class=\"wpb_wrapper\"><div class=\"wpb_content_element\"><style class=\"bklyn-inline-styles\" type=\"text\/css\">#ut_scb_69f0ed25ee18d.ut-project-sc { border-color: #dddddd; }#ut_scb_69f0ed25ee18d .ut-share-link { color: #999999; }#ut_scb_69f0ed25ee18d .ut-share-link:visited { color: #999999; }#ut_scb_69f0ed25ee18d .ut-share-link:hover { color: rgba(25, 181, 254, 1); }#ut_scb_69f0ed25ee18d .ut-share-link:focus { color: rgba(25, 181, 254, 1); }#ut_scb_69f0ed25ee18d .ut-share-link:active { color: rgba(25, 181, 254, 1); }<\/style><ul id=\"ut_scb_69f0ed25ee18d\" class=\"ut-project-sc clearfix  ut-project-sc-center ut-project-sc-tablet-center ut-project-sc-mobile-center\"><li><h6 class=\"widget-title\"><span>PAYLA\u015e:<\/span><\/h6><\/li><li><a class=\"ut-share-link sc-facebook\" data-social=\"utsharefacebook\"><i class=\"fa fa-facebook\"><\/i><\/a><\/li><li><a class=\"ut-share-link sc-twitter\" data-social=\"utsharetwitter\"><i class=\"fa-brands fa-x-twitter\"><\/i><\/a><\/li><li><a class=\"ut-share-link sc-linkedin\" data-social=\"utsharelinkedin\"><i class=\"fa fa-linkedin\"><\/i><\/a><\/li><li><a class=\"ut-share-link sc-pinterest\" data-social=\"utsharepinterest\"><i class=\"fa fa-pinterest\"><\/i><\/a><\/li><li><a class=\"ut-share-link sc-xing\" data-social=\"utsharexing\"><i class=\"fa fa-xing\"><\/i><\/a><\/li><\/ul><\/div><\/div><\/div><\/div><\/div><div class=\"vc_row-full-width vc_clearfix\"><\/div><a data-id=\"section-without-id\" class=\"ut-vc-offset-anchor-bottom\" name=\"section-without-id\"><\/a><\/section><div class=\"vc_row-full-width vc_clearfix\"><\/div>\n<\/div>","protected":false},"excerpt":{"rendered":"Furniture &amp; Interior Efficient Sourcing with SELLHEADSTurkey is one of the leading production hubs for furniture and interior products in Europe. Through our sourcing network, we connect you with the right manufacturers \u2013 from large-scale production to customized special solutions. From production to deliveryWith SELLHEADS, you benefit from efficient and transparent procurement. We identify the [...]","protected":false},"author":1,"featured_media":0,"parent":0,"menu_order":0,"comment_status":"closed","ping_status":"closed","template":"","meta":{"footnotes":""},"class_list":["post-77435","page","type-page","status-publish","hentry"],"_links":{"self":[{"href":"https:\/\/www.sellheads.com\/tr\/wp-json\/wp\/v2\/pages\/77435","targetHints":{"allow":["GET"]}}],"collection":[{"href":"https:\/\/www.sellheads.com\/tr\/wp-json\/wp\/v2\/pages"}],"about":[{"href":"https:\/\/www.sellheads.com\/tr\/wp-json\/wp\/v2\/types\/page"}],"author":[{"embeddable":true,"href":"https:\/\/www.sellheads.com\/tr\/wp-json\/wp\/v2\/users\/1"}],"replies":[{"embeddable":true,"href":"https:\/\/www.sellheads.com\/tr\/wp-json\/wp\/v2\/comments?post=77435"}],"version-history":[{"count":26,"href":"https:\/\/www.sellheads.com\/tr\/wp-json\/wp\/v2\/pages\/77435\/revisions"}],"predecessor-version":[{"id":77461,"href":"https:\/\/www.sellheads.com\/tr\/wp-json\/wp\/v2\/pages\/77435\/revisions\/77461"}],"wp:attachment":[{"href":"https:\/\/www.sellheads.com\/tr\/wp-json\/wp\/v2\/media?parent=77435"}],"curies":[{"name":"wp","href":"https:\/\/api.w.org\/{rel}","templated":true}]}}